{"id":4891,"date":"2025-03-27T08:11:01","date_gmt":"2025-03-27T08:11:01","guid":{"rendered":"https:\/\/ecosentec.com\/?post_type=product&#038;p=4891"},"modified":"2025-04-02T07:44:04","modified_gmt":"2025-04-02T07:44:04","slug":"estacao-meteorologica-ultrassonica-de-baixo-custo","status":"publish","type":"product","link":"https:\/\/ecosentec.com\/pt\/produto\/estacao-meteorologica-ultrassonica-de-baixo-custo\/","title":{"rendered":"Esta\u00e7\u00e3o meteorol\u00f3gica ultrass\u00f4nica de baixo custo ES-W1002"},"content":{"rendered":"<p class=\"p1\">A esta\u00e7\u00e3o meteorol\u00f3gica integrada ES-W1002 pode ser amplamente utilizada em detec\u00e7\u00e3o ambiental, integrando velocidade e dire\u00e7\u00e3o do vento, temperatura e umidade, coleta de ru\u00eddo, PM2,5 e PM10, CO2, press\u00e3o atmosf\u00e9rica e luminosidade. O equipamento adota o protocolo de comunica\u00e7\u00e3o padr\u00e3o ModBus-RTU e sa\u00edda de sinal RS485. A dist\u00e2ncia de comunica\u00e7\u00e3o pode atingir at\u00e9 2.000 metros. Os dados podem ser carregados no software de monitoramento do cliente ou na tela de configura\u00e7\u00e3o do PLC por meio de comunica\u00e7\u00e3o 485, e tamb\u00e9m suporta desenvolvimento secund\u00e1rio.<\/p>\n<p class=\"p1\">O equipamento com sele\u00e7\u00e3o de b\u00fassola eletr\u00f4nica integrada n\u00e3o possui mais os requisitos de orienta\u00e7\u00e3o durante a instala\u00e7\u00e3o, necessitando apenas de instala\u00e7\u00e3o horizontal. \u00c9 adequado para uso em situa\u00e7\u00f5es m\u00f3veis, como navios e transporte rodovi\u00e1rio, e n\u00e3o h\u00e1 necessidade de orienta\u00e7\u00e3o durante a instala\u00e7\u00e3o.<\/p>\n<p class=\"p1\">\u00c9 amplamente utilizado em diversas ocasi\u00f5es em que \u00e9 necess\u00e1rio medir temperatura e umidade ambiente, ru\u00eddo, qualidade do ar, CO2, press\u00e3o atmosf\u00e9rica, luz, etc. \u00c9 seguro e confi\u00e1vel, f\u00e1cil de instalar e dur\u00e1vel.<\/p>","protected":false},"excerpt":{"rendered":"<p>A esta\u00e7\u00e3o meteorol\u00f3gica integrada ES-W1002 pode ser amplamente utilizada em detec\u00e7\u00e3o ambiental, integrando velocidade e dire\u00e7\u00e3o do vento, temperatura e umidade, coleta de ru\u00eddo, PM2,5 e PM10, CO2, press\u00e3o atmosf\u00e9rica e luz. O equipamento adota o protocolo de comunica\u00e7\u00e3o padr\u00e3o ModBus-RTU e sa\u00edda de sinal RS485.<\/p>","protected":false},"featured_media":5816,"template":"","meta":{"om_disable_all_campaigns":false,"_monsterinsights_skip_tracking":false,"_monsterinsights_sitenote_active":false,"_monsterinsights_sitenote_note":"","_monsterinsights_sitenote_category":0,"site-sidebar-layout":"default","site-content-layout":"default","ast-site-content-layout":"default","site-content-style":"default","site-sidebar-style":"default","ast-global-header-display":"","ast-banner-title-visibility":"","ast-main-header-display":"","ast-hfb-above-header-display":"","ast-hfb-below-header-display":"","ast-hfb-mobile-header-display":"","site-post-title":"","ast-breadcrumbs-content":"","ast-featured-img":"","footer-sml-layout":"","ast-disable-related-posts":"","theme-transparent-header-meta":"default","adv-header-id-meta":"","stick-header-meta":"","header-above-stick-meta":"","header-main-stick-meta":"","header-below-stick-meta":"","astra-migrate-meta-layouts":"set","ast-page-background-enabled":"default","ast-page-background-meta":{"desktop":{"background-color":"","background-image":"","background-repeat":"repeat","background-position":"center center","background-size":"auto","background-attachment":"scroll","background-type":"","background-media":"","overlay-type":"","overlay-color":"","overlay-opacity":"","overlay-gradient":""},"tablet":{"background-color":"","background-image":"","background-repeat":"repeat","background-position":"center center","background-size":"auto","background-attachment":"scroll","background-type":"","background-media":"","overlay-type":"","overlay-color":"","overlay-opacity":"","overlay-gradient":""},"mobile":{"background-color":"","background-image":"","background-repeat":"repeat","background-position":"center center","background-size":"auto","background-attachment":"scroll","background-type":"","background-media":"","overlay-type":"","overlay-color":"","overlay-opacity":"","overlay-gradient":""}},"ast-content-background-meta":{"desktop":{"background-color":"var(--ast-global-color-5)","background-image":"","background-repeat":"repeat","background-position":"center center","background-size":"auto","background-attachment":"scroll","background-type":"","background-media":"","overlay-type":"","overlay-color":"","overlay-opacity":"","overlay-gradient":""},"tablet":{"background-color":"var(--ast-global-color-5)","background-image":"","background-repeat":"repeat","background-position":"center center","background-size":"auto","background-attachment":"scroll","background-type":"","background-media":"","overlay-type":"","overlay-color":"","overlay-opacity":"","overlay-gradient":""},"mobile":{"background-color":"var(--ast-global-color-5)","background-image":"","background-repeat":"repeat","background-position":"center center","background-size":"auto","background-attachment":"scroll","background-type":"","background-media":"","overlay-type":"","overlay-color":"","overlay-opacity":"","overlay-gradient":""}},"_joinchat":[]},"product_brand":[],"product_cat":[87,86],"product_tag":[],"class_list":{"0":"post-4891","1":"product","2":"type-product","3":"status-publish","4":"has-post-thumbnail","6":"product_cat-ultrasonic-weather-station","7":"product_cat-weather-station","8":"desktop-align-left","9":"tablet-align-left","10":"mobile-align-left","12":"first","13":"instock","14":"shipping-taxable","15":"purchasable","16":"product-type-simple"},"jetpack_sharing_enabled":true,"_links":{"self":[{"href":"https:\/\/ecosentec.com\/pt\/wp-json\/wp\/v2\/product\/4891","targetHints":{"allow":["GET"]}}],"collection":[{"href":"https:\/\/ecosentec.com\/pt\/wp-json\/wp\/v2\/product"}],"about":[{"href":"https:\/\/ecosentec.com\/pt\/wp-json\/wp\/v2\/types\/product"}],"version-history":[{"count":2,"href":"https:\/\/ecosentec.com\/pt\/wp-json\/wp\/v2\/product\/4891\/revisions"}],"predecessor-version":[{"id":5819,"href":"https:\/\/ecosentec.com\/pt\/wp-json\/wp\/v2\/product\/4891\/revisions\/5819"}],"wp:featuredmedia":[{"embeddable":true,"href":"https:\/\/ecosentec.com\/pt\/wp-json\/wp\/v2\/media\/5816"}],"wp:attachment":[{"href":"https:\/\/ecosentec.com\/pt\/wp-json\/wp\/v2\/media?parent=4891"}],"wp:term":[{"taxonomy":"product_brand","embeddable":true,"href":"https:\/\/ecosentec.com\/pt\/wp-json\/wp\/v2\/product_brand?post=4891"},{"taxonomy":"product_cat","embeddable":true,"href":"https:\/\/ecosentec.com\/pt\/wp-json\/wp\/v2\/product_cat?post=4891"},{"taxonomy":"product_tag","embeddable":true,"href":"https:\/\/ecosentec.com\/pt\/wp-json\/wp\/v2\/product_tag?post=4891"}],"curies":[{"name":"wp","href":"https:\/\/api.w.org\/{rel}","templated":true}]}}