{"id":4890,"date":"2025-03-27T08:11:01","date_gmt":"2025-03-27T08:11:01","guid":{"rendered":"https:\/\/ecosentec.com\/?post_type=product&#038;p=4890"},"modified":"2025-07-08T07:44:53","modified_gmt":"2025-07-08T07:44:53","slug":"sensor-de-gas-lcd-de-cristal-liquido","status":"publish","type":"product","link":"https:\/\/ecosentec.com\/pt\/produto\/sensor-de-gas-lcd-de-cristal-liquido\/","title":{"rendered":"Sensor de g\u00e1s LCD de cristal l\u00edquido ES-G334"},"content":{"rendered":"<p class=\"p1\">Sensor de g\u00e1s LCD de cristal l\u00edquido ES-G334 usado para detectar os par\u00e2metros de concentra\u00e7\u00e3o de g\u00e1s no ar ambiente. Quando a concentra\u00e7\u00e3o excede o valor de alarme predefinido, ele emite sinais sonoros e luminosos para lembrar os usu\u00e1rios de tomar medidas de seguran\u00e7a oportunas para evitar explos\u00f5es e acidentes com envenenamento, garantindo a seguran\u00e7a de vidas e propriedades.<\/p>\n<p class=\"p1\">O transmissor de g\u00e1s ES-G334 adota o sensor eletroqu\u00edmico de uma grande marca, que possui as caracter\u00edsticas de resposta r\u00e1pida e sens\u00edvel e forte capacidade antiparasit\u00e1ria. Gra\u00e7as ao algoritmo de compensa\u00e7\u00e3o exclusivo da nossa empresa e \u00e0 calibra\u00e7\u00e3o de g\u00e1s padr\u00e3o em v\u00e1rios est\u00e1gios, ele tamb\u00e9m possui longa vida \u00fatil, alta precis\u00e3o, alta repetibilidade e caracter\u00edsticas de alta estabilidade, com amplo visor LCD.<\/p>\n<p class=\"p1\">O transmissor de g\u00e1s ES-G334 adota ampla fonte de alimenta\u00e7\u00e3o de 10-30 V CC, sa\u00edda de sinal 485, protocolo de comunica\u00e7\u00e3o padr\u00e3o Modbus-RTU, endere\u00e7o ModBus pode ser definido, taxa de transmiss\u00e3o pode ser alterada, a dist\u00e2ncia de comunica\u00e7\u00e3o \u00e9 de at\u00e9 2.000 metros.<\/p>","protected":false},"excerpt":{"rendered":"<p>Sensor de g\u00e1s LCD de cristal l\u00edquido ES-G334 usado para detectar os par\u00e2metros de concentra\u00e7\u00e3o de g\u00e1s no ar ambiente. Quando a concentra\u00e7\u00e3o excede o valor de alarme predefinido, ele emite sinais sonoros e luminosos para lembrar os usu\u00e1rios de tomar medidas de seguran\u00e7a oportunas para evitar explos\u00f5es e acidentes com envenenamento, garantindo a seguran\u00e7a de vidas e propriedades.<\/p>","protected":false},"featured_media":6100,"template":"","meta":{"om_disable_all_campaigns":false,"_monsterinsights_skip_tracking":false,"_monsterinsights_sitenote_active":false,"_monsterinsights_sitenote_note":"","_monsterinsights_sitenote_category":0,"site-sidebar-layout":"default","site-content-layout":"default","ast-site-content-layout":"default","site-content-style":"default","site-sidebar-style":"default","ast-global-header-display":"","ast-banner-title-visibility":"","ast-main-header-display":"","ast-hfb-above-header-display":"","ast-hfb-below-header-display":"","ast-hfb-mobile-header-display":"","site-post-title":"","ast-breadcrumbs-content":"","ast-featured-img":"","footer-sml-layout":"","ast-disable-related-posts":"","theme-transparent-header-meta":"default","adv-header-id-meta":"","stick-header-meta":"","header-above-stick-meta":"","header-main-stick-meta":"","header-below-stick-meta":"","astra-migrate-meta-layouts":"set","ast-page-background-enabled":"default","ast-page-background-meta":{"desktop":{"background-color":"","background-image":"","background-repeat":"repeat","background-position":"center center","background-size":"auto","background-attachment":"scroll","background-type":"","background-media":"","overlay-type":"","overlay-color":"","overlay-opacity":"","overlay-gradient":""},"tablet":{"background-color":"","background-image":"","background-repeat":"repeat","background-position":"center center","background-size":"auto","background-attachment":"scroll","background-type":"","background-media":"","overlay-type":"","overlay-color":"","overlay-opacity":"","overlay-gradient":""},"mobile":{"background-color":"","background-image":"","background-repeat":"repeat","background-position":"center center","background-size":"auto","background-attachment":"scroll","background-type":"","background-media":"","overlay-type":"","overlay-color":"","overlay-opacity":"","overlay-gradient":""}},"ast-content-background-meta":{"desktop":{"background-color":"var(--ast-global-color-5)","background-image":"","background-repeat":"repeat","background-position":"center center","background-size":"auto","background-attachment":"scroll","background-type":"","background-media":"","overlay-type":"","overlay-color":"","overlay-opacity":"","overlay-gradient":""},"tablet":{"background-color":"var(--ast-global-color-5)","background-image":"","background-repeat":"repeat","background-position":"center center","background-size":"auto","background-attachment":"scroll","background-type":"","background-media":"","overlay-type":"","overlay-color":"","overlay-opacity":"","overlay-gradient":""},"mobile":{"background-color":"var(--ast-global-color-5)","background-image":"","background-repeat":"repeat","background-position":"center center","background-size":"auto","background-attachment":"scroll","background-type":"","background-media":"","overlay-type":"","overlay-color":"","overlay-opacity":"","overlay-gradient":""}},"_joinchat":[]},"product_brand":[],"product_cat":[89,93],"product_tag":[297,301],"class_list":{"0":"post-4890","1":"product","2":"type-product","3":"status-publish","4":"has-post-thumbnail","6":"product_cat-ambient-sensor","7":"product_cat-gas-concentration-sensor","8":"product_tag-air-quality","9":"product_tag-ambient-sensor","10":"desktop-align-left","11":"tablet-align-left","12":"mobile-align-left","14":"first","15":"instock","16":"shipping-taxable","17":"purchasable","18":"product-type-simple"},"jetpack_sharing_enabled":true,"_links":{"self":[{"href":"https:\/\/ecosentec.com\/pt\/wp-json\/wp\/v2\/product\/4890","targetHints":{"allow":["GET"]}}],"collection":[{"href":"https:\/\/ecosentec.com\/pt\/wp-json\/wp\/v2\/product"}],"about":[{"href":"https:\/\/ecosentec.com\/pt\/wp-json\/wp\/v2\/types\/product"}],"version-history":[{"count":4,"href":"https:\/\/ecosentec.com\/pt\/wp-json\/wp\/v2\/product\/4890\/revisions"}],"predecessor-version":[{"id":6103,"href":"https:\/\/ecosentec.com\/pt\/wp-json\/wp\/v2\/product\/4890\/revisions\/6103"}],"wp:featuredmedia":[{"embeddable":true,"href":"https:\/\/ecosentec.com\/pt\/wp-json\/wp\/v2\/media\/6100"}],"wp:attachment":[{"href":"https:\/\/ecosentec.com\/pt\/wp-json\/wp\/v2\/media?parent=4890"}],"wp:term":[{"taxonomy":"product_brand","embeddable":true,"href":"https:\/\/ecosentec.com\/pt\/wp-json\/wp\/v2\/product_brand?post=4890"},{"taxonomy":"product_cat","embeddable":true,"href":"https:\/\/ecosentec.com\/pt\/wp-json\/wp\/v2\/product_cat?post=4890"},{"taxonomy":"product_tag","embeddable":true,"href":"https:\/\/ecosentec.com\/pt\/wp-json\/wp\/v2\/product_tag?post=4890"}],"curies":[{"name":"wp","href":"https:\/\/api.w.org\/{rel}","templated":true}]}}