{"id":4836,"date":"2025-03-27T08:10:01","date_gmt":"2025-03-27T08:10:01","guid":{"rendered":"https:\/\/ecosentec.com\/?post_type=product&#038;p=4836"},"modified":"2025-06-26T09:33:30","modified_gmt":"2025-06-26T09:33:30","slug":"sensor-de-gas-montado-na-parede","status":"publish","type":"product","link":"https:\/\/ecosentec.com\/pt\/produto\/sensor-de-gas-montado-na-parede\/","title":{"rendered":"Sensor de g\u00e1s de CO2,NH3,H2,CO,H2S,CH4,NO2,SO2,O3,O2,PH3,TVOC,CH2O montado na parede ES-GXXX"},"content":{"rendered":"<p class=\"p1\">Os sensores de g\u00e1s da s\u00e9rie ES-GXXX incluem sensor de mon\u00f3xido de carbono, sensor de di\u00f3xido de carbono, sensor de di\u00f3xido de carbono sem fio, sensor industrial de di\u00f3xido de carbono montado na parede, sensor de oxig\u00eanio, sensor de oz\u00f4nio, sensor de hexafluoreto de enxofre, sensor de sulfeto de hidrog\u00eanio, sensor de am\u00f4nia, sensor de di\u00f3xido de enxofre, sensor de di\u00f3xido de nitrog\u00eanio, sensor TVOC, sensor de fosfina, sensor de hidrog\u00eanio, sensor de metano, sensor de formalde\u00eddo, etc.<\/p>\n<p class=\"p1\">Os transmissores de g\u00e1s da s\u00e9rie ES-GXXX utilizam sensores importados, que possuem as caracter\u00edsticas de alta velocidade de resposta e forte capacidade antiparasit\u00e1ria. Alta precis\u00e3o, alta repetibilidade e alta estabilidade. O equipamento adota um design de inv\u00f3lucro \u00e0 prova d&#039;\u00e1gua e instala\u00e7\u00e3o na parede. Pode ser equipado com uma tela OLED de alta qualidade, e o valor pode ser visualizado diretamente no local. Adota um design de circuito antiparasit\u00e1rio e pode suportar diversas interfer\u00eancias eletromagn\u00e9ticas fortes, como conversores de frequ\u00eancia no local.<\/p>\n<p class=\"p1\">Eles suportam m\u00faltiplas sa\u00eddas de sinal, como RS485 e anal\u00f3gico (4~20mA\/0~10V\/0~5V).<\/p>","protected":false},"excerpt":{"rendered":"<p>Os sensores de g\u00e1s da s\u00e9rie ES-GXXX incluem sensor de mon\u00f3xido de carbono, sensor de di\u00f3xido de carbono, sensor de di\u00f3xido de carbono sem fio, sensor industrial de di\u00f3xido de carbono montado na parede, sensor de oxig\u00eanio, sensor de oz\u00f4nio, sensor de hexafluoreto de enxofre, sensor de sulfeto de hidrog\u00eanio, sensor de am\u00f4nia, sensor de di\u00f3xido de enxofre, sensor de di\u00f3xido de nitrog\u00eanio, sensor TVOC, sensor de fosfina, sensor de hidrog\u00eanio, sensor de metano, sensor de formalde\u00eddo, etc.<\/p>","protected":false},"featured_media":6074,"template":"","meta":{"om_disable_all_campaigns":false,"_monsterinsights_skip_tracking":false,"_monsterinsights_sitenote_active":false,"_monsterinsights_sitenote_note":"","_monsterinsights_sitenote_category":0,"site-sidebar-layout":"default","site-content-layout":"default","ast-site-content-layout":"default","site-content-style":"default","site-sidebar-style":"default","ast-global-header-display":"","ast-banner-title-visibility":"","ast-main-header-display":"","ast-hfb-above-header-display":"","ast-hfb-below-header-display":"","ast-hfb-mobile-header-display":"","site-post-title":"","ast-breadcrumbs-content":"","ast-featured-img":"","footer-sml-layout":"","ast-disable-related-posts":"","theme-transparent-header-meta":"default","adv-header-id-meta":"","stick-header-meta":"","header-above-stick-meta":"","header-main-stick-meta":"","header-below-stick-meta":"","astra-migrate-meta-layouts":"set","ast-page-background-enabled":"default","ast-page-background-meta":{"desktop":{"background-color":"","background-image":"","background-repeat":"repeat","background-position":"center center","background-size":"auto","background-attachment":"scroll","background-type":"","background-media":"","overlay-type":"","overlay-color":"","overlay-opacity":"","overlay-gradient":""},"tablet":{"background-color":"","background-image":"","background-repeat":"repeat","background-position":"center center","background-size":"auto","background-attachment":"scroll","background-type":"","background-media":"","overlay-type":"","overlay-color":"","overlay-opacity":"","overlay-gradient":""},"mobile":{"background-color":"","background-image":"","background-repeat":"repeat","background-position":"center center","background-size":"auto","background-attachment":"scroll","background-type":"","background-media":"","overlay-type":"","overlay-color":"","overlay-opacity":"","overlay-gradient":""}},"ast-content-background-meta":{"desktop":{"background-color":"var(--ast-global-color-5)","background-image":"","background-repeat":"repeat","background-position":"center center","background-size":"auto","background-attachment":"scroll","background-type":"","background-media":"","overlay-type":"","overlay-color":"","overlay-opacity":"","overlay-gradient":""},"tablet":{"background-color":"var(--ast-global-color-5)","background-image":"","background-repeat":"repeat","background-position":"center center","background-size":"auto","background-attachment":"scroll","background-type":"","background-media":"","overlay-type":"","overlay-color":"","overlay-opacity":"","overlay-gradient":""},"mobile":{"background-color":"var(--ast-global-color-5)","background-image":"","background-repeat":"repeat","background-position":"center center","background-size":"auto","background-attachment":"scroll","background-type":"","background-media":"","overlay-type":"","overlay-color":"","overlay-opacity":"","overlay-gradient":""}},"_joinchat":[]},"product_brand":[],"product_cat":[89,93],"product_tag":[297,298],"class_list":{"0":"post-4836","1":"product","2":"type-product","3":"status-publish","4":"has-post-thumbnail","6":"product_cat-ambient-sensor","7":"product_cat-gas-concentration-sensor","8":"product_tag-air-quality","9":"product_tag-gas-detector","10":"desktop-align-left","11":"tablet-align-left","12":"mobile-align-left","14":"first","15":"instock","16":"shipping-taxable","17":"purchasable","18":"product-type-simple"},"jetpack_sharing_enabled":true,"_links":{"self":[{"href":"https:\/\/ecosentec.com\/pt\/wp-json\/wp\/v2\/product\/4836","targetHints":{"allow":["GET"]}}],"collection":[{"href":"https:\/\/ecosentec.com\/pt\/wp-json\/wp\/v2\/product"}],"about":[{"href":"https:\/\/ecosentec.com\/pt\/wp-json\/wp\/v2\/types\/product"}],"version-history":[{"count":3,"href":"https:\/\/ecosentec.com\/pt\/wp-json\/wp\/v2\/product\/4836\/revisions"}],"predecessor-version":[{"id":6078,"href":"https:\/\/ecosentec.com\/pt\/wp-json\/wp\/v2\/product\/4836\/revisions\/6078"}],"wp:featuredmedia":[{"embeddable":true,"href":"https:\/\/ecosentec.com\/pt\/wp-json\/wp\/v2\/media\/6074"}],"wp:attachment":[{"href":"https:\/\/ecosentec.com\/pt\/wp-json\/wp\/v2\/media?parent=4836"}],"wp:term":[{"taxonomy":"product_brand","embeddable":true,"href":"https:\/\/ecosentec.com\/pt\/wp-json\/wp\/v2\/product_brand?post=4836"},{"taxonomy":"product_cat","embeddable":true,"href":"https:\/\/ecosentec.com\/pt\/wp-json\/wp\/v2\/product_cat?post=4836"},{"taxonomy":"product_tag","embeddable":true,"href":"https:\/\/ecosentec.com\/pt\/wp-json\/wp\/v2\/product_tag?post=4836"}],"curies":[{"name":"wp","href":"https:\/\/api.w.org\/{rel}","templated":true}]}}