{"id":4832,"date":"2025-03-27T08:10:00","date_gmt":"2025-03-27T08:10:00","guid":{"rendered":"https:\/\/ecosentec.com\/?post_type=product&#038;p=4832"},"modified":"2025-04-10T10:37:21","modified_gmt":"2025-04-10T10:37:21","slug":"transmissor-multielemento-montado-na-parede","status":"publish","type":"product","link":"https:\/\/ecosentec.com\/pt\/produto\/transmissor-multielemento-montado-na-parede\/","title":{"rendered":"Transmissor multielemento de parede ES-A240U"},"content":{"rendered":"<p class=\"p1\">Os sensores de ar e g\u00e1s ES-A240U usam sensores digitais importados de temperatura e umidade, que s\u00e3o calibrados com precis\u00e3o durante a produ\u00e7\u00e3o, e os dados de calibra\u00e7\u00e3o s\u00e3o armazenados na mem\u00f3ria interna.<\/p>\n<p class=\"p1\">Este sensor possui caracter\u00edsticas de sa\u00edda digital e \u00e9 totalmente intercambi\u00e1vel. N\u00e3o requer processos complexos de verifica\u00e7\u00e3o e calibra\u00e7\u00e3o e apresenta excelente desempenho em precis\u00e3o de medi\u00e7\u00e3o, linearidade, repetibilidade, intercambiabilidade e consist\u00eancia.<\/p>\n<p class=\"p1\">O transmissor multielemento montado na parede ES-A240U pode ser amplamente utilizado em v\u00e1rios monitoramentos ambientais e pode monitorar temperatura e umidade, press\u00e3o atmosf\u00e9rica, PM, CO2, TVOC, ru\u00eddo, formalde\u00eddo e outros fatores.<\/p>\n<p class=\"p1\">Tamb\u00e9m possui uma variedade de m\u00e9todos de sa\u00edda de sinal, o que o torna conveniente para uso em diversos ambientes. \u00c9 seguro e confi\u00e1vel, com design compacto, f\u00e1cil de instalar e dur\u00e1vel.<\/p>","protected":false},"excerpt":{"rendered":"<p>O transmissor multielemento montado na parede ES-A240U pode ser amplamente utilizado em v\u00e1rios monitoramentos ambientais e pode monitorar temperatura e umidade, press\u00e3o atmosf\u00e9rica, PM, CO2, TVOC, ru\u00eddo, formalde\u00eddo e outros fatores.<\/p>","protected":false},"featured_media":6049,"template":"","meta":{"om_disable_all_campaigns":false,"_monsterinsights_skip_tracking":false,"_monsterinsights_sitenote_active":false,"_monsterinsights_sitenote_note":"","_monsterinsights_sitenote_category":0,"site-sidebar-layout":"default","site-content-layout":"default","ast-site-content-layout":"default","site-content-style":"default","site-sidebar-style":"default","ast-global-header-display":"","ast-banner-title-visibility":"","ast-main-header-display":"","ast-hfb-above-header-display":"","ast-hfb-below-header-display":"","ast-hfb-mobile-header-display":"","site-post-title":"","ast-breadcrumbs-content":"","ast-featured-img":"","footer-sml-layout":"","ast-disable-related-posts":"","theme-transparent-header-meta":"default","adv-header-id-meta":"","stick-header-meta":"","header-above-stick-meta":"","header-main-stick-meta":"","header-below-stick-meta":"","astra-migrate-meta-layouts":"set","ast-page-background-enabled":"default","ast-page-background-meta":{"desktop":{"background-color":"","background-image":"","background-repeat":"repeat","background-position":"center center","background-size":"auto","background-attachment":"scroll","background-type":"","background-media":"","overlay-type":"","overlay-color":"","overlay-opacity":"","overlay-gradient":""},"tablet":{"background-color":"","background-image":"","background-repeat":"repeat","background-position":"center center","background-size":"auto","background-attachment":"scroll","background-type":"","background-media":"","overlay-type":"","overlay-color":"","overlay-opacity":"","overlay-gradient":""},"mobile":{"background-color":"","background-image":"","background-repeat":"repeat","background-position":"center center","background-size":"auto","background-attachment":"scroll","background-type":"","background-media":"","overlay-type":"","overlay-color":"","overlay-opacity":"","overlay-gradient":""}},"ast-content-background-meta":{"desktop":{"background-color":"var(--ast-global-color-5)","background-image":"","background-repeat":"repeat","background-position":"center center","background-size":"auto","background-attachment":"scroll","background-type":"","background-media":"","overlay-type":"","overlay-color":"","overlay-opacity":"","overlay-gradient":""},"tablet":{"background-color":"var(--ast-global-color-5)","background-image":"","background-repeat":"repeat","background-position":"center center","background-size":"auto","background-attachment":"scroll","background-type":"","background-media":"","overlay-type":"","overlay-color":"","overlay-opacity":"","overlay-gradient":""},"mobile":{"background-color":"var(--ast-global-color-5)","background-image":"","background-repeat":"repeat","background-position":"center center","background-size":"auto","background-attachment":"scroll","background-type":"","background-media":"","overlay-type":"","overlay-color":"","overlay-opacity":"","overlay-gradient":""}},"_joinchat":[]},"product_brand":[],"product_cat":[91,97,89,259,93,92,90],"product_tag":[],"class_list":{"0":"post-4832","1":"product","2":"type-product","3":"status-publish","4":"has-post-thumbnail","6":"product_cat-air-quality-pm-sensor","7":"product_cat-all-in-one-ambient-sensor","8":"product_cat-ambient-sensor","9":"product_cat-barometric-pressure-sensor","10":"product_cat-gas-concentration-sensor","11":"product_cat-noise-sensor","12":"product_cat-temperature-humidity-sensor","13":"desktop-align-left","14":"tablet-align-left","15":"mobile-align-left","17":"first","18":"instock","19":"shipping-taxable","20":"purchasable","21":"product-type-simple"},"jetpack_sharing_enabled":true,"_links":{"self":[{"href":"https:\/\/ecosentec.com\/pt\/wp-json\/wp\/v2\/product\/4832","targetHints":{"allow":["GET"]}}],"collection":[{"href":"https:\/\/ecosentec.com\/pt\/wp-json\/wp\/v2\/product"}],"about":[{"href":"https:\/\/ecosentec.com\/pt\/wp-json\/wp\/v2\/types\/product"}],"version-history":[{"count":2,"href":"https:\/\/ecosentec.com\/pt\/wp-json\/wp\/v2\/product\/4832\/revisions"}],"predecessor-version":[{"id":6045,"href":"https:\/\/ecosentec.com\/pt\/wp-json\/wp\/v2\/product\/4832\/revisions\/6045"}],"wp:featuredmedia":[{"embeddable":true,"href":"https:\/\/ecosentec.com\/pt\/wp-json\/wp\/v2\/media\/6049"}],"wp:attachment":[{"href":"https:\/\/ecosentec.com\/pt\/wp-json\/wp\/v2\/media?parent=4832"}],"wp:term":[{"taxonomy":"product_brand","embeddable":true,"href":"https:\/\/ecosentec.com\/pt\/wp-json\/wp\/v2\/product_brand?post=4832"},{"taxonomy":"product_cat","embeddable":true,"href":"https:\/\/ecosentec.com\/pt\/wp-json\/wp\/v2\/product_cat?post=4832"},{"taxonomy":"product_tag","embeddable":true,"href":"https:\/\/ecosentec.com\/pt\/wp-json\/wp\/v2\/product_tag?post=4832"}],"curies":[{"name":"wp","href":"https:\/\/api.w.org\/{rel}","templated":true}]}}