{"id":4830,"date":"2025-03-27T08:09:59","date_gmt":"2025-03-27T08:09:59","guid":{"rendered":"https:\/\/ecosentec.com\/?post_type=product&#038;p=4830"},"modified":"2025-06-26T09:29:00","modified_gmt":"2025-06-26T09:29:00","slug":"sensor-de-ar-e-gas-do-escudo-solar","status":"publish","type":"product","link":"https:\/\/ecosentec.com\/pt\/produto\/sensor-de-ar-e-gas-do-escudo-solar\/","title":{"rendered":"Sensor de ar e g\u00e1s de prote\u00e7\u00e3o solar ES-A227"},"content":{"rendered":"<p class=\"p1\">O sensor de ar e g\u00e1s com escudo solar de obturador integrado ES-A227 pode ser amplamente utilizado em detec\u00e7\u00e3o ambiental, suportando monitoramento de temperatura e umidade, press\u00e3o atmosf\u00e9rica, luz, ru\u00eddo, CO2, PM2,5 e PM10, TVOC, formalde\u00eddo (CH2O), oz\u00f4nio (O3), oxig\u00eanio (O2), sulfeto de hidrog\u00eanio (H2S), metano (CH4), mon\u00f3xido de carbono (CO), di\u00f3xido de nitrog\u00eanio (NO2), di\u00f3xido de enxofre (SO2), hidrog\u00eanio (H2), am\u00f4nia (NH3) e outros par\u00e2metros. O sensor \u00e9 instalado na caixa do obturador, e a caixa do obturador pode proteger o sensor meteorol\u00f3gico interno de ventos fortes, chuva e neve. Ao mesmo tempo, toda a m\u00e1quina \u00e9 projetada no formato de persianas brancas para evitar a influ\u00eancia da energia da radia\u00e7\u00e3o solar ao m\u00e1ximo, garantindo que o ar dentro e fora do equipamento possam circular e interagir um com o outro, garantindo assim a precis\u00e3o e estabilidade dos dados de medi\u00e7\u00e3o, estendendo significativamente a vida \u00fatil dos instrumentos meteorol\u00f3gicos e reduzindo os custos de manuten\u00e7\u00e3o. \u00c9 um equipamento indispens\u00e1vel na observa\u00e7\u00e3o meteorol\u00f3gica. O equipamento adota o protocolo de comunica\u00e7\u00e3o padr\u00e3o MODBUS-RTU e sa\u00edda de sinal RS485, e a dist\u00e2ncia m\u00e1xima de comunica\u00e7\u00e3o pode chegar a 2.000 metros.<\/p>","protected":false},"excerpt":{"rendered":"<p>O sensor de ar e g\u00e1s com escudo solar de obturador integrado ES-A227 pode ser amplamente utilizado em detec\u00e7\u00e3o ambiental, suportando monitoramento de temperatura e umidade, press\u00e3o atmosf\u00e9rica, luz, ru\u00eddo, CO2, PM2,5 e PM10, TVOC, formalde\u00eddo (CH2O), oz\u00f4nio (O3), oxig\u00eanio (O2), sulfeto de hidrog\u00eanio (H2S), metano (CH4), mon\u00f3xido de carbono (CO), di\u00f3xido de nitrog\u00eanio (NO2), di\u00f3xido de enxofre (SO2), hidrog\u00eanio (H2), am\u00f4nia (NH3) e outros par\u00e2metros.<\/p>","protected":false},"featured_media":6040,"template":"","meta":{"om_disable_all_campaigns":false,"_monsterinsights_skip_tracking":false,"_monsterinsights_sitenote_active":false,"_monsterinsights_sitenote_note":"","_monsterinsights_sitenote_category":0,"site-sidebar-layout":"default","site-content-layout":"default","ast-site-content-layout":"default","site-content-style":"default","site-sidebar-style":"default","ast-global-header-display":"","ast-banner-title-visibility":"","ast-main-header-display":"","ast-hfb-above-header-display":"","ast-hfb-below-header-display":"","ast-hfb-mobile-header-display":"","site-post-title":"","ast-breadcrumbs-content":"","ast-featured-img":"","footer-sml-layout":"","ast-disable-related-posts":"","theme-transparent-header-meta":"default","adv-header-id-meta":"","stick-header-meta":"","header-above-stick-meta":"","header-main-stick-meta":"","header-below-stick-meta":"","astra-migrate-meta-layouts":"set","ast-page-background-enabled":"default","ast-page-background-meta":{"desktop":{"background-color":"","background-image":"","background-repeat":"repeat","background-position":"center center","background-size":"auto","background-attachment":"scroll","background-type":"","background-media":"","overlay-type":"","overlay-color":"","overlay-opacity":"","overlay-gradient":""},"tablet":{"background-color":"","background-image":"","background-repeat":"repeat","background-position":"center center","background-size":"auto","background-attachment":"scroll","background-type":"","background-media":"","overlay-type":"","overlay-color":"","overlay-opacity":"","overlay-gradient":""},"mobile":{"background-color":"","background-image":"","background-repeat":"repeat","background-position":"center center","background-size":"auto","background-attachment":"scroll","background-type":"","background-media":"","overlay-type":"","overlay-color":"","overlay-opacity":"","overlay-gradient":""}},"ast-content-background-meta":{"desktop":{"background-color":"var(--ast-global-color-5)","background-image":"","background-repeat":"repeat","background-position":"center center","background-size":"auto","background-attachment":"scroll","background-type":"","background-media":"","overlay-type":"","overlay-color":"","overlay-opacity":"","overlay-gradient":""},"tablet":{"background-color":"var(--ast-global-color-5)","background-image":"","background-repeat":"repeat","background-position":"center center","background-size":"auto","background-attachment":"scroll","background-type":"","background-media":"","overlay-type":"","overlay-color":"","overlay-opacity":"","overlay-gradient":""},"mobile":{"background-color":"var(--ast-global-color-5)","background-image":"","background-repeat":"repeat","background-position":"center center","background-size":"auto","background-attachment":"scroll","background-type":"","background-media":"","overlay-type":"","overlay-color":"","overlay-opacity":"","overlay-gradient":""}},"_joinchat":[]},"product_brand":[],"product_cat":[91,97,89,259,93,92,90],"product_tag":[297],"class_list":{"0":"post-4830","1":"product","2":"type-product","3":"status-publish","4":"has-post-thumbnail","6":"product_cat-air-quality-pm-sensor","7":"product_cat-all-in-one-ambient-sensor","8":"product_cat-ambient-sensor","9":"product_cat-barometric-pressure-sensor","10":"product_cat-gas-concentration-sensor","11":"product_cat-noise-sensor","12":"product_cat-temperature-humidity-sensor","13":"product_tag-air-quality","14":"desktop-align-left","15":"tablet-align-left","16":"mobile-align-left","18":"first","19":"instock","20":"shipping-taxable","21":"purchasable","22":"product-type-simple"},"jetpack_sharing_enabled":true,"_links":{"self":[{"href":"https:\/\/ecosentec.com\/pt\/wp-json\/wp\/v2\/product\/4830","targetHints":{"allow":["GET"]}}],"collection":[{"href":"https:\/\/ecosentec.com\/pt\/wp-json\/wp\/v2\/product"}],"about":[{"href":"https:\/\/ecosentec.com\/pt\/wp-json\/wp\/v2\/types\/product"}],"version-history":[{"count":2,"href":"https:\/\/ecosentec.com\/pt\/wp-json\/wp\/v2\/product\/4830\/revisions"}],"predecessor-version":[{"id":6042,"href":"https:\/\/ecosentec.com\/pt\/wp-json\/wp\/v2\/product\/4830\/revisions\/6042"}],"wp:featuredmedia":[{"embeddable":true,"href":"https:\/\/ecosentec.com\/pt\/wp-json\/wp\/v2\/media\/6040"}],"wp:attachment":[{"href":"https:\/\/ecosentec.com\/pt\/wp-json\/wp\/v2\/media?parent=4830"}],"wp:term":[{"taxonomy":"product_brand","embeddable":true,"href":"https:\/\/ecosentec.com\/pt\/wp-json\/wp\/v2\/product_brand?post=4830"},{"taxonomy":"product_cat","embeddable":true,"href":"https:\/\/ecosentec.com\/pt\/wp-json\/wp\/v2\/product_cat?post=4830"},{"taxonomy":"product_tag","embeddable":true,"href":"https:\/\/ecosentec.com\/pt\/wp-json\/wp\/v2\/product_tag?post=4830"}],"curies":[{"name":"wp","href":"https:\/\/api.w.org\/{rel}","templated":true}]}}