{"id":4827,"date":"2025-03-27T08:09:58","date_gmt":"2025-03-27T08:09:58","guid":{"rendered":"https:\/\/ecosentec.com\/?post_type=product&#038;p=4827"},"modified":"2025-04-10T09:46:42","modified_gmt":"2025-04-10T09:46:42","slug":"sensor-de-pm-de-qualidade-do-ar","status":"publish","type":"product","link":"https:\/\/ecosentec.com\/pt\/produto\/sensor-de-pm-de-qualidade-do-ar\/","title":{"rendered":"Sensor PM de qualidade do ar ES-A224"},"content":{"rendered":"<p class=\"p1\">O sensor PM ES-A224 \u00e9 um transmissor de concentra\u00e7\u00e3o de part\u00edculas de n\u00edvel industrial e uso geral para medi\u00e7\u00e3o de PM1.0, PM2.5 e PM10. O projeto do circuito antiparasit\u00e1rio suporta diversas interfer\u00eancias eletromagn\u00e9ticas intensas, como conversores de frequ\u00eancia instalados no local. Adota o princ\u00edpio de medi\u00e7\u00e3o por espalhamento a laser e utiliza a exclusiva tecnologia de aquisi\u00e7\u00e3o de dados de dupla frequ\u00eancia para rastrear e obter o n\u00famero de part\u00edculas com tamanho de part\u00edcula equivalente por unidade de volume. Utiliza tamb\u00e9m um algoritmo cient\u00edfico exclusivo para calcular a concentra\u00e7\u00e3o de massa de part\u00edculas com tamanho de part\u00edcula equivalente por unidade de volume, e emite dados na forma de um sinal de pseudoquantidade (4-20 mA, 0-10 V, 0-5 V) ou sinal digital RS485.<\/p>\n<p class=\"p1\">Ele tamb\u00e9m foi projetado para montagem em parede e em tubo para atender a diferentes cen\u00e1rios de aplica\u00e7\u00e3o. Inv\u00f3lucro com prote\u00e7\u00e3o IP65 e suporte para display OLED.<\/p>","protected":false},"excerpt":{"rendered":"<p>O sensor PM ES-A224 \u00e9 um transmissor de concentra\u00e7\u00e3o de part\u00edculas de n\u00edvel industrial e uso geral para medi\u00e7\u00e3o de PM1.0, PM2.5 e PM10. O projeto do circuito antiparasit\u00e1rio suporta diversas interfer\u00eancias eletromagn\u00e9ticas intensas, como conversores de frequ\u00eancia instalados no local. Ele adota o princ\u00edpio de medi\u00e7\u00e3o por espalhamento a laser e utiliza a exclusiva tecnologia de aquisi\u00e7\u00e3o de dados de dupla frequ\u00eancia para rastrear e obter o n\u00famero de part\u00edculas com tamanho de part\u00edcula equivalente por unidade de volume.<\/p>","protected":false},"featured_media":6086,"template":"","meta":{"om_disable_all_campaigns":false,"_monsterinsights_skip_tracking":false,"_monsterinsights_sitenote_active":false,"_monsterinsights_sitenote_note":"","_monsterinsights_sitenote_category":0,"site-sidebar-layout":"default","site-content-layout":"default","ast-site-content-layout":"default","site-content-style":"default","site-sidebar-style":"default","ast-global-header-display":"","ast-banner-title-visibility":"","ast-main-header-display":"","ast-hfb-above-header-display":"","ast-hfb-below-header-display":"","ast-hfb-mobile-header-display":"","site-post-title":"","ast-breadcrumbs-content":"","ast-featured-img":"","footer-sml-layout":"","ast-disable-related-posts":"","theme-transparent-header-meta":"default","adv-header-id-meta":"","stick-header-meta":"","header-above-stick-meta":"","header-main-stick-meta":"","header-below-stick-meta":"","astra-migrate-meta-layouts":"set","ast-page-background-enabled":"default","ast-page-background-meta":{"desktop":{"background-color":"","background-image":"","background-repeat":"repeat","background-position":"center center","background-size":"auto","background-attachment":"scroll","background-type":"","background-media":"","overlay-type":"","overlay-color":"","overlay-opacity":"","overlay-gradient":""},"tablet":{"background-color":"","background-image":"","background-repeat":"repeat","background-position":"center center","background-size":"auto","background-attachment":"scroll","background-type":"","background-media":"","overlay-type":"","overlay-color":"","overlay-opacity":"","overlay-gradient":""},"mobile":{"background-color":"","background-image":"","background-repeat":"repeat","background-position":"center center","background-size":"auto","background-attachment":"scroll","background-type":"","background-media":"","overlay-type":"","overlay-color":"","overlay-opacity":"","overlay-gradient":""}},"ast-content-background-meta":{"desktop":{"background-color":"var(--ast-global-color-5)","background-image":"","background-repeat":"repeat","background-position":"center center","background-size":"auto","background-attachment":"scroll","background-type":"","background-media":"","overlay-type":"","overlay-color":"","overlay-opacity":"","overlay-gradient":""},"tablet":{"background-color":"var(--ast-global-color-5)","background-image":"","background-repeat":"repeat","background-position":"center center","background-size":"auto","background-attachment":"scroll","background-type":"","background-media":"","overlay-type":"","overlay-color":"","overlay-opacity":"","overlay-gradient":""},"mobile":{"background-color":"var(--ast-global-color-5)","background-image":"","background-repeat":"repeat","background-position":"center center","background-size":"auto","background-attachment":"scroll","background-type":"","background-media":"","overlay-type":"","overlay-color":"","overlay-opacity":"","overlay-gradient":""}},"_joinchat":[]},"product_brand":[],"product_cat":[91,89],"product_tag":[],"class_list":{"0":"post-4827","1":"product","2":"type-product","3":"status-publish","4":"has-post-thumbnail","6":"product_cat-air-quality-pm-sensor","7":"product_cat-ambient-sensor","8":"desktop-align-left","9":"tablet-align-left","10":"mobile-align-left","12":"first","13":"instock","14":"shipping-taxable","15":"purchasable","16":"product-type-simple"},"jetpack_sharing_enabled":true,"_links":{"self":[{"href":"https:\/\/ecosentec.com\/pt\/wp-json\/wp\/v2\/product\/4827","targetHints":{"allow":["GET"]}}],"collection":[{"href":"https:\/\/ecosentec.com\/pt\/wp-json\/wp\/v2\/product"}],"about":[{"href":"https:\/\/ecosentec.com\/pt\/wp-json\/wp\/v2\/types\/product"}],"version-history":[{"count":2,"href":"https:\/\/ecosentec.com\/pt\/wp-json\/wp\/v2\/product\/4827\/revisions"}],"predecessor-version":[{"id":6072,"href":"https:\/\/ecosentec.com\/pt\/wp-json\/wp\/v2\/product\/4827\/revisions\/6072"}],"wp:featuredmedia":[{"embeddable":true,"href":"https:\/\/ecosentec.com\/pt\/wp-json\/wp\/v2\/media\/6086"}],"wp:attachment":[{"href":"https:\/\/ecosentec.com\/pt\/wp-json\/wp\/v2\/media?parent=4827"}],"wp:term":[{"taxonomy":"product_brand","embeddable":true,"href":"https:\/\/ecosentec.com\/pt\/wp-json\/wp\/v2\/product_brand?post=4827"},{"taxonomy":"product_cat","embeddable":true,"href":"https:\/\/ecosentec.com\/pt\/wp-json\/wp\/v2\/product_cat?post=4827"},{"taxonomy":"product_tag","embeddable":true,"href":"https:\/\/ecosentec.com\/pt\/wp-json\/wp\/v2\/product_tag?post=4827"}],"curies":[{"name":"wp","href":"https:\/\/api.w.org\/{rel}","templated":true}]}}