{"id":4823,"date":"2025-03-27T08:09:58","date_gmt":"2025-03-27T08:09:58","guid":{"rendered":"https:\/\/ecosentec.com\/?post_type=product&#038;p=4823"},"modified":"2025-06-11T10:26:00","modified_gmt":"2025-06-11T10:26:00","slug":"sensor-de-radiacao-fotossinteticamente-ativo","status":"publish","type":"product","link":"https:\/\/ecosentec.com\/pt\/produto\/sensor-de-radiacao-fotossinteticamente-ativo\/","title":{"rendered":"Sensor de radia\u00e7\u00e3o fotossinteticamente ativo ES-S228P"},"content":{"rendered":"<p class=\"p1\"><span class=\"s1\">ES-S228P <\/span>O sensor de radia\u00e7\u00e3o fotossinteticamente ativo adota o princ\u00edpio de detec\u00e7\u00e3o fotoel\u00e9trica, que pode ser usado para medir radia\u00e7\u00e3o fotossinteticamente ativa na faixa espectral de 400 a 700 nm. O sensor utiliza elementos de detec\u00e7\u00e3o fotoel\u00e9trica de alta precis\u00e3o, com amplo espectro de absor\u00e7\u00e3o, alta absor\u00e7\u00e3o na faixa de 400 a 700 nm e boa estabilidade. Quando h\u00e1 luz, ele gera um sinal de tens\u00e3o proporcional \u00e0 intensidade da radia\u00e7\u00e3o incidente, e sua sensibilidade \u00e9 menor que a da luz incidente. O cosseno do \u00e2ngulo reto \u00e9 proporcional. A capa protetora contra poeira adota um tratamento especial para reduzir a absor\u00e7\u00e3o de poeira, prevenir efetivamente a interfer\u00eancia de fatores ambientais nos componentes internos e medir com mais precis\u00e3o a quantidade de radia\u00e7\u00e3o fotossint\u00e9tica efetiva.<\/p>\n<p class=\"p1\">O produto adota o protocolo de comunica\u00e7\u00e3o padr\u00e3o Modbus-RTU 485, que permite a leitura direta do valor atual da radia\u00e7\u00e3o fotossint\u00e9tica efetiva, e o m\u00e9todo de fia\u00e7\u00e3o \u00e9 simples. A apar\u00eancia \u00e9 pequena e bonita, e o espa\u00e7o de instala\u00e7\u00e3o \u00e9 pequeno.<\/p>","protected":false},"excerpt":{"rendered":"<p><span class=\"s1\">ES-S228P <\/span>O sensor de radia\u00e7\u00e3o fotossinteticamente ativa adota o princ\u00edpio de detec\u00e7\u00e3o fotoel\u00e9trica, que pode ser usado para medir radia\u00e7\u00e3o fotossinteticamente ativa na faixa espectral de 400~700 nm.<\/p>","protected":false},"featured_media":6548,"template":"","meta":{"om_disable_all_campaigns":false,"_monsterinsights_skip_tracking":false,"_monsterinsights_sitenote_active":false,"_monsterinsights_sitenote_note":"","_monsterinsights_sitenote_category":0,"site-sidebar-layout":"default","site-content-layout":"default","ast-site-content-layout":"default","site-content-style":"default","site-sidebar-style":"default","ast-global-header-display":"","ast-banner-title-visibility":"","ast-main-header-display":"","ast-hfb-above-header-display":"","ast-hfb-below-header-display":"","ast-hfb-mobile-header-display":"","site-post-title":"","ast-breadcrumbs-content":"","ast-featured-img":"","footer-sml-layout":"","ast-disable-related-posts":"","theme-transparent-header-meta":"default","adv-header-id-meta":"","stick-header-meta":"","header-above-stick-meta":"","header-main-stick-meta":"","header-below-stick-meta":"","astra-migrate-meta-layouts":"set","ast-page-background-enabled":"default","ast-page-background-meta":{"desktop":{"background-color":"","background-image":"","background-repeat":"repeat","background-position":"center center","background-size":"auto","background-attachment":"scroll","background-type":"","background-media":"","overlay-type":"","overlay-color":"","overlay-opacity":"","overlay-gradient":""},"tablet":{"background-color":"","background-image":"","background-repeat":"repeat","background-position":"center center","background-size":"auto","background-attachment":"scroll","background-type":"","background-media":"","overlay-type":"","overlay-color":"","overlay-opacity":"","overlay-gradient":""},"mobile":{"background-color":"","background-image":"","background-repeat":"repeat","background-position":"center center","background-size":"auto","background-attachment":"scroll","background-type":"","background-media":"","overlay-type":"","overlay-color":"","overlay-opacity":"","overlay-gradient":""}},"ast-content-background-meta":{"desktop":{"background-color":"var(--ast-global-color-5)","background-image":"","background-repeat":"repeat","background-position":"center center","background-size":"auto","background-attachment":"scroll","background-type":"","background-media":"","overlay-type":"","overlay-color":"","overlay-opacity":"","overlay-gradient":""},"tablet":{"background-color":"var(--ast-global-color-5)","background-image":"","background-repeat":"repeat","background-position":"center center","background-size":"auto","background-attachment":"scroll","background-type":"","background-media":"","overlay-type":"","overlay-color":"","overlay-opacity":"","overlay-gradient":""},"mobile":{"background-color":"var(--ast-global-color-5)","background-image":"","background-repeat":"repeat","background-position":"center center","background-size":"auto","background-attachment":"scroll","background-type":"","background-media":"","overlay-type":"","overlay-color":"","overlay-opacity":"","overlay-gradient":""}},"_joinchat":[]},"product_brand":[],"product_cat":[84,76],"product_tag":[291],"class_list":{"0":"post-4823","1":"product","2":"type-product","3":"status-publish","4":"has-post-thumbnail","6":"product_cat-pyrgeometers","7":"product_cat-solar-radiation-sensor","8":"product_tag-solar","9":"desktop-align-left","10":"tablet-align-left","11":"mobile-align-left","13":"first","14":"instock","15":"shipping-taxable","16":"purchasable","17":"product-type-simple"},"jetpack_sharing_enabled":true,"_links":{"self":[{"href":"https:\/\/ecosentec.com\/pt\/wp-json\/wp\/v2\/product\/4823","targetHints":{"allow":["GET"]}}],"collection":[{"href":"https:\/\/ecosentec.com\/pt\/wp-json\/wp\/v2\/product"}],"about":[{"href":"https:\/\/ecosentec.com\/pt\/wp-json\/wp\/v2\/types\/product"}],"version-history":[{"count":2,"href":"https:\/\/ecosentec.com\/pt\/wp-json\/wp\/v2\/product\/4823\/revisions"}],"predecessor-version":[{"id":6183,"href":"https:\/\/ecosentec.com\/pt\/wp-json\/wp\/v2\/product\/4823\/revisions\/6183"}],"wp:featuredmedia":[{"embeddable":true,"href":"https:\/\/ecosentec.com\/pt\/wp-json\/wp\/v2\/media\/6548"}],"wp:attachment":[{"href":"https:\/\/ecosentec.com\/pt\/wp-json\/wp\/v2\/media?parent=4823"}],"wp:term":[{"taxonomy":"product_brand","embeddable":true,"href":"https:\/\/ecosentec.com\/pt\/wp-json\/wp\/v2\/product_brand?post=4823"},{"taxonomy":"product_cat","embeddable":true,"href":"https:\/\/ecosentec.com\/pt\/wp-json\/wp\/v2\/product_cat?post=4823"},{"taxonomy":"product_tag","embeddable":true,"href":"https:\/\/ecosentec.com\/pt\/wp-json\/wp\/v2\/product_tag?post=4823"}],"curies":[{"name":"wp","href":"https:\/\/api.w.org\/{rel}","templated":true}]}}