{"id":4821,"date":"2025-03-27T08:09:56","date_gmt":"2025-03-27T08:09:56","guid":{"rendered":"https:\/\/ecosentec.com\/?post_type=product&#038;p=4821"},"modified":"2025-06-24T08:32:29","modified_gmt":"2025-06-24T08:32:29","slug":"transmissor-de-iluminacao","status":"publish","type":"product","link":"https:\/\/ecosentec.com\/pt\/produto\/transmissor-de-iluminacao\/","title":{"rendered":"Transmissor de ilumina\u00e7\u00e3o ES-S222C"},"content":{"rendered":"<p class=\"p1\">O transmissor de luz de teto ES-S222C \u00e9 um transmissor fotossens\u00edvel de alta precis\u00e3o. A unidade de medida do valor de sa\u00edda \u00e9 Lux. O equipamento adota um gabinete de teto. O transmissor de luz de teto possui uma estrutura compacta e \u00e9 f\u00e1cil de instalar e usar.<\/p>\n<p class=\"p1\">O sensor de luz \u00e9 um produto pr\u00e1tico que utiliza um detector fotossens\u00edvel de alta sensibilidade e um circuito amplificador linear de alta precis\u00e3o. Ele foi rigorosamente testado e produzido com precis\u00e3o, e possui uma variedade de faixas de medi\u00e7\u00e3o de luz e tipos de sa\u00edda de sinal.<\/p>\n<p class=\"p1\">Suporta oito sa\u00eddas anal\u00f3gicas ou 485, protocolo de comunica\u00e7\u00e3o padr\u00e3o ModBus RTU, endere\u00e7o de comunica\u00e7\u00e3o e taxa de transmiss\u00e3o podem ser definidos, a dist\u00e2ncia m\u00e1xima de comunica\u00e7\u00e3o \u00e9 de 2.000 metros e a fonte de alimenta\u00e7\u00e3o do produto \u00e9 uma fonte de alimenta\u00e7\u00e3o de tens\u00e3o ampla de 10-30 V<\/p>","protected":false},"excerpt":{"rendered":"<p class=\"p1\">O transmissor de luz de teto ES-S222C \u00e9 um transmissor fotossens\u00edvel de alta precis\u00e3o. A unidade de medida do valor de sa\u00edda \u00e9 Lux. O equipamento adota um gabinete de teto. O transmissor de luz de teto possui uma estrutura compacta e \u00e9 f\u00e1cil de instalar e usar.<\/p>","protected":false},"featured_media":6117,"template":"","meta":{"om_disable_all_campaigns":false,"_monsterinsights_skip_tracking":false,"_monsterinsights_sitenote_active":false,"_monsterinsights_sitenote_note":"","_monsterinsights_sitenote_category":0,"site-sidebar-layout":"default","site-content-layout":"default","ast-site-content-layout":"default","site-content-style":"default","site-sidebar-style":"default","ast-global-header-display":"","ast-banner-title-visibility":"","ast-main-header-display":"","ast-hfb-above-header-display":"","ast-hfb-below-header-display":"","ast-hfb-mobile-header-display":"","site-post-title":"","ast-breadcrumbs-content":"","ast-featured-img":"","footer-sml-layout":"","ast-disable-related-posts":"","theme-transparent-header-meta":"default","adv-header-id-meta":"","stick-header-meta":"","header-above-stick-meta":"","header-main-stick-meta":"","header-below-stick-meta":"","astra-migrate-meta-layouts":"set","ast-page-background-enabled":"default","ast-page-background-meta":{"desktop":{"background-color":"","background-image":"","background-repeat":"repeat","background-position":"center center","background-size":"auto","background-attachment":"scroll","background-type":"","background-media":"","overlay-type":"","overlay-color":"","overlay-opacity":"","overlay-gradient":""},"tablet":{"background-color":"","background-image":"","background-repeat":"repeat","background-position":"center center","background-size":"auto","background-attachment":"scroll","background-type":"","background-media":"","overlay-type":"","overlay-color":"","overlay-opacity":"","overlay-gradient":""},"mobile":{"background-color":"","background-image":"","background-repeat":"repeat","background-position":"center center","background-size":"auto","background-attachment":"scroll","background-type":"","background-media":"","overlay-type":"","overlay-color":"","overlay-opacity":"","overlay-gradient":""}},"ast-content-background-meta":{"desktop":{"background-color":"var(--ast-global-color-5)","background-image":"","background-repeat":"repeat","background-position":"center center","background-size":"auto","background-attachment":"scroll","background-type":"","background-media":"","overlay-type":"","overlay-color":"","overlay-opacity":"","overlay-gradient":""},"tablet":{"background-color":"var(--ast-global-color-5)","background-image":"","background-repeat":"repeat","background-position":"center center","background-size":"auto","background-attachment":"scroll","background-type":"","background-media":"","overlay-type":"","overlay-color":"","overlay-opacity":"","overlay-gradient":""},"mobile":{"background-color":"var(--ast-global-color-5)","background-image":"","background-repeat":"repeat","background-position":"center center","background-size":"auto","background-attachment":"scroll","background-type":"","background-media":"","overlay-type":"","overlay-color":"","overlay-opacity":"","overlay-gradient":""}},"_joinchat":[]},"product_brand":[],"product_cat":[79,76],"product_tag":[296],"class_list":{"0":"post-4821","1":"product","2":"type-product","3":"status-publish","4":"has-post-thumbnail","6":"product_cat-illumination-sensor","7":"product_cat-solar-radiation-sensor","8":"product_tag-illuminance","9":"desktop-align-left","10":"tablet-align-left","11":"mobile-align-left","13":"first","14":"instock","15":"shipping-taxable","16":"purchasable","17":"product-type-simple"},"jetpack_sharing_enabled":true,"_links":{"self":[{"href":"https:\/\/ecosentec.com\/pt\/wp-json\/wp\/v2\/product\/4821","targetHints":{"allow":["GET"]}}],"collection":[{"href":"https:\/\/ecosentec.com\/pt\/wp-json\/wp\/v2\/product"}],"about":[{"href":"https:\/\/ecosentec.com\/pt\/wp-json\/wp\/v2\/types\/product"}],"version-history":[{"count":2,"href":"https:\/\/ecosentec.com\/pt\/wp-json\/wp\/v2\/product\/4821\/revisions"}],"predecessor-version":[{"id":6118,"href":"https:\/\/ecosentec.com\/pt\/wp-json\/wp\/v2\/product\/4821\/revisions\/6118"}],"wp:featuredmedia":[{"embeddable":true,"href":"https:\/\/ecosentec.com\/pt\/wp-json\/wp\/v2\/media\/6117"}],"wp:attachment":[{"href":"https:\/\/ecosentec.com\/pt\/wp-json\/wp\/v2\/media?parent=4821"}],"wp:term":[{"taxonomy":"product_brand","embeddable":true,"href":"https:\/\/ecosentec.com\/pt\/wp-json\/wp\/v2\/product_brand?post=4821"},{"taxonomy":"product_cat","embeddable":true,"href":"https:\/\/ecosentec.com\/pt\/wp-json\/wp\/v2\/product_cat?post=4821"},{"taxonomy":"product_tag","embeddable":true,"href":"https:\/\/ecosentec.com\/pt\/wp-json\/wp\/v2\/product_tag?post=4821"}],"curies":[{"name":"wp","href":"https:\/\/api.w.org\/{rel}","templated":true}]}}