{"id":4790,"date":"2025-03-27T06:10:26","date_gmt":"2025-03-27T06:10:26","guid":{"rendered":"https:\/\/ecosentec.com\/?post_type=product&#038;p=4790"},"modified":"2025-03-31T10:05:23","modified_gmt":"2025-03-31T10:05:23","slug":"medidor-de-visibilidade-portatil","status":"publish","type":"product","link":"https:\/\/ecosentec.com\/pt\/produto\/medidor-de-visibilidade-portatil\/","title":{"rendered":"Medidor de visibilidade port\u00e1til ES-V226H"},"content":{"rendered":"<p class=\"p1\">O Testador de Visibilidade Port\u00e1til ES-V226H adota um m\u00e9todo de teste exclusivo para aspirar o ar para uma c\u00e2mara de amostragem de ar fechada especialmente projetada, que garante a troca em tempo real com o ar externo e n\u00e3o \u00e9 afetada pelo ambiente externo. Tamb\u00e9m pode medir normalmente em ambientes pequenos.<\/p>\n<p class=\"p1\">O cabo \u00e9 feito de liga de alum\u00ednio, que \u00e9 resistente e conveniente para os usu\u00e1rios segurarem com uma m\u00e3o. 3 baterias de l\u00edtio recarreg\u00e1veis 18650 podem ser instaladas internamente para garantir que o instrumento de visibilidade possa funcionar continuamente por mais de 72 horas.<\/p>\n<p class=\"p1\">Possui tela sens\u00edvel ao toque de 2,5 polegadas para exibir os dados de medi\u00e7\u00e3o em tempo real. M\u00f3dulo Bluetooth integrado, software APP dedicado, recep\u00e7\u00e3o em tempo real dos dados de teste no celular; os dados tamb\u00e9m podem ser sincronizados com a plataforma de Internet das Coisas em tempo real para armazenamento ou an\u00e1lise, o que \u00e9 particularmente adequado para inspe\u00e7\u00f5es de campo.<\/p>","protected":false},"excerpt":{"rendered":"<p>O Testador de Visibilidade Port\u00e1til ES-V226H adota um m\u00e9todo de teste exclusivo para aspirar o ar para uma c\u00e2mara de amostragem de ar fechada especialmente projetada, que garante a troca em tempo real com o ar externo e n\u00e3o \u00e9 afetada pelo ambiente externo. Tamb\u00e9m pode medir normalmente em ambientes pequenos.<\/p>","protected":false},"featured_media":5607,"template":"","meta":{"om_disable_all_campaigns":false,"_monsterinsights_skip_tracking":false,"_monsterinsights_sitenote_active":false,"_monsterinsights_sitenote_note":"","_monsterinsights_sitenote_category":0,"site-sidebar-layout":"default","site-content-layout":"","ast-site-content-layout":"default","site-content-style":"default","site-sidebar-style":"default","ast-global-header-display":"","ast-banner-title-visibility":"","ast-main-header-display":"","ast-hfb-above-header-display":"","ast-hfb-below-header-display":"","ast-hfb-mobile-header-display":"","site-post-title":"","ast-breadcrumbs-content":"","ast-featured-img":"","footer-sml-layout":"","ast-disable-related-posts":"","theme-transparent-header-meta":"default","adv-header-id-meta":"","stick-header-meta":"","header-above-stick-meta":"","header-main-stick-meta":"","header-below-stick-meta":"","astra-migrate-meta-layouts":"set","ast-page-background-enabled":"default","ast-page-background-meta":{"desktop":{"background-color":"","background-image":"","background-repeat":"repeat","background-position":"center center","background-size":"auto","background-attachment":"scroll","background-type":"","background-media":"","overlay-type":"","overlay-color":"","overlay-opacity":"","overlay-gradient":""},"tablet":{"background-color":"","background-image":"","background-repeat":"repeat","background-position":"center center","background-size":"auto","background-attachment":"scroll","background-type":"","background-media":"","overlay-type":"","overlay-color":"","overlay-opacity":"","overlay-gradient":""},"mobile":{"background-color":"","background-image":"","background-repeat":"repeat","background-position":"center center","background-size":"auto","background-attachment":"scroll","background-type":"","background-media":"","overlay-type":"","overlay-color":"","overlay-opacity":"","overlay-gradient":""}},"ast-content-background-meta":{"desktop":{"background-color":"var(--ast-global-color-5)","background-image":"","background-repeat":"repeat","background-position":"center center","background-size":"auto","background-attachment":"scroll","background-type":"","background-media":"","overlay-type":"","overlay-color":"","overlay-opacity":"","overlay-gradient":""},"tablet":{"background-color":"var(--ast-global-color-5)","background-image":"","background-repeat":"repeat","background-position":"center center","background-size":"auto","background-attachment":"scroll","background-type":"","background-media":"","overlay-type":"","overlay-color":"","overlay-opacity":"","overlay-gradient":""},"mobile":{"background-color":"var(--ast-global-color-5)","background-image":"","background-repeat":"repeat","background-position":"center center","background-size":"auto","background-attachment":"scroll","background-type":"","background-media":"","overlay-type":"","overlay-color":"","overlay-opacity":"","overlay-gradient":""}},"_joinchat":[]},"product_brand":[],"product_cat":[80,83],"product_tag":[],"class_list":{"0":"post-4790","1":"product","2":"type-product","3":"status-publish","4":"has-post-thumbnail","6":"product_cat-precipitation-snow-visibility-sensor","7":"product_cat-visibility-sensor","8":"desktop-align-left","9":"tablet-align-left","10":"mobile-align-left","12":"first","13":"instock","14":"shipping-taxable","15":"purchasable","16":"product-type-simple"},"jetpack_sharing_enabled":true,"_links":{"self":[{"href":"https:\/\/ecosentec.com\/pt\/wp-json\/wp\/v2\/product\/4790","targetHints":{"allow":["GET"]}}],"collection":[{"href":"https:\/\/ecosentec.com\/pt\/wp-json\/wp\/v2\/product"}],"about":[{"href":"https:\/\/ecosentec.com\/pt\/wp-json\/wp\/v2\/types\/product"}],"version-history":[{"count":2,"href":"https:\/\/ecosentec.com\/pt\/wp-json\/wp\/v2\/product\/4790\/revisions"}],"predecessor-version":[{"id":5605,"href":"https:\/\/ecosentec.com\/pt\/wp-json\/wp\/v2\/product\/4790\/revisions\/5605"}],"wp:featuredmedia":[{"embeddable":true,"href":"https:\/\/ecosentec.com\/pt\/wp-json\/wp\/v2\/media\/5607"}],"wp:attachment":[{"href":"https:\/\/ecosentec.com\/pt\/wp-json\/wp\/v2\/media?parent=4790"}],"wp:term":[{"taxonomy":"product_brand","embeddable":true,"href":"https:\/\/ecosentec.com\/pt\/wp-json\/wp\/v2\/product_brand?post=4790"},{"taxonomy":"product_cat","embeddable":true,"href":"https:\/\/ecosentec.com\/pt\/wp-json\/wp\/v2\/product_cat?post=4790"},{"taxonomy":"product_tag","embeddable":true,"href":"https:\/\/ecosentec.com\/pt\/wp-json\/wp\/v2\/product_tag?post=4790"}],"curies":[{"name":"wp","href":"https:\/\/api.w.org\/{rel}","templated":true}]}}