{"id":6622,"date":"2025-04-26T07:30:45","date_gmt":"2025-04-26T07:30:45","guid":{"rendered":"https:\/\/ecosentec.com\/?page_id=6622"},"modified":"2025-04-26T07:42:32","modified_gmt":"2025-04-26T07:42:32","slug":"instrumento-movel-de-teste-de-solo","status":"publish","type":"page","link":"https:\/\/ecosentec.com\/pt\/instrumento-movel-de-teste-de-solo\/","title":{"rendered":"Instrumento m\u00f3vel para teste de solo"},"content":{"rendered":"<div data-elementor-type=\"wp-page\" data-elementor-id=\"6622\" class=\"elementor elementor-6622\" data-elementor-post-type=\"page\">\n\t\t\t\t\t\t<section data-particle_enable=\"false\" data-particle-mobile-disabled=\"false\" class=\"elementor-section elementor-top-section elementor-element elementor-element-4c223391 elementor-section-full_width elementor-section-height-default elementor-section-height-default\" data-id=\"4c223391\" data-element_type=\"section\">\n\t\t\t\t\t\t<div class=\"elementor-container elementor-column-gap-no\">\n\t\t\t\t\t<div class=\"elementor-column elementor-col-100 elementor-top-column elementor-element elementor-element-104d2d0e\" data-id=\"104d2d0e\" data-element_type=\"column\" data-settings=\"{&quot;background_background&quot;:&quot;classic&quot;}\">\n\t\t\t<div class=\"elementor-widget-wrap elementor-element-populated\">\n\t\t\t\t\t\t<section data-particle_enable=\"false\" data-particle-mobile-disabled=\"false\" class=\"elementor-section elementor-inner-section elementor-element elementor-element-353916d7 elementor-section-content-middle elementor-section-boxed elementor-section-height-default elementor-section-height-default\" data-id=\"353916d7\" data-element_type=\"section\">\n\t\t\t\t\t\t<div class=\"elementor-container elementor-column-gap-no\">\n\t\t\t\t\t<div class=\"elementor-column elementor-col-100 elementor-inner-column elementor-element elementor-element-106e1e91\" data-id=\"106e1e91\" data-element_type=\"column\">\n\t\t\t<div class=\"elementor-widget-wrap elementor-element-populated\">\n\t\t\t\t\t\t<div class=\"elementor-element elementor-element-5e5bcd3f elementor-widget__width-auto elementor-widget elementor-widget-heading\" data-id=\"5e5bcd3f\" data-element_type=\"widget\" data-widget_type=\"heading.default\">\n\t\t\t\t<div class=\"elementor-widget-container\">\n\t\t\t\t\t<h2 class=\"elementor-heading-title elementor-size-default\">Instrumento m\u00f3vel para teste de solo<\/h2>\t\t\t\t<\/div>\n\t\t\t\t<\/div>\n\t\t\t\t\t<\/div>\n\t\t<\/div>\n\t\t\t\t\t<\/div>\n\t\t<\/section>\n\t\t\t\t\t<\/div>\n\t\t<\/div>\n\t\t\t\t\t<\/div>\n\t\t<\/section>\n\t\t\t\t<section data-particle_enable=\"false\" data-particle-mobile-disabled=\"false\" class=\"elementor-section elementor-top-section elementor-element elementor-element-1958cb80 elementor-section-full_width elementor-section-height-default elementor-section-height-default\" data-id=\"1958cb80\" data-element_type=\"section\">\n\t\t\t\t\t\t<div class=\"elementor-container elementor-column-gap-no\">\n\t\t\t\t\t<div class=\"elementor-column elementor-col-100 elementor-top-column elementor-element elementor-element-2e4c1778\" data-id=\"2e4c1778\" data-element_type=\"column\" data-settings=\"{&quot;background_background&quot;:&quot;classic&quot;}\">\n\t\t\t<div class=\"elementor-widget-wrap elementor-element-populated\">\n\t\t\t\t\t\t<section data-particle_enable=\"false\" data-particle-mobile-disabled=\"false\" class=\"elementor-section elementor-inner-section elementor-element elementor-element-8087949 elementor-section-boxed elementor-section-height-default elementor-section-height-default\" data-id=\"8087949\" data-element_type=\"section\">\n\t\t\t\t\t\t<div class=\"elementor-container elementor-column-gap-no\">\n\t\t\t\t\t<div class=\"elementor-column elementor-col-66 elementor-inner-column elementor-element elementor-element-130bc4cf elementor-invisible\" data-id=\"130bc4cf\" data-element_type=\"column\" data-settings=\"{&quot;animation&quot;:&quot;fadeInLeft&quot;}\">\n\t\t\t<div class=\"elementor-widget-wrap elementor-element-populated\">\n\t\t\t\t\t\t<div class=\"elementor-element elementor-element-19c3c85c elementor-widget elementor-widget-heading\" data-id=\"19c3c85c\" data-element_type=\"widget\" data-widget_type=\"heading.default\">\n\t\t\t\t<div class=\"elementor-widget-container\">\n\t\t\t\t\t<h2 class=\"elementor-heading-title elementor-size-default\">Solu\u00e7\u00e3o de teste de solo m\u00f3vel EcoSentec<\/h2>\t\t\t\t<\/div>\n\t\t\t\t<\/div>\n\t\t\t\t\t<\/div>\n\t\t<\/div>\n\t\t\t\t<div class=\"elementor-column elementor-col-33 elementor-inner-column elementor-element elementor-element-6edb8775\" data-id=\"6edb8775\" data-element_type=\"column\">\n\t\t\t<div class=\"elementor-widget-wrap\">\n\t\t\t\t\t\t\t<\/div>\n\t\t<\/div>\n\t\t\t\t\t<\/div>\n\t\t<\/section>\n\t\t\t\t<section data-particle_enable=\"false\" data-particle-mobile-disabled=\"false\" class=\"elementor-section elementor-inner-section elementor-element elementor-element-644f4479 elementor-section-boxed elementor-section-height-default elementor-section-height-default\" data-id=\"644f4479\" data-element_type=\"section\">\n\t\t\t\t\t\t<div class=\"elementor-container elementor-column-gap-no\">\n\t\t\t\t\t<div class=\"elementor-column elementor-col-100 elementor-inner-column elementor-element elementor-element-1a2a3722\" data-id=\"1a2a3722\" data-element_type=\"column\">\n\t\t\t<div class=\"elementor-widget-wrap elementor-element-populated\">\n\t\t\t\t\t\t<div class=\"elementor-element elementor-element-56f55d3d elementor-invisible elementor-widget elementor-widget-eael-adv-tabs\" data-id=\"56f55d3d\" data-element_type=\"widget\" data-settings=\"{&quot;_animation&quot;:&quot;fadeInUp&quot;}\" data-widget_type=\"eael-adv-tabs.default\">\n\t\t\t\t<div class=\"elementor-widget-container\">\n\t\t\t\t\t        <div data-scroll-on-click=\"no\" data-scroll-speed=\"300\" id=\"eael-advance-tabs-56f55d3d\" class=\"eael-advance-tabs eael-tabs-vertical eael-tab-auto-active  active-caret-on\" data-tabid=\"56f55d3d\">\n            <div class=\"eael-tabs-nav\">\n                <ul class=\"\" role=\"tablist\">\n                                            <li id=\"system-introduction\" class=\"inactive eael-tab-item-trigger eael-tab-nav-item\" aria-selected=\"true\" data-tab=\"1\" role=\"tab\" tabindex=\"0\" aria-controls=\"system-introduction-tab\" aria-expanded=\"false\">\n                            \n                            \n                            \n                                                            <span class=\"eael-tab-title title-after-icon\" >Introdu\u00e7\u00e3o ao sistema<\/span>                                                    <\/li>\n                                            <li id=\"technicalspecification\" class=\"inactive eael-tab-item-trigger eael-tab-nav-item\" aria-selected=\"false\" data-tab=\"2\" role=\"tab\" tabindex=\"-1\" aria-controls=\"technicalspecification-tab\" aria-expanded=\"false\">\n                            \n                            \n                            \n                                                            <span class=\"eael-tab-title title-after-icon\" >especifica\u00e7\u00e3o t\u00e9cnica<\/span>                                                    <\/li>\n                                            <li id=\"selection-of-testing-methods\" class=\"inactive eael-tab-item-trigger eael-tab-nav-item\" aria-selected=\"false\" data-tab=\"3\" role=\"tab\" tabindex=\"-1\" aria-controls=\"selection-of-testing-methods-tab\" aria-expanded=\"false\">\n                            \n                            \n                            \n                                                            <span class=\"eael-tab-title title-after-icon\" >Sele\u00e7\u00e3o de m\u00e9todos de teste<\/span>                                                    <\/li>\n                                    <\/ul>\n            <\/div>\n            \n            <div class=\"eael-tabs-content\">\n\t\t        \n                    <div id=\"system-introduction-tab\" class=\"clearfix eael-tab-content-item inactive\" data-title-link=\"system-introduction-tab\">\n\t\t\t\t        <h2 class=\"elementor-heading-title elementor-size-default elementor-inline-editing pen\" contenteditable=\"true\" data-elementor-setting-key=\"title\" data-pen-placeholder=\"Type Here...\">Instrumento M\u00f3vel para Teste de Solo<\/h2><p class=\"\" data-start=\"74\" data-end=\"800\">Este instrumento de an\u00e1lise de solo port\u00e1til, compacto e f\u00e1cil de usar, foi projetado para an\u00e1lises r\u00e1pidas e precisas do solo no local. Ele se conecta diretamente ao seu smartphone e funciona perfeitamente com um aplicativo gratuito e intuitivo. Com medi\u00e7\u00e3o imediata e exibi\u00e7\u00e3o de dados em tempo real, os usu\u00e1rios podem obter leituras precisas das condi\u00e7\u00f5es do solo a qualquer hora e em qualquer lugar. Seu design port\u00e1til o torna ideal para trabalho de campo, agricultura, jardinagem e monitoramento ambiental.<\/p><p data-start=\"74\" data-end=\"800\"><img fetchpriority=\"high\" decoding=\"async\" data-recalc-dims=\"1\" class=\"alignnone wp-image-6624 size-full\" src=\"https:\/\/i0.wp.com\/ecosentec.com\/wp-content\/uploads\/2025\/04\/mobile-soil-sensor-parameter.jpg?resize=650%2C500&#038;ssl=1\" alt=\"sensor de solo m\u00f3vel\" width=\"650\" height=\"500\" srcset=\"https:\/\/i0.wp.com\/ecosentec.com\/wp-content\/uploads\/2025\/04\/mobile-soil-sensor-parameter.jpg?w=650&amp;ssl=1 650w, https:\/\/i0.wp.com\/ecosentec.com\/wp-content\/uploads\/2025\/04\/mobile-soil-sensor-parameter.jpg?resize=300%2C231&amp;ssl=1 300w, https:\/\/i0.wp.com\/ecosentec.com\/wp-content\/uploads\/2025\/04\/mobile-soil-sensor-parameter.jpg?resize=600%2C462&amp;ssl=1 600w\" sizes=\"(max-width: 650px) 100vw, 650px\" \/><\/p>                    <\/div>\n\t\t        \n                    <div id=\"technicalspecification-tab\" class=\"clearfix eael-tab-content-item inactive\" data-title-link=\"technicalspecification-tab\">\n\t\t\t\t        <table><tbody><tr><td><p>PAR\u00c2METROS<\/p><\/td><td><p>Umidade do solo<\/p><\/td><td><p>Temperatura do solo<\/p><\/td><td><p>CE do solo<\/p><\/td><td><p>pH do solo<\/p><\/td><td><p>NPK do solo<\/p><\/td><\/tr><tr><td><p>Faixa<\/p><\/td><td><p>0%-100%<\/p><\/td><td><p>-40\u2103~+80\u2103<\/p><\/td><td><p>0-20000us\/cm<\/p><\/td><td><p>3~9PH<\/p><\/td><td><p>0~1999mg\/kg<\/p><\/td><\/tr><tr><td><p>Precis\u00e3o<\/p><\/td><td><p>\u00b12% dentro de 0-50%, \u00b13% dentro de 50-100%<\/p><p>(Solo marrom, 60%, 25\u2103)<\/p><\/td><td><p>\u00b10,5\u2103\uff0825\u2103)<\/p><\/td><td><p>\u00b13% (0-10000us\/cm); \u00b15% (10000-20000us\/cm)<\/p><p>(solo marrom, 60%RH, 25\u2103)<\/p><\/td><td><p>\u00b10,3PH (solo marrom, 60%RH, 25\u2103)<\/p><\/td><td><p>\u00b12%F.S<\/p><\/td><\/tr><tr><td><p>Resolu\u00e7\u00e3o<\/p><\/td><td><p>0.1%<\/p><\/td><td><p>0,1\u2103<\/p><\/td><td><p>1us\/cm<\/p><\/td><td><p>0.1<\/p><\/td><td><p>1mg\/kg(mg\/l)<\/p><\/td><\/tr><tr><td><p>Temperatura de trabalho<\/p><\/td><td colspan=\"5\"><p>-20 ~+60\u2103<\/p><\/td><\/tr><tr><td><p>Temperatura de compensa\u00e7\u00e3o<\/p><\/td><td colspan=\"5\"><p>Faixa de compensa\u00e7\u00e3o 0-50\u2103<\/p><\/td><\/tr><tr><td><p>Fonte de energia<\/p><\/td><td colspan=\"5\"><p>5~30 V CC<\/p><\/td><\/tr><tr><td><p>Consumo m\u00e1ximo de energia<\/p><\/td><td colspan=\"5\"><p>RS485: 0,5 W (24 V CC); Corrente: 0,4 W (12 V CC); Tens\u00e3o: 0,3 W (12 V CC)<\/p><\/td><\/tr><tr><td><p>Sa\u00edda de sinal<\/p><\/td><td colspan=\"5\"><p>4~20mA,0~5V,RS485, SDI-12<\/p><\/td><\/tr><tr><td><p>Prote\u00e7\u00e3o<\/p><\/td><td colspan=\"5\"><p>IP68<\/p><\/td><\/tr><tr><td><p>Material da sonda do sensor<\/p><\/td><td colspan=\"5\"><p>316, Eletrodo especial anticorrosivo<\/p><\/td><\/tr><tr><td><p>Material de veda\u00e7\u00e3o<\/p><\/td><td colspan=\"5\"><p>Resina ep\u00f3xi preta retardante de chamas<\/p><\/td><\/tr><tr><td><p>Comprimento do cabo<\/p><\/td><td colspan=\"5\"><p>2 metros por padr\u00e3o, o comprimento do cabo pode ser personalizado conforme necess\u00e1rio<\/p><\/td><\/tr><tr><td><p>Dimens\u00e3o<\/p><\/td><td colspan=\"5\"><p>45*15*123 mm<\/p><\/td><\/tr><\/tbody><\/table>                    <\/div>\n\t\t        \n                    <div id=\"selection-of-testing-methods-tab\" class=\"clearfix eael-tab-content-item inactive\" data-title-link=\"selection-of-testing-methods-tab\">\n\t\t\t\t        <p class=\"\" data-start=\"556\" data-end=\"632\">O dispositivo suporta ambos <strong data-start=\"581\" data-end=\"598\">testes r\u00e1pidos<\/strong> e <strong data-start=\"603\" data-end=\"621\">testes enterrados<\/strong> m\u00e9todos:<\/p><ul data-start=\"633\" data-end=\"939\"><li class=\"\" data-start=\"633\" data-end=\"778\"><p class=\"\" data-start=\"635\" data-end=\"778\"><strong data-start=\"635\" data-end=\"659\">M\u00e9todo de Teste R\u00e1pido<\/strong>: Me\u00e7a rapidamente os par\u00e2metros do solo inserindo o sensor diretamente na superf\u00edcie do solo, ideal para verifica\u00e7\u00f5es r\u00e1pidas.<\/p><\/li><li class=\"\" data-start=\"779\" data-end=\"939\"><p class=\"\" data-start=\"781\" data-end=\"939\"><strong data-start=\"781\" data-end=\"806\">M\u00e9todo de teste enterrado<\/strong>: Enterre o sensor em profundidades espec\u00edficas para um monitoramento do solo mais est\u00e1vel e de longo prazo, perfeito para pesquisas detalhadas e gerenciamento de culturas.<\/p><\/li><\/ul><article class=\"text-token-text-primary w-full\" dir=\"auto\" data-testid=\"conversation-turn-8\" data-scroll-anchor=\"true\"><div class=\"text-base my-auto mx-auto py-5 [--thread-content-margin:--spacing(4)] @[37rem]:[--thread-content-margin:--spacing(6)] @[70rem]:[--thread-content-margin:--spacing(12)] px-(--thread-content-margin)\"><div class=\"[--thread-content-max-width:32rem] @[34rem]:[--thread-content-max-width:40rem] @[64rem]:[--thread-content-max-width:48rem] mx-auto flex max-w-(--thread-content-max-width) flex-1 text-base gap-4 md:gap-5 lg:gap-6 group\/turn-messages focus-visible:outline-hidden\" tabindex=\"-1\"><div class=\"group\/conversation-turn relative flex w-full min-w-0 flex-col agent-turn\"><div class=\"relative flex-col gap-1 md:gap-3\"><div class=\"mt-3 w-full empty:hidden\"><div class=\"text-center\"><img decoding=\"async\" data-recalc-dims=\"1\" class=\"aligncenter wp-image-6625 size-full\" src=\"https:\/\/i0.wp.com\/ecosentec.com\/wp-content\/uploads\/2025\/04\/two-method-measure.jpg?resize=650%2C500&#038;ssl=1\" alt=\"sensor de solo de dois m\u00e9todos de medi\u00e7\u00e3o\" width=\"650\" height=\"500\" srcset=\"https:\/\/i0.wp.com\/ecosentec.com\/wp-content\/uploads\/2025\/04\/two-method-measure.jpg?w=650&amp;ssl=1 650w, https:\/\/i0.wp.com\/ecosentec.com\/wp-content\/uploads\/2025\/04\/two-method-measure.jpg?resize=300%2C231&amp;ssl=1 300w, https:\/\/i0.wp.com\/ecosentec.com\/wp-content\/uploads\/2025\/04\/two-method-measure.jpg?resize=600%2C462&amp;ssl=1 600w\" sizes=\"(max-width: 650px) 100vw, 650px\" \/><\/div><\/div><\/div><div class=\"absolute\"><div class=\"flex items-center justify-center\">\u00a0<\/div><\/div><\/div><\/div><\/div><\/article><div class=\"pointer-events-none h-px w-px\" aria-hidden=\"true\" data-edge=\"true\">\u00a0<\/div>                    <\/div>\n\t\t                    <\/div>\n        <\/div>\n\t\t\t\t<\/div>\n\t\t\t\t<\/div>\n\t\t\t\t\t<\/div>\n\t\t<\/div>\n\t\t\t\t\t<\/div>\n\t\t<\/section>\n\t\t\t\t\t<\/div>\n\t\t<\/div>\n\t\t\t\t\t<\/div>\n\t\t<\/section>\n\t\t\t\t<section data-particle_enable=\"false\" data-particle-mobile-disabled=\"false\" class=\"elementor-section elementor-top-section elementor-element elementor-element-bee132b elementor-section-full_width elementor-section-height-default elementor-section-height-default\" data-id=\"bee132b\" data-element_type=\"section\">\n\t\t\t\t\t\t<div class=\"elementor-container elementor-column-gap-no\">\n\t\t\t\t\t<div class=\"elementor-column elementor-col-100 elementor-top-column elementor-element elementor-element-53f035c\" data-id=\"53f035c\" data-element_type=\"column\" data-settings=\"{&quot;background_background&quot;:&quot;classic&quot;}\">\n\t\t\t<div class=\"elementor-widget-wrap elementor-element-populated\">\n\t\t\t\t\t\t<section data-particle_enable=\"false\" data-particle-mobile-disabled=\"false\" class=\"elementor-section elementor-inner-section elementor-element elementor-element-207b8b9 elementor-section-boxed elementor-section-height-default elementor-section-height-default\" data-id=\"207b8b9\" data-element_type=\"section\">\n\t\t\t\t\t\t<div class=\"elementor-container elementor-column-gap-no\">\n\t\t\t\t\t<div class=\"elementor-column elementor-col-66 elementor-inner-column elementor-element elementor-element-2fecacb elementor-invisible\" data-id=\"2fecacb\" data-element_type=\"column\" data-settings=\"{&quot;animation&quot;:&quot;fadeInLeft&quot;}\">\n\t\t\t<div class=\"elementor-widget-wrap elementor-element-populated\">\n\t\t\t\t\t\t<div class=\"elementor-element elementor-element-e53fab9 elementor-widget elementor-widget-heading\" data-id=\"e53fab9\" data-element_type=\"widget\" data-widget_type=\"heading.default\">\n\t\t\t\t<div class=\"elementor-widget-container\">\n\t\t\t\t\t<h2 class=\"elementor-heading-title elementor-size-default\">Introdu\u00e7\u00e3o \u00e0s fun\u00e7\u00f5es do aplicativo<\/h2>\t\t\t\t<\/div>\n\t\t\t\t<\/div>\n\t\t\t\t\t<\/div>\n\t\t<\/div>\n\t\t\t\t<div class=\"elementor-column elementor-col-33 elementor-inner-column elementor-element elementor-element-d530129\" data-id=\"d530129\" data-element_type=\"column\">\n\t\t\t<div class=\"elementor-widget-wrap\">\n\t\t\t\t\t\t\t<\/div>\n\t\t<\/div>\n\t\t\t\t\t<\/div>\n\t\t<\/section>\n\t\t\t\t<section data-particle_enable=\"false\" data-particle-mobile-disabled=\"false\" class=\"elementor-section elementor-inner-section elementor-element elementor-element-dfc17dd elementor-section-boxed elementor-section-height-default elementor-section-height-default\" data-id=\"dfc17dd\" data-element_type=\"section\">\n\t\t\t\t\t\t<div class=\"elementor-container elementor-column-gap-no\">\n\t\t\t\t\t<div class=\"elementor-column elementor-col-100 elementor-inner-column elementor-element elementor-element-ced9af7\" data-id=\"ced9af7\" data-element_type=\"column\">\n\t\t\t<div class=\"elementor-widget-wrap elementor-element-populated\">\n\t\t\t\t\t\t<div class=\"elementor-element elementor-element-44ca729 elementor-widget elementor-widget-text-editor\" data-id=\"44ca729\" data-element_type=\"widget\" data-widget_type=\"text-editor.default\">\n\t\t\t\t<div class=\"elementor-widget-container\">\n\t\t\t\t\t\t\t\t\t<p class=\"\" data-start=\"145\" data-end=\"324\">Projetado para facilidade de uso e an\u00e1lise de n\u00edvel profissional, o aplicativo m\u00f3vel aprimora a funcionalidade do instrumento de teste de solo com recursos poderosos:<\/p><p class=\"\" data-start=\"328\" data-end=\"462\">\ud83c\udf10 <strong data-start=\"331\" data-end=\"357\">Interface multil\u00edngue<\/strong>: Suporta intercambiabilidade de interface entre <strong data-start=\"403\" data-end=\"418\">8 idiomas<\/strong>, tornando-o acess\u00edvel a usu\u00e1rios no mundo todo.<\/p><p class=\"\" data-start=\"328\" data-end=\"462\">\ud83d\udcca <strong data-start=\"468\" data-end=\"494\">Exibi\u00e7\u00e3o de dados em tempo real<\/strong>: Visualize instantaneamente as leituras do solo no seu dispositivo m\u00f3vel.<\/p><p data-start=\"328\" data-end=\"462\"><img decoding=\"async\" data-recalc-dims=\"1\" class=\"aligncenter wp-image-6627 size-full\" src=\"https:\/\/i0.wp.com\/ecosentec.com\/wp-content\/uploads\/2025\/04\/soil-sensor-app-functions-2.jpg?resize=650%2C500&#038;ssl=1\" alt=\"fun\u00e7\u00f5es do aplicativo sensor de solo\" width=\"650\" height=\"500\" srcset=\"https:\/\/i0.wp.com\/ecosentec.com\/wp-content\/uploads\/2025\/04\/soil-sensor-app-functions-2.jpg?w=650&amp;ssl=1 650w, https:\/\/i0.wp.com\/ecosentec.com\/wp-content\/uploads\/2025\/04\/soil-sensor-app-functions-2.jpg?resize=300%2C231&amp;ssl=1 300w, https:\/\/i0.wp.com\/ecosentec.com\/wp-content\/uploads\/2025\/04\/soil-sensor-app-functions-2.jpg?resize=600%2C462&amp;ssl=1 600w\" sizes=\"(max-width: 650px) 100vw, 650px\" \/><\/p><p class=\"\" data-start=\"552\" data-end=\"671\">\ud83d\uddc3\ufe0f <strong data-start=\"556\" data-end=\"596\">Armazenamento e gerenciamento de dados hist\u00f3ricos<\/strong>: Salve, visualize e gerencie registros de medi\u00e7\u00f5es anteriores para an\u00e1lises de longo prazo.<\/p><p class=\"\" data-start=\"674\" data-end=\"781\">\ud83d\udcc8 <strong data-start=\"677\" data-end=\"705\">An\u00e1lise de Tend\u00eancias Gr\u00e1ficas<\/strong>: Visualize mudan\u00e7as nos par\u00e2metros do solo ao longo do tempo com gr\u00e1ficos f\u00e1ceis de ler.<\/p><p class=\"\" data-start=\"784\" data-end=\"886\">\ud83d\udce4 <strong data-start=\"787\" data-end=\"812\">Exporta\u00e7\u00e3o de dados com um clique<\/strong>:Exportar dados em <strong data-start=\"829\" data-end=\"838\">Excel<\/strong> ou <strong data-start=\"842\" data-end=\"849\">PDF<\/strong> formatos para relat\u00f3rios e compartilhamento.<\/p><p><img loading=\"lazy\" decoding=\"async\" data-recalc-dims=\"1\" class=\"aligncenter wp-image-6626 size-full\" src=\"https:\/\/i0.wp.com\/ecosentec.com\/wp-content\/uploads\/2025\/04\/soil-sensor-mobile-function.jpg?resize=650%2C500&#038;ssl=1\" alt=\"fun\u00e7\u00f5es m\u00f3veis do sensor de solo\" width=\"650\" height=\"500\" srcset=\"https:\/\/i0.wp.com\/ecosentec.com\/wp-content\/uploads\/2025\/04\/soil-sensor-mobile-function.jpg?w=650&amp;ssl=1 650w, https:\/\/i0.wp.com\/ecosentec.com\/wp-content\/uploads\/2025\/04\/soil-sensor-mobile-function.jpg?resize=300%2C231&amp;ssl=1 300w, https:\/\/i0.wp.com\/ecosentec.com\/wp-content\/uploads\/2025\/04\/soil-sensor-mobile-function.jpg?resize=600%2C462&amp;ssl=1 600w\" sizes=\"(max-width: 650px) 100vw, 650px\" \/><\/p><p>\u00a0<\/p>\t\t\t\t\t\t\t\t<\/div>\n\t\t\t\t<\/div>\n\t\t\t\t\t<\/div>\n\t\t<\/div>\n\t\t\t\t\t<\/div>\n\t\t<\/section>\n\t\t\t\t\t<\/div>\n\t\t<\/div>\n\t\t\t\t\t<\/div>\n\t\t<\/section>\n\t\t\t\t<\/div>","protected":false},"excerpt":{"rendered":"<p>Mobile soil testing instrument EcoSentec Mobile Soil Testing \u200bSolution System Introduction technical\u00a0specification Selection of testing methods Mobile Soil Testing Instrument\u200b This compact and user-friendly mobile soil testing instrument is designed for quick and accurate on-site soil analysis. It connects directly to your smartphone and works seamlessly with a free, intuitive app. With immediate measurement and [&hellip;]<\/p>","protected":false},"author":1,"featured_media":0,"parent":0,"menu_order":0,"comment_status":"closed","ping_status":"closed","template":"elementor_header_footer","meta":{"om_disable_all_campaigns":false,"_monsterinsights_skip_tracking":false,"_monsterinsights_sitenote_active":false,"_monsterinsights_sitenote_note":"","_monsterinsights_sitenote_category":0,"site-sidebar-layout":"no-sidebar","site-content-layout":"page-builder","ast-site-content-layout":"full-width-container","site-content-style":"default","site-sidebar-style":"default","ast-global-header-display":"","ast-banner-title-visibility":"","ast-main-header-display":"","ast-hfb-above-header-display":"","ast-hfb-below-header-display":"","ast-hfb-mobile-header-display":"","site-post-title":"disabled","ast-breadcrumbs-content":"","ast-featured-img":"disabled","footer-sml-layout":"","ast-disable-related-posts":"","theme-transparent-header-meta":"","adv-header-id-meta":"","stick-header-meta":"","header-above-stick-meta":"","header-main-stick-meta":"","header-below-stick-meta":"","astra-migrate-meta-layouts":"set","ast-page-background-enabled":"default","ast-page-background-meta":{"desktop":{"background-color":"","background-image":"","background-repeat":"repeat","background-position":"center center","background-size":"auto","background-attachment":"scroll","background-type":"","background-media":"","overlay-type":"","overlay-color":"","overlay-opacity":"","overlay-gradient":""},"tablet":{"background-color":"","background-image":"","background-repeat":"repeat","background-position":"center center","background-size":"auto","background-attachment":"scroll","background-type":"","background-media":"","overlay-type":"","overlay-color":"","overlay-opacity":"","overlay-gradient":""},"mobile":{"background-color":"","background-image":"","background-repeat":"repeat","background-position":"center center","background-size":"auto","background-attachment":"scroll","background-type":"","background-media":"","overlay-type":"","overlay-color":"","overlay-opacity":"","overlay-gradient":""}},"ast-content-background-meta":{"desktop":{"background-color":"var(--ast-global-color-5)","background-image":"","background-repeat":"repeat","background-position":"center center","background-size":"auto","background-attachment":"scroll","background-type":"","background-media":"","overlay-type":"","overlay-color":"","overlay-opacity":"","overlay-gradient":""},"tablet":{"background-color":"var(--ast-global-color-5)","background-image":"","background-repeat":"repeat","background-position":"center center","background-size":"auto","background-attachment":"scroll","background-type":"","background-media":"","overlay-type":"","overlay-color":"","overlay-opacity":"","overlay-gradient":""},"mobile":{"background-color":"var(--ast-global-color-5)","background-image":"","background-repeat":"repeat","background-position":"center center","background-size":"auto","background-attachment":"scroll","background-type":"","background-media":"","overlay-type":"","overlay-color":"","overlay-opacity":"","overlay-gradient":""}},"_joinchat":[],"footnotes":""},"class_list":["post-6622","page","type-page","status-publish","hentry"],"jetpack_sharing_enabled":true,"_links":{"self":[{"href":"https:\/\/ecosentec.com\/pt\/wp-json\/wp\/v2\/pages\/6622","targetHints":{"allow":["GET"]}}],"collection":[{"href":"https:\/\/ecosentec.com\/pt\/wp-json\/wp\/v2\/pages"}],"about":[{"href":"https:\/\/ecosentec.com\/pt\/wp-json\/wp\/v2\/types\/page"}],"author":[{"embeddable":true,"href":"https:\/\/ecosentec.com\/pt\/wp-json\/wp\/v2\/users\/1"}],"replies":[{"embeddable":true,"href":"https:\/\/ecosentec.com\/pt\/wp-json\/wp\/v2\/comments?post=6622"}],"version-history":[{"count":3,"href":"https:\/\/ecosentec.com\/pt\/wp-json\/wp\/v2\/pages\/6622\/revisions"}],"predecessor-version":[{"id":6630,"href":"https:\/\/ecosentec.com\/pt\/wp-json\/wp\/v2\/pages\/6622\/revisions\/6630"}],"wp:attachment":[{"href":"https:\/\/ecosentec.com\/pt\/wp-json\/wp\/v2\/media?parent=6622"}],"curies":[{"name":"wp","href":"https:\/\/api.w.org\/{rel}","templated":true}]}}