{"id":6540,"date":"2025-04-24T03:52:36","date_gmt":"2025-04-24T03:52:36","guid":{"rendered":"https:\/\/ecosentec.com\/?post_type=product&#038;p=6540"},"modified":"2025-04-24T03:55:08","modified_gmt":"2025-04-24T03:55:08","slug":"ethernet-datalogger","status":"publish","type":"product","link":"https:\/\/ecosentec.com\/nl\/product\/ethernet-datalogger\/","title":{"rendered":"WDSQ300 Ethernet-datalogger"},"content":{"rendered":"<p>De WDSQ300 is een veelzijdige console met meerdere functies, die niet alleen realtime gegevens kan weergeven en loggen, maar ook een TCP-verbinding als client met uw server kan maken en gegevens naar Weather kan uploaden. <a href=\"https:\/\/www.wunderground.com\/\" target=\"_blank\" rel=\"noopener\">WUnderground<\/a> of ons IoT-platform. Alle gegevens die via de seri\u00eble poort (UART, RS485, RS232, TTL, deze kunt u opgeven bij het plaatsen van uw bestelling) worden automatisch ge\u00fcpload naar uw server. Het werkt op basis van een ge\u00efntegreerd realtime besturingssysteem, dat stabiel is en geen systeemcrashes kent. Het ondersteunt onze ongevraagde (actieve) uitvoer in ASCII-streamformaat, NMEA0183 en het MODBUS-RTU-protocol. We kunnen het ook aanpassen aan uw eigen protocol, afhankelijk van uw wensen. Meerdere talen zijn mogelijk.<span class=\"Apple-converted-space\">\u00a0<\/span><\/p>","protected":false},"excerpt":{"rendered":"<p>De WDSQ300 is een veelzijdige console met meerdere functies, die niet alleen realtime gegevens kan weergeven en loggen, maar ook een TCP-verbinding als client met uw server kan maken en gegevens naar Weather kan uploaden. <a href=\"https:\/\/www.wunderground.com\/\">WUnderground<\/a> of ons IoT-platform. Alle gegevens die via de seri\u00eble poort worden ontvangen (UART, RS485, RS232, TTL; deze kunt u bepalen wanneer u uw bestelling plaatst) worden automatisch ge\u00fcpload naar uw server.<\/p>","protected":false},"featured_media":6541,"template":"","meta":{"om_disable_all_campaigns":false,"_monsterinsights_skip_tracking":false,"_monsterinsights_sitenote_active":false,"_monsterinsights_sitenote_note":"","_monsterinsights_sitenote_category":0,"site-sidebar-layout":"default","site-content-layout":"default","ast-site-content-layout":"default","site-content-style":"default","site-sidebar-style":"default","ast-global-header-display":"","ast-banner-title-visibility":"","ast-main-header-display":"","ast-hfb-above-header-display":"","ast-hfb-below-header-display":"","ast-hfb-mobile-header-display":"","site-post-title":"","ast-breadcrumbs-content":"","ast-featured-img":"","footer-sml-layout":"","ast-disable-related-posts":"","theme-transparent-header-meta":"default","adv-header-id-meta":"","stick-header-meta":"","header-above-stick-meta":"","header-main-stick-meta":"","header-below-stick-meta":"","astra-migrate-meta-layouts":"set","ast-page-background-enabled":"default","ast-page-background-meta":{"desktop":{"background-color":"","background-image":"","background-repeat":"repeat","background-position":"center center","background-size":"auto","background-attachment":"scroll","background-type":"","background-media":"","overlay-type":"","overlay-color":"","overlay-opacity":"","overlay-gradient":""},"tablet":{"background-color":"","background-image":"","background-repeat":"repeat","background-position":"center center","background-size":"auto","background-attachment":"scroll","background-type":"","background-media":"","overlay-type":"","overlay-color":"","overlay-opacity":"","overlay-gradient":""},"mobile":{"background-color":"","background-image":"","background-repeat":"repeat","background-position":"center center","background-size":"auto","background-attachment":"scroll","background-type":"","background-media":"","overlay-type":"","overlay-color":"","overlay-opacity":"","overlay-gradient":""}},"ast-content-background-meta":{"desktop":{"background-color":"var(--ast-global-color-5)","background-image":"","background-repeat":"repeat","background-position":"center center","background-size":"auto","background-attachment":"scroll","background-type":"","background-media":"","overlay-type":"","overlay-color":"","overlay-opacity":"","overlay-gradient":""},"tablet":{"background-color":"var(--ast-global-color-5)","background-image":"","background-repeat":"repeat","background-position":"center center","background-size":"auto","background-attachment":"scroll","background-type":"","background-media":"","overlay-type":"","overlay-color":"","overlay-opacity":"","overlay-gradient":""},"mobile":{"background-color":"var(--ast-global-color-5)","background-image":"","background-repeat":"repeat","background-position":"center center","background-size":"auto","background-attachment":"scroll","background-type":"","background-media":"","overlay-type":"","overlay-color":"","overlay-opacity":"","overlay-gradient":""}},"_joinchat":[]},"product_brand":[],"product_cat":[280,86],"product_tag":[],"class_list":{"0":"post-6540","1":"product","2":"type-product","3":"status-publish","4":"has-post-thumbnail","6":"product_cat-display-console-data-logger","7":"product_cat-weather-station","8":"desktop-align-left","9":"tablet-align-left","10":"mobile-align-left","12":"first","13":"instock","14":"shipping-taxable","15":"purchasable","16":"product-type-simple"},"jetpack_sharing_enabled":true,"_links":{"self":[{"href":"https:\/\/ecosentec.com\/nl\/wp-json\/wp\/v2\/product\/6540","targetHints":{"allow":["GET"]}}],"collection":[{"href":"https:\/\/ecosentec.com\/nl\/wp-json\/wp\/v2\/product"}],"about":[{"href":"https:\/\/ecosentec.com\/nl\/wp-json\/wp\/v2\/types\/product"}],"version-history":[{"count":2,"href":"https:\/\/ecosentec.com\/nl\/wp-json\/wp\/v2\/product\/6540\/revisions"}],"predecessor-version":[{"id":6544,"href":"https:\/\/ecosentec.com\/nl\/wp-json\/wp\/v2\/product\/6540\/revisions\/6544"}],"wp:featuredmedia":[{"embeddable":true,"href":"https:\/\/ecosentec.com\/nl\/wp-json\/wp\/v2\/media\/6541"}],"wp:attachment":[{"href":"https:\/\/ecosentec.com\/nl\/wp-json\/wp\/v2\/media?parent=6540"}],"wp:term":[{"taxonomy":"product_brand","embeddable":true,"href":"https:\/\/ecosentec.com\/nl\/wp-json\/wp\/v2\/product_brand?post=6540"},{"taxonomy":"product_cat","embeddable":true,"href":"https:\/\/ecosentec.com\/nl\/wp-json\/wp\/v2\/product_cat?post=6540"},{"taxonomy":"product_tag","embeddable":true,"href":"https:\/\/ecosentec.com\/nl\/wp-json\/wp\/v2\/product_tag?post=6540"}],"curies":[{"name":"wp","href":"https:\/\/api.w.org\/{rel}","templated":true}]}}