{"id":5041,"date":"2025-03-27T08:51:46","date_gmt":"2025-03-27T08:51:46","guid":{"rendered":"https:\/\/ecosentec.com\/?post_type=product&#038;p=5041"},"modified":"2025-04-12T09:55:54","modified_gmt":"2025-04-12T09:55:54","slug":"bodemvocht-temperatuur-ph-ec-npk-transmitter","status":"publish","type":"product","link":"https:\/\/ecosentec.com\/nl\/product\/bodemvocht-temperatuur-ph-ec-npk-transmitter\/","title":{"rendered":"ES-S2253 Ge\u00efsoleerde bodemvochtigheidstemperatuur ph ec npk-transmitter"},"content":{"rendered":"<p class=\"p1\">ES-S2253 Elektrisch ge\u00efsoleerde bodemtransmitter met elektrisch isolatieontwerp is bestand tegen complexe interferentie op locatie. Ondersteunt enkelvoudige meting van temperatuur en vochtigheid, EC, pH-waarde, stikstof, fosfor en kalium.<\/p>\n<p class=\"p1\">of alles-in-\u00e9\u00e9n gelijktijdige meting. De sensor maakt gebruik van een uit Duitsland ge\u00efmporteerde sensor, met een eigen temperatuurcompensatiemodule en dataverwerkingsmodule, en is zeer flexibel in de gebruiksomgeving. De sonde is gemaakt van roestvrij staal 316, heeft beschermingsklasse IP68, is goed afgedicht, kan direct in de grond worden begraven en is corrosiebestendig.<\/p>","protected":false},"excerpt":{"rendered":"<p>ES-S2253 Elektrisch ge\u00efsoleerde bodemtransmitter met elektrisch isolatieontwerp is bestand tegen complexe interferentie op locatie. Ondersteunt enkelvoudige meting van temperatuur en vochtigheid, EC, pH-waarde, stikstof, fosfor en kalium.<\/p>","protected":false},"featured_media":6167,"template":"","meta":{"om_disable_all_campaigns":false,"_monsterinsights_skip_tracking":false,"_monsterinsights_sitenote_active":false,"_monsterinsights_sitenote_note":"","_monsterinsights_sitenote_category":0,"site-sidebar-layout":"default","site-content-layout":"default","ast-site-content-layout":"default","site-content-style":"default","site-sidebar-style":"default","ast-global-header-display":"","ast-banner-title-visibility":"","ast-main-header-display":"","ast-hfb-above-header-display":"","ast-hfb-below-header-display":"","ast-hfb-mobile-header-display":"","site-post-title":"","ast-breadcrumbs-content":"","ast-featured-img":"","footer-sml-layout":"","ast-disable-related-posts":"","theme-transparent-header-meta":"default","adv-header-id-meta":"","stick-header-meta":"","header-above-stick-meta":"","header-main-stick-meta":"","header-below-stick-meta":"","astra-migrate-meta-layouts":"set","ast-page-background-enabled":"default","ast-page-background-meta":{"desktop":{"background-color":"","background-image":"","background-repeat":"repeat","background-position":"center center","background-size":"auto","background-attachment":"scroll","background-type":"","background-media":"","overlay-type":"","overlay-color":"","overlay-opacity":"","overlay-gradient":""},"tablet":{"background-color":"","background-image":"","background-repeat":"repeat","background-position":"center center","background-size":"auto","background-attachment":"scroll","background-type":"","background-media":"","overlay-type":"","overlay-color":"","overlay-opacity":"","overlay-gradient":""},"mobile":{"background-color":"","background-image":"","background-repeat":"repeat","background-position":"center center","background-size":"auto","background-attachment":"scroll","background-type":"","background-media":"","overlay-type":"","overlay-color":"","overlay-opacity":"","overlay-gradient":""}},"ast-content-background-meta":{"desktop":{"background-color":"var(--ast-global-color-5)","background-image":"","background-repeat":"repeat","background-position":"center center","background-size":"auto","background-attachment":"scroll","background-type":"","background-media":"","overlay-type":"","overlay-color":"","overlay-opacity":"","overlay-gradient":""},"tablet":{"background-color":"var(--ast-global-color-5)","background-image":"","background-repeat":"repeat","background-position":"center center","background-size":"auto","background-attachment":"scroll","background-type":"","background-media":"","overlay-type":"","overlay-color":"","overlay-opacity":"","overlay-gradient":""},"mobile":{"background-color":"var(--ast-global-color-5)","background-image":"","background-repeat":"repeat","background-position":"center center","background-size":"auto","background-attachment":"scroll","background-type":"","background-media":"","overlay-type":"","overlay-color":"","overlay-opacity":"","overlay-gradient":""}},"_joinchat":[]},"product_brand":[],"product_cat":[94,95],"product_tag":[],"class_list":{"0":"post-5041","1":"product","2":"type-product","3":"status-publish","4":"has-post-thumbnail","6":"product_cat-agro-soil-sensor","7":"product_cat-soil-sensor","8":"desktop-align-left","9":"tablet-align-left","10":"mobile-align-left","12":"first","13":"instock","14":"shipping-taxable","15":"purchasable","16":"product-type-simple"},"jetpack_sharing_enabled":true,"_links":{"self":[{"href":"https:\/\/ecosentec.com\/nl\/wp-json\/wp\/v2\/product\/5041","targetHints":{"allow":["GET"]}}],"collection":[{"href":"https:\/\/ecosentec.com\/nl\/wp-json\/wp\/v2\/product"}],"about":[{"href":"https:\/\/ecosentec.com\/nl\/wp-json\/wp\/v2\/types\/product"}],"version-history":[{"count":2,"href":"https:\/\/ecosentec.com\/nl\/wp-json\/wp\/v2\/product\/5041\/revisions"}],"predecessor-version":[{"id":6168,"href":"https:\/\/ecosentec.com\/nl\/wp-json\/wp\/v2\/product\/5041\/revisions\/6168"}],"wp:featuredmedia":[{"embeddable":true,"href":"https:\/\/ecosentec.com\/nl\/wp-json\/wp\/v2\/media\/6167"}],"wp:attachment":[{"href":"https:\/\/ecosentec.com\/nl\/wp-json\/wp\/v2\/media?parent=5041"}],"wp:term":[{"taxonomy":"product_brand","embeddable":true,"href":"https:\/\/ecosentec.com\/nl\/wp-json\/wp\/v2\/product_brand?post=5041"},{"taxonomy":"product_cat","embeddable":true,"href":"https:\/\/ecosentec.com\/nl\/wp-json\/wp\/v2\/product_cat?post=5041"},{"taxonomy":"product_tag","embeddable":true,"href":"https:\/\/ecosentec.com\/nl\/wp-json\/wp\/v2\/product_tag?post=5041"}],"curies":[{"name":"wp","href":"https:\/\/api.w.org\/{rel}","templated":true}]}}