{"id":5023,"date":"2025-03-27T08:51:44","date_gmt":"2025-03-27T08:51:44","guid":{"rendered":"https:\/\/ecosentec.com\/?post_type=product&#038;p=5023"},"modified":"2025-04-10T08:50:38","modified_gmt":"2025-04-10T08:50:38","slug":"temperatuur-en-vochtigheidssensor","status":"publish","type":"product","link":"https:\/\/ecosentec.com\/nl\/product\/temperatuur-en-vochtigheidssensor\/","title":{"rendered":"ES-A220 temperatuur- en vochtigheidssensor"},"content":{"rendered":"<p class=\"p1\">De ES-A220 temperatuur- en vochtigheidssensor is een hoogwaardige wandbehuizing met beschermingsgraad IP65, regen- en sneeuwbestendig, goede luchtdoorlatendheid en een displayfunctie die de actuele temperatuur en vochtigheid in realtime kan weergeven. Het circuit maakt gebruik van een industri\u00eble microprocessorchip, ge\u00efmporteerd uit de Verenigde Staten, en een ge\u00efmporteerde, zeer nauwkeurige temperatuursensor om een uitstekende productbetrouwbaarheid, hoge precisie en goede uitwisselbaarheid te garanderen. Dit product maakt gebruik van een korrelige, gesinterde sondemantel. De sonde is direct verbonden met de behuizing. Diverse sondes zijn optioneel en de verlengde sondelijn kan worden verlengd tot 30 meter, met een standaardlengte van 0,6 meter.<\/p>\n<p class=\"p1\">Het ondersteunt meerdere signaaluitgangen van RS485\/4-20mA\/0-10V\/0-5V, de maximale communicatieafstand van RS485 is 2000 meter, standaard Modbus-protocol en ondersteunt secundaire ontwikkeling.<\/p>","protected":false},"excerpt":{"rendered":"<p>De ES-A220 temperatuur- en vochtigheidssensor heeft een hoogwaardige wandbehuizing met beschermingsgraad IP65, is regen- en sneeuwbestendig, heeft een goede luchtdoorlatendheid en beschikt over een displayfunctie die de actuele temperatuur en vochtigheid in realtime kan weergeven.<\/p>","protected":false},"featured_media":6052,"template":"","meta":{"om_disable_all_campaigns":false,"_monsterinsights_skip_tracking":false,"_monsterinsights_sitenote_active":false,"_monsterinsights_sitenote_note":"","_monsterinsights_sitenote_category":0,"site-sidebar-layout":"default","site-content-layout":"default","ast-site-content-layout":"default","site-content-style":"default","site-sidebar-style":"default","ast-global-header-display":"","ast-banner-title-visibility":"","ast-main-header-display":"","ast-hfb-above-header-display":"","ast-hfb-below-header-display":"","ast-hfb-mobile-header-display":"","site-post-title":"","ast-breadcrumbs-content":"","ast-featured-img":"","footer-sml-layout":"","ast-disable-related-posts":"","theme-transparent-header-meta":"default","adv-header-id-meta":"","stick-header-meta":"","header-above-stick-meta":"","header-main-stick-meta":"","header-below-stick-meta":"","astra-migrate-meta-layouts":"set","ast-page-background-enabled":"default","ast-page-background-meta":{"desktop":{"background-color":"","background-image":"","background-repeat":"repeat","background-position":"center center","background-size":"auto","background-attachment":"scroll","background-type":"","background-media":"","overlay-type":"","overlay-color":"","overlay-opacity":"","overlay-gradient":""},"tablet":{"background-color":"","background-image":"","background-repeat":"repeat","background-position":"center center","background-size":"auto","background-attachment":"scroll","background-type":"","background-media":"","overlay-type":"","overlay-color":"","overlay-opacity":"","overlay-gradient":""},"mobile":{"background-color":"","background-image":"","background-repeat":"repeat","background-position":"center center","background-size":"auto","background-attachment":"scroll","background-type":"","background-media":"","overlay-type":"","overlay-color":"","overlay-opacity":"","overlay-gradient":""}},"ast-content-background-meta":{"desktop":{"background-color":"var(--ast-global-color-5)","background-image":"","background-repeat":"repeat","background-position":"center center","background-size":"auto","background-attachment":"scroll","background-type":"","background-media":"","overlay-type":"","overlay-color":"","overlay-opacity":"","overlay-gradient":""},"tablet":{"background-color":"var(--ast-global-color-5)","background-image":"","background-repeat":"repeat","background-position":"center center","background-size":"auto","background-attachment":"scroll","background-type":"","background-media":"","overlay-type":"","overlay-color":"","overlay-opacity":"","overlay-gradient":""},"mobile":{"background-color":"var(--ast-global-color-5)","background-image":"","background-repeat":"repeat","background-position":"center center","background-size":"auto","background-attachment":"scroll","background-type":"","background-media":"","overlay-type":"","overlay-color":"","overlay-opacity":"","overlay-gradient":""}},"_joinchat":[]},"product_brand":[],"product_cat":[89,90],"product_tag":[],"class_list":{"0":"post-5023","1":"product","2":"type-product","3":"status-publish","4":"has-post-thumbnail","6":"product_cat-ambient-sensor","7":"product_cat-temperature-humidity-sensor","8":"desktop-align-left","9":"tablet-align-left","10":"mobile-align-left","12":"first","13":"instock","14":"shipping-taxable","15":"purchasable","16":"product-type-simple"},"jetpack_sharing_enabled":true,"_links":{"self":[{"href":"https:\/\/ecosentec.com\/nl\/wp-json\/wp\/v2\/product\/5023","targetHints":{"allow":["GET"]}}],"collection":[{"href":"https:\/\/ecosentec.com\/nl\/wp-json\/wp\/v2\/product"}],"about":[{"href":"https:\/\/ecosentec.com\/nl\/wp-json\/wp\/v2\/types\/product"}],"version-history":[{"count":3,"href":"https:\/\/ecosentec.com\/nl\/wp-json\/wp\/v2\/product\/5023\/revisions"}],"predecessor-version":[{"id":6058,"href":"https:\/\/ecosentec.com\/nl\/wp-json\/wp\/v2\/product\/5023\/revisions\/6058"}],"wp:featuredmedia":[{"embeddable":true,"href":"https:\/\/ecosentec.com\/nl\/wp-json\/wp\/v2\/media\/6052"}],"wp:attachment":[{"href":"https:\/\/ecosentec.com\/nl\/wp-json\/wp\/v2\/media?parent=5023"}],"wp:term":[{"taxonomy":"product_brand","embeddable":true,"href":"https:\/\/ecosentec.com\/nl\/wp-json\/wp\/v2\/product_brand?post=5023"},{"taxonomy":"product_cat","embeddable":true,"href":"https:\/\/ecosentec.com\/nl\/wp-json\/wp\/v2\/product_cat?post=5023"},{"taxonomy":"product_tag","embeddable":true,"href":"https:\/\/ecosentec.com\/nl\/wp-json\/wp\/v2\/product_tag?post=5023"}],"curies":[{"name":"wp","href":"https:\/\/api.w.org\/{rel}","templated":true}]}}