{"id":4825,"date":"2025-03-27T08:09:58","date_gmt":"2025-03-27T08:09:58","guid":{"rendered":"https:\/\/ecosentec.com\/?post_type=product&#038;p=4825"},"modified":"2025-10-24T09:00:25","modified_gmt":"2025-10-24T09:00:25","slug":"ultraviolette-sensor","status":"publish","type":"product","link":"https:\/\/ecosentec.com\/nl\/product\/ultraviolette-sensor\/","title":{"rendered":"ES-S228V Ultraviolette sensor"},"content":{"rendered":"<p class=\"p1\"><span class=\"s1\">ES-S228V <\/span>is een door ons bedrijf ontwikkelde ultravioletsensor. Dit product is gebaseerd op het principe dat een lichtgevoelig element ultraviolet licht omzet in een meetbaar elektrisch signaal om online monitoring van ultraviolet licht mogelijk te maken. Het circuit maakt gebruik van ge\u00efmporteerde Amerikaanse industri\u00eble microprocessorchips en ge\u00efmporteerde, zeer nauwkeurige ultravioletsensoren om de uitstekende betrouwbaarheid en hoge precisie van het product te garanderen. De ge\u00efntegreerde sensor van het product is ge\u00efntegreerd en de meetgegevens zijn uitgebreider. Het product genereert 485 signalen (standaard Modbus-RTU-protocol), kan tot 2000 meter communiceren en ondersteunt secundaire ontwikkeling. De behuizing van het product heeft een hoge beschermingsgraad en de beschermingsgraad is IP67.<\/p>","protected":false},"excerpt":{"rendered":"<p><span class=\"s1\">ES-S228V <\/span>is een door ons bedrijf ontwikkelde ultravioletsensor. Dit product is gebaseerd op het principe dat een lichtgevoelig element ultraviolet licht omzet in een meetbaar elektrisch signaal om online monitoring van ultraviolet licht mogelijk te maken.<\/p>","protected":false},"featured_media":6548,"template":"","meta":{"om_disable_all_campaigns":false,"_monsterinsights_skip_tracking":false,"_monsterinsights_sitenote_active":false,"_monsterinsights_sitenote_note":"","_monsterinsights_sitenote_category":0,"site-sidebar-layout":"default","site-content-layout":"default","ast-site-content-layout":"default","site-content-style":"default","site-sidebar-style":"default","ast-global-header-display":"","ast-banner-title-visibility":"","ast-main-header-display":"","ast-hfb-above-header-display":"","ast-hfb-below-header-display":"","ast-hfb-mobile-header-display":"","site-post-title":"","ast-breadcrumbs-content":"","ast-featured-img":"","footer-sml-layout":"","ast-disable-related-posts":"","theme-transparent-header-meta":"default","adv-header-id-meta":"","stick-header-meta":"","header-above-stick-meta":"","header-main-stick-meta":"","header-below-stick-meta":"","astra-migrate-meta-layouts":"set","ast-page-background-enabled":"default","ast-page-background-meta":{"desktop":{"background-color":"","background-image":"","background-repeat":"repeat","background-position":"center center","background-size":"auto","background-attachment":"scroll","background-type":"","background-media":"","overlay-type":"","overlay-color":"","overlay-opacity":"","overlay-gradient":""},"tablet":{"background-color":"","background-image":"","background-repeat":"repeat","background-position":"center center","background-size":"auto","background-attachment":"scroll","background-type":"","background-media":"","overlay-type":"","overlay-color":"","overlay-opacity":"","overlay-gradient":""},"mobile":{"background-color":"","background-image":"","background-repeat":"repeat","background-position":"center center","background-size":"auto","background-attachment":"scroll","background-type":"","background-media":"","overlay-type":"","overlay-color":"","overlay-opacity":"","overlay-gradient":""}},"ast-content-background-meta":{"desktop":{"background-color":"var(--ast-global-color-5)","background-image":"","background-repeat":"repeat","background-position":"center center","background-size":"auto","background-attachment":"scroll","background-type":"","background-media":"","overlay-type":"","overlay-color":"","overlay-opacity":"","overlay-gradient":""},"tablet":{"background-color":"var(--ast-global-color-5)","background-image":"","background-repeat":"repeat","background-position":"center center","background-size":"auto","background-attachment":"scroll","background-type":"","background-media":"","overlay-type":"","overlay-color":"","overlay-opacity":"","overlay-gradient":""},"mobile":{"background-color":"var(--ast-global-color-5)","background-image":"","background-repeat":"repeat","background-position":"center center","background-size":"auto","background-attachment":"scroll","background-type":"","background-media":"","overlay-type":"","overlay-color":"","overlay-opacity":"","overlay-gradient":""}},"_joinchat":[]},"product_brand":[],"product_cat":[76,85],"product_tag":[302],"class_list":{"0":"post-4825","1":"product","2":"type-product","3":"status-publish","4":"has-post-thumbnail","6":"product_cat-solar-radiation-sensor","7":"product_cat-uv-radiometers","8":"product_tag-solar-radiation-sensor","9":"desktop-align-left","10":"tablet-align-left","11":"mobile-align-left","13":"first","14":"instock","15":"shipping-taxable","16":"purchasable","17":"product-type-simple"},"jetpack_sharing_enabled":true,"_links":{"self":[{"href":"https:\/\/ecosentec.com\/nl\/wp-json\/wp\/v2\/product\/4825","targetHints":{"allow":["GET"]}}],"collection":[{"href":"https:\/\/ecosentec.com\/nl\/wp-json\/wp\/v2\/product"}],"about":[{"href":"https:\/\/ecosentec.com\/nl\/wp-json\/wp\/v2\/types\/product"}],"version-history":[{"count":2,"href":"https:\/\/ecosentec.com\/nl\/wp-json\/wp\/v2\/product\/4825\/revisions"}],"predecessor-version":[{"id":6182,"href":"https:\/\/ecosentec.com\/nl\/wp-json\/wp\/v2\/product\/4825\/revisions\/6182"}],"wp:featuredmedia":[{"embeddable":true,"href":"https:\/\/ecosentec.com\/nl\/wp-json\/wp\/v2\/media\/6548"}],"wp:attachment":[{"href":"https:\/\/ecosentec.com\/nl\/wp-json\/wp\/v2\/media?parent=4825"}],"wp:term":[{"taxonomy":"product_brand","embeddable":true,"href":"https:\/\/ecosentec.com\/nl\/wp-json\/wp\/v2\/product_brand?post=4825"},{"taxonomy":"product_cat","embeddable":true,"href":"https:\/\/ecosentec.com\/nl\/wp-json\/wp\/v2\/product_cat?post=4825"},{"taxonomy":"product_tag","embeddable":true,"href":"https:\/\/ecosentec.com\/nl\/wp-json\/wp\/v2\/product_tag?post=4825"}],"curies":[{"name":"wp","href":"https:\/\/api.w.org\/{rel}","templated":true}]}}