{"id":7186,"date":"2025-07-15T01:56:49","date_gmt":"2025-07-15T01:56:49","guid":{"rendered":"https:\/\/ecosentec.com\/?post_type=product&#038;p=7186"},"modified":"2025-07-15T02:13:16","modified_gmt":"2025-07-15T02:13:16","slug":"sensor-de-temperatura-humedad-e-iluminacion","status":"publish","type":"product","link":"https:\/\/ecosentec.com\/es\/producto\/sensor-de-temperatura-humedad-e-iluminacion\/","title":{"rendered":"Sensor de temperatura, humedad e iluminaci\u00f3n ES-S222B"},"content":{"rendered":"<p class=\"p1\">El ES-S222B es un sensor de temperatura, humedad e iluminaci\u00f3n de alta precisi\u00f3n, cuya unidad de salida es el lux. El dispositivo incorpora un chip importado de alta estabilidad. Cuenta con una carcasa impermeable para montaje en pared y un grado de protecci\u00f3n IP65.<\/p>\n<p class=\"p1\">Permite medir la iluminancia individualmente o simult\u00e1neamente la temperatura, la humedad y la iluminancia. El producto se alimenta con una tensi\u00f3n de alimentaci\u00f3n predeterminada de 10-30 V.<\/p>\n<p class=\"p1\">Admite m\u00faltiples se\u00f1ales de salida anal\u00f3gica de 4-20 mA\/0-10 V\/0-5 V o salida Modbus RS485. Su salida predeterminada es el protocolo de comunicaci\u00f3n Modbus-RTU y admite desarrollos personalizados secundarios si es necesario. El usuario final puede elegir cualquier tipo de se\u00f1al seg\u00fan sus aplicaciones.<\/p>","protected":false},"excerpt":{"rendered":"<p class=\"p1\">El ES-S222B es un sensor de temperatura, humedad e iluminaci\u00f3n de alta precisi\u00f3n, cuya unidad de salida es el lux. El dispositivo incorpora un chip importado de alta estabilidad. Cuenta con una carcasa impermeable para montaje en pared y un grado de protecci\u00f3n IP65.<\/p>\n<p class=\"p1\">","protected":false},"featured_media":7187,"template":"","meta":{"om_disable_all_campaigns":false,"_monsterinsights_skip_tracking":false,"_monsterinsights_sitenote_active":false,"_monsterinsights_sitenote_note":"","_monsterinsights_sitenote_category":0,"site-sidebar-layout":"default","site-content-layout":"default","ast-site-content-layout":"default","site-content-style":"default","site-sidebar-style":"default","ast-global-header-display":"","ast-banner-title-visibility":"","ast-main-header-display":"","ast-hfb-above-header-display":"","ast-hfb-below-header-display":"","ast-hfb-mobile-header-display":"","site-post-title":"","ast-breadcrumbs-content":"","ast-featured-img":"","footer-sml-layout":"","ast-disable-related-posts":"","theme-transparent-header-meta":"default","adv-header-id-meta":"","stick-header-meta":"","header-above-stick-meta":"","header-main-stick-meta":"","header-below-stick-meta":"","astra-migrate-meta-layouts":"set","ast-page-background-enabled":"default","ast-page-background-meta":{"desktop":{"background-color":"","background-image":"","background-repeat":"repeat","background-position":"center center","background-size":"auto","background-attachment":"scroll","background-type":"","background-media":"","overlay-type":"","overlay-color":"","overlay-opacity":"","overlay-gradient":""},"tablet":{"background-color":"","background-image":"","background-repeat":"repeat","background-position":"center center","background-size":"auto","background-attachment":"scroll","background-type":"","background-media":"","overlay-type":"","overlay-color":"","overlay-opacity":"","overlay-gradient":""},"mobile":{"background-color":"","background-image":"","background-repeat":"repeat","background-position":"center center","background-size":"auto","background-attachment":"scroll","background-type":"","background-media":"","overlay-type":"","overlay-color":"","overlay-opacity":"","overlay-gradient":""}},"ast-content-background-meta":{"desktop":{"background-color":"var(--ast-global-color-5)","background-image":"","background-repeat":"repeat","background-position":"center center","background-size":"auto","background-attachment":"scroll","background-type":"","background-media":"","overlay-type":"","overlay-color":"","overlay-opacity":"","overlay-gradient":""},"tablet":{"background-color":"var(--ast-global-color-5)","background-image":"","background-repeat":"repeat","background-position":"center center","background-size":"auto","background-attachment":"scroll","background-type":"","background-media":"","overlay-type":"","overlay-color":"","overlay-opacity":"","overlay-gradient":""},"mobile":{"background-color":"var(--ast-global-color-5)","background-image":"","background-repeat":"repeat","background-position":"center center","background-size":"auto","background-attachment":"scroll","background-type":"","background-media":"","overlay-type":"","overlay-color":"","overlay-opacity":"","overlay-gradient":""}},"_joinchat":[]},"product_brand":[],"product_cat":[79,76],"product_tag":[296],"class_list":{"0":"post-7186","1":"product","2":"type-product","3":"status-publish","4":"has-post-thumbnail","6":"product_cat-illumination-sensor","7":"product_cat-solar-radiation-sensor","8":"product_tag-illuminance","9":"desktop-align-left","10":"tablet-align-left","11":"mobile-align-left","13":"first","14":"instock","15":"shipping-taxable","16":"purchasable","17":"product-type-simple"},"jetpack_sharing_enabled":true,"_links":{"self":[{"href":"https:\/\/ecosentec.com\/es\/wp-json\/wp\/v2\/product\/7186","targetHints":{"allow":["GET"]}}],"collection":[{"href":"https:\/\/ecosentec.com\/es\/wp-json\/wp\/v2\/product"}],"about":[{"href":"https:\/\/ecosentec.com\/es\/wp-json\/wp\/v2\/types\/product"}],"version-history":[{"count":2,"href":"https:\/\/ecosentec.com\/es\/wp-json\/wp\/v2\/product\/7186\/revisions"}],"predecessor-version":[{"id":7190,"href":"https:\/\/ecosentec.com\/es\/wp-json\/wp\/v2\/product\/7186\/revisions\/7190"}],"wp:featuredmedia":[{"embeddable":true,"href":"https:\/\/ecosentec.com\/es\/wp-json\/wp\/v2\/media\/7187"}],"wp:attachment":[{"href":"https:\/\/ecosentec.com\/es\/wp-json\/wp\/v2\/media?parent=7186"}],"wp:term":[{"taxonomy":"product_brand","embeddable":true,"href":"https:\/\/ecosentec.com\/es\/wp-json\/wp\/v2\/product_brand?post=7186"},{"taxonomy":"product_cat","embeddable":true,"href":"https:\/\/ecosentec.com\/es\/wp-json\/wp\/v2\/product_cat?post=7186"},{"taxonomy":"product_tag","embeddable":true,"href":"https:\/\/ecosentec.com\/es\/wp-json\/wp\/v2\/product_tag?post=7186"}],"curies":[{"name":"wp","href":"https:\/\/api.w.org\/{rel}","templated":true}]}}