{"id":6884,"date":"2025-05-30T11:29:13","date_gmt":"2025-05-30T11:29:13","guid":{"rendered":"https:\/\/ecosentec.com\/?post_type=product&#038;p=6884"},"modified":"2025-05-30T11:31:41","modified_gmt":"2025-05-30T11:31:41","slug":"medidor-de-velocidad-del-agua","status":"publish","type":"product","link":"https:\/\/ecosentec.com\/es\/producto\/medidor-de-velocidad-del-agua\/","title":{"rendered":"Medidor de velocidad del agua fluvial por radio de banda K ES-W6100"},"content":{"rendered":"<p class=\"p1\">El medidor de velocidad de ondas de radio ES-W6100 es un dispositivo de detecci\u00f3n de velocidad de flujo sin contacto desarrollado independientemente por nuestra empresa, que se puede utilizar para monitorear la velocidad de la superficie de cuerpos de agua como r\u00edos naturales, canales abiertos y redes de tuber\u00edas subterr\u00e1neas y ayudar en las operaciones de tratamiento de agua.<\/p>\n<p class=\"p1\">Este medidor de flujo de ondas de radio funciona en la banda de frecuencia ISM de 24 GHz y utiliza el modo CW, lo que permite detectar la velocidad del flujo de agua en tiempo real las 24 horas del d\u00eda, independientemente del clima, la temperatura, el vapor de agua en la superficie del agua y los contaminantes presentes. El producto incorpora un eficiente algoritmo de procesamiento interno que permite obtener la velocidad del flujo de agua con precisi\u00f3n.<\/p>\n<p class=\"p1\">Este producto proporciona tres interfaces de circuito f\u00edsico est\u00e1ndar: RS232, RS485 (predeterminado), 4~20 mA.<\/p>","protected":false},"excerpt":{"rendered":"<p>El medidor de velocidad de ondas de radio ES-W6100 es un dispositivo de detecci\u00f3n de velocidad de flujo sin contacto desarrollado independientemente por nuestra empresa, que se puede utilizar para monitorear la velocidad de la superficie de cuerpos de agua como r\u00edos naturales, canales abiertos y redes de tuber\u00edas subterr\u00e1neas y ayudar en las operaciones de tratamiento de agua.<\/p>","protected":false},"featured_media":6885,"template":"","meta":{"om_disable_all_campaigns":false,"_monsterinsights_skip_tracking":false,"_monsterinsights_sitenote_active":false,"_monsterinsights_sitenote_note":"","_monsterinsights_sitenote_category":0,"site-sidebar-layout":"default","site-content-layout":"default","ast-site-content-layout":"default","site-content-style":"default","site-sidebar-style":"default","ast-global-header-display":"","ast-banner-title-visibility":"","ast-main-header-display":"","ast-hfb-above-header-display":"","ast-hfb-below-header-display":"","ast-hfb-mobile-header-display":"","site-post-title":"","ast-breadcrumbs-content":"","ast-featured-img":"","footer-sml-layout":"","ast-disable-related-posts":"","theme-transparent-header-meta":"default","adv-header-id-meta":"","stick-header-meta":"","header-above-stick-meta":"","header-main-stick-meta":"","header-below-stick-meta":"","astra-migrate-meta-layouts":"set","ast-page-background-enabled":"default","ast-page-background-meta":{"desktop":{"background-color":"","background-image":"","background-repeat":"repeat","background-position":"center center","background-size":"auto","background-attachment":"scroll","background-type":"","background-media":"","overlay-type":"","overlay-color":"","overlay-opacity":"","overlay-gradient":""},"tablet":{"background-color":"","background-image":"","background-repeat":"repeat","background-position":"center center","background-size":"auto","background-attachment":"scroll","background-type":"","background-media":"","overlay-type":"","overlay-color":"","overlay-opacity":"","overlay-gradient":""},"mobile":{"background-color":"","background-image":"","background-repeat":"repeat","background-position":"center center","background-size":"auto","background-attachment":"scroll","background-type":"","background-media":"","overlay-type":"","overlay-color":"","overlay-opacity":"","overlay-gradient":""}},"ast-content-background-meta":{"desktop":{"background-color":"var(--ast-global-color-5)","background-image":"","background-repeat":"repeat","background-position":"center center","background-size":"auto","background-attachment":"scroll","background-type":"","background-media":"","overlay-type":"","overlay-color":"","overlay-opacity":"","overlay-gradient":""},"tablet":{"background-color":"var(--ast-global-color-5)","background-image":"","background-repeat":"repeat","background-position":"center center","background-size":"auto","background-attachment":"scroll","background-type":"","background-media":"","overlay-type":"","overlay-color":"","overlay-opacity":"","overlay-gradient":""},"mobile":{"background-color":"var(--ast-global-color-5)","background-image":"","background-repeat":"repeat","background-position":"center center","background-size":"auto","background-attachment":"scroll","background-type":"","background-media":"","overlay-type":"","overlay-color":"","overlay-opacity":"","overlay-gradient":""}},"_joinchat":[]},"product_brand":[],"product_cat":[286,284],"product_tag":[],"class_list":{"0":"post-6884","1":"product","2":"type-product","3":"status-publish","4":"has-post-thumbnail","6":"product_cat-water-conservancy-sensor","7":"product_cat-water-quality-and-conservancy-sensor","8":"desktop-align-left","9":"tablet-align-left","10":"mobile-align-left","12":"first","13":"instock","14":"shipping-taxable","15":"purchasable","16":"product-type-simple"},"jetpack_sharing_enabled":true,"_links":{"self":[{"href":"https:\/\/ecosentec.com\/es\/wp-json\/wp\/v2\/product\/6884","targetHints":{"allow":["GET"]}}],"collection":[{"href":"https:\/\/ecosentec.com\/es\/wp-json\/wp\/v2\/product"}],"about":[{"href":"https:\/\/ecosentec.com\/es\/wp-json\/wp\/v2\/types\/product"}],"version-history":[{"count":3,"href":"https:\/\/ecosentec.com\/es\/wp-json\/wp\/v2\/product\/6884\/revisions"}],"predecessor-version":[{"id":7077,"href":"https:\/\/ecosentec.com\/es\/wp-json\/wp\/v2\/product\/6884\/revisions\/7077"}],"wp:featuredmedia":[{"embeddable":true,"href":"https:\/\/ecosentec.com\/es\/wp-json\/wp\/v2\/media\/6885"}],"wp:attachment":[{"href":"https:\/\/ecosentec.com\/es\/wp-json\/wp\/v2\/media?parent=6884"}],"wp:term":[{"taxonomy":"product_brand","embeddable":true,"href":"https:\/\/ecosentec.com\/es\/wp-json\/wp\/v2\/product_brand?post=6884"},{"taxonomy":"product_cat","embeddable":true,"href":"https:\/\/ecosentec.com\/es\/wp-json\/wp\/v2\/product_cat?post=6884"},{"taxonomy":"product_tag","embeddable":true,"href":"https:\/\/ecosentec.com\/es\/wp-json\/wp\/v2\/product_tag?post=6884"}],"curies":[{"name":"wp","href":"https:\/\/api.w.org\/{rel}","templated":true}]}}