{"id":6870,"date":"2025-05-30T11:11:02","date_gmt":"2025-05-30T11:11:02","guid":{"rendered":"https:\/\/ecosentec.com\/?post_type=product&#038;p=6870"},"modified":"2025-06-17T03:45:28","modified_gmt":"2025-06-17T03:45:28","slug":"medidor-de-flujo-de-radar","status":"publish","type":"product","link":"https:\/\/ecosentec.com\/es\/producto\/medidor-de-flujo-de-radar\/","title":{"rendered":"ES-L6000 Medidor de nivel de agua por radar, caudal\u00edmetro y caudal\u00edmetro por radar"},"content":{"rendered":"<p class=\"p1\">Radar de nivel de agua, caudal y medidor de flujo ES-L6000: el producto utiliza tecnolog\u00eda de radar plano de 24 GHz y puede lograr un monitoreo de sitio no tripulado sin contacto en los campos de hidrolog\u00eda, conservaci\u00f3n de agua, drenaje e irrigaci\u00f3n.<\/p>\n<p class=\"p1\">El caudal\u00edmetro radar es un caudal\u00edmetro dise\u00f1ado de acuerdo con las normas nacionales y basado en la situaci\u00f3n real de los sitios hidrol\u00f3gicos en China. Utiliza el efecto Doppler para detectar la posici\u00f3n y la velocidad relativa de objetivos m\u00f3viles. El analizador de velocidad de flujo multipunto y multicapa, desarrollado con la tecnolog\u00eda de procesamiento de se\u00f1ales m\u00e1s avanzada, se caracteriza por su instalaci\u00f3n arbitraria en la ladera o la parte superior del r\u00edo o canal medido, seg\u00fan sea necesario, y su m\u00e9todo de instalaci\u00f3n se puede configurar seg\u00fan las condiciones del sitio para garantizar una medici\u00f3n precisa. Para m\u00faltiples valores de velocidad dentro del sector del radar, se calcula la velocidad promedio a partir de los datos de velocidad. Posteriormente, el mapeo del nivel de agua in situ permite calcular con precisi\u00f3n el caudal de r\u00edos con secciones transversales de diversos fluidos, regulares o irregulares. Simplifica enormemente el m\u00e9todo tradicional de medici\u00f3n de agua en la conservaci\u00f3n del agua y supone un avance cualitativo en precisi\u00f3n, estabilidad y rendimiento en tiempo real.<\/p>","protected":false},"excerpt":{"rendered":"<p>Radar de nivel de agua, caudal y medidor de flujo ES-L6000: el producto utiliza tecnolog\u00eda de radar plano de 24 GHz y puede lograr un monitoreo de sitio no tripulado sin contacto en los campos de hidrolog\u00eda, conservaci\u00f3n de agua, drenaje e irrigaci\u00f3n.<\/p>","protected":false},"featured_media":6872,"template":"","meta":{"om_disable_all_campaigns":false,"_monsterinsights_skip_tracking":false,"_monsterinsights_sitenote_active":false,"_monsterinsights_sitenote_note":"","_monsterinsights_sitenote_category":0,"site-sidebar-layout":"default","site-content-layout":"default","ast-site-content-layout":"default","site-content-style":"default","site-sidebar-style":"default","ast-global-header-display":"","ast-banner-title-visibility":"","ast-main-header-display":"","ast-hfb-above-header-display":"","ast-hfb-below-header-display":"","ast-hfb-mobile-header-display":"","site-post-title":"","ast-breadcrumbs-content":"","ast-featured-img":"","footer-sml-layout":"","ast-disable-related-posts":"","theme-transparent-header-meta":"default","adv-header-id-meta":"","stick-header-meta":"","header-above-stick-meta":"","header-main-stick-meta":"","header-below-stick-meta":"","astra-migrate-meta-layouts":"set","ast-page-background-enabled":"default","ast-page-background-meta":{"desktop":{"background-color":"","background-image":"","background-repeat":"repeat","background-position":"center center","background-size":"auto","background-attachment":"scroll","background-type":"","background-media":"","overlay-type":"","overlay-color":"","overlay-opacity":"","overlay-gradient":""},"tablet":{"background-color":"","background-image":"","background-repeat":"repeat","background-position":"center center","background-size":"auto","background-attachment":"scroll","background-type":"","background-media":"","overlay-type":"","overlay-color":"","overlay-opacity":"","overlay-gradient":""},"mobile":{"background-color":"","background-image":"","background-repeat":"repeat","background-position":"center center","background-size":"auto","background-attachment":"scroll","background-type":"","background-media":"","overlay-type":"","overlay-color":"","overlay-opacity":"","overlay-gradient":""}},"ast-content-background-meta":{"desktop":{"background-color":"var(--ast-global-color-5)","background-image":"","background-repeat":"repeat","background-position":"center center","background-size":"auto","background-attachment":"scroll","background-type":"","background-media":"","overlay-type":"","overlay-color":"","overlay-opacity":"","overlay-gradient":""},"tablet":{"background-color":"var(--ast-global-color-5)","background-image":"","background-repeat":"repeat","background-position":"center center","background-size":"auto","background-attachment":"scroll","background-type":"","background-media":"","overlay-type":"","overlay-color":"","overlay-opacity":"","overlay-gradient":""},"mobile":{"background-color":"var(--ast-global-color-5)","background-image":"","background-repeat":"repeat","background-position":"center center","background-size":"auto","background-attachment":"scroll","background-type":"","background-media":"","overlay-type":"","overlay-color":"","overlay-opacity":"","overlay-gradient":""}},"_joinchat":[]},"product_brand":[],"product_cat":[286,284],"product_tag":[],"class_list":{"0":"post-6870","1":"product","2":"type-product","3":"status-publish","4":"has-post-thumbnail","6":"product_cat-water-conservancy-sensor","7":"product_cat-water-quality-and-conservancy-sensor","8":"desktop-align-left","9":"tablet-align-left","10":"mobile-align-left","12":"first","13":"instock","14":"shipping-taxable","15":"purchasable","16":"product-type-simple"},"jetpack_sharing_enabled":true,"_links":{"self":[{"href":"https:\/\/ecosentec.com\/es\/wp-json\/wp\/v2\/product\/6870","targetHints":{"allow":["GET"]}}],"collection":[{"href":"https:\/\/ecosentec.com\/es\/wp-json\/wp\/v2\/product"}],"about":[{"href":"https:\/\/ecosentec.com\/es\/wp-json\/wp\/v2\/types\/product"}],"version-history":[{"count":5,"href":"https:\/\/ecosentec.com\/es\/wp-json\/wp\/v2\/product\/6870\/revisions"}],"predecessor-version":[{"id":7113,"href":"https:\/\/ecosentec.com\/es\/wp-json\/wp\/v2\/product\/6870\/revisions\/7113"}],"wp:featuredmedia":[{"embeddable":true,"href":"https:\/\/ecosentec.com\/es\/wp-json\/wp\/v2\/media\/6872"}],"wp:attachment":[{"href":"https:\/\/ecosentec.com\/es\/wp-json\/wp\/v2\/media?parent=6870"}],"wp:term":[{"taxonomy":"product_brand","embeddable":true,"href":"https:\/\/ecosentec.com\/es\/wp-json\/wp\/v2\/product_brand?post=6870"},{"taxonomy":"product_cat","embeddable":true,"href":"https:\/\/ecosentec.com\/es\/wp-json\/wp\/v2\/product_cat?post=6870"},{"taxonomy":"product_tag","embeddable":true,"href":"https:\/\/ecosentec.com\/es\/wp-json\/wp\/v2\/product_tag?post=6870"}],"curies":[{"name":"wp","href":"https:\/\/api.w.org\/{rel}","templated":true}]}}