{"id":6862,"date":"2025-05-30T10:52:59","date_gmt":"2025-05-30T10:52:59","guid":{"rendered":"https:\/\/ecosentec.com\/?post_type=product&#038;p=6862"},"modified":"2025-05-30T10:57:32","modified_gmt":"2025-05-30T10:57:32","slug":"transmisor-de-nivel-ultrasonico","status":"publish","type":"product","link":"https:\/\/ecosentec.com\/es\/producto\/transmisor-de-nivel-ultrasonico\/","title":{"rendered":"Transmisor de nivel ultras\u00f3nico ES-W804"},"content":{"rendered":"<p class=\"p1\">El transmisor de nivel ultras\u00f3nico de la serie ES-W804 es totalmente digital con pantalla in situ y ofrece funciones de medici\u00f3n y control de nivel de objetos, transmisi\u00f3n de datos y comunicaci\u00f3n persona-computadora. Est\u00e1 fabricado con una carcasa impermeable de pl\u00e1stico ABS de ingenier\u00eda y una placa PCB multicapa de calidad militar, dise\u00f1ada con un circuito modular. El chip principal adopta docenas de ASIC relacionados con un microordenador monochip importado de grado industrial para ofrecerle funciones perfectas de compensaci\u00f3n digital de temperatura y regulaci\u00f3n de voltaje de entrada ultra amplio. Tambi\u00e9n se pueden agregar m\u00f3dulos para implementar otras funciones (como Bluetooth, comunicaci\u00f3n GPRS, etc.) seg\u00fan las necesidades del cliente. Presentan una alta capacidad antiinterferente y admiten nodos de l\u00edmite superior e inferior, ajuste de salida en l\u00ednea, selecci\u00f3n de cantidad anal\u00f3gica y cantidad de conmutaci\u00f3n, y salida RS485. Se caracterizan por su alta fiabilidad, ausencia de contaminaci\u00f3n, rendimiento estable y son ampliamente utilizados en diversos campos relacionados con la medici\u00f3n y el control de nivel de materiales y l\u00edquidos.<\/p>","protected":false},"excerpt":{"rendered":"<p>El transmisor de nivel ultras\u00f3nico de la serie ES-W804 es totalmente digital con pantalla in situ y ofrece una medici\u00f3n y control de nivel de objetos impecables, transmisi\u00f3n de datos y comunicaci\u00f3n persona-computadora. Est\u00e1 fabricado con una carcasa impermeable de pl\u00e1stico ABS de ingenier\u00eda y una placa PCB multicapa de calidad militar, dise\u00f1ada con un circuito modular.<\/p>","protected":false},"featured_media":6863,"template":"","meta":{"om_disable_all_campaigns":false,"_monsterinsights_skip_tracking":false,"_monsterinsights_sitenote_active":false,"_monsterinsights_sitenote_note":"","_monsterinsights_sitenote_category":0,"site-sidebar-layout":"default","site-content-layout":"default","ast-site-content-layout":"default","site-content-style":"default","site-sidebar-style":"default","ast-global-header-display":"","ast-banner-title-visibility":"","ast-main-header-display":"","ast-hfb-above-header-display":"","ast-hfb-below-header-display":"","ast-hfb-mobile-header-display":"","site-post-title":"","ast-breadcrumbs-content":"","ast-featured-img":"","footer-sml-layout":"","ast-disable-related-posts":"","theme-transparent-header-meta":"default","adv-header-id-meta":"","stick-header-meta":"","header-above-stick-meta":"","header-main-stick-meta":"","header-below-stick-meta":"","astra-migrate-meta-layouts":"set","ast-page-background-enabled":"default","ast-page-background-meta":{"desktop":{"background-color":"","background-image":"","background-repeat":"repeat","background-position":"center center","background-size":"auto","background-attachment":"scroll","background-type":"","background-media":"","overlay-type":"","overlay-color":"","overlay-opacity":"","overlay-gradient":""},"tablet":{"background-color":"","background-image":"","background-repeat":"repeat","background-position":"center center","background-size":"auto","background-attachment":"scroll","background-type":"","background-media":"","overlay-type":"","overlay-color":"","overlay-opacity":"","overlay-gradient":""},"mobile":{"background-color":"","background-image":"","background-repeat":"repeat","background-position":"center center","background-size":"auto","background-attachment":"scroll","background-type":"","background-media":"","overlay-type":"","overlay-color":"","overlay-opacity":"","overlay-gradient":""}},"ast-content-background-meta":{"desktop":{"background-color":"var(--ast-global-color-5)","background-image":"","background-repeat":"repeat","background-position":"center center","background-size":"auto","background-attachment":"scroll","background-type":"","background-media":"","overlay-type":"","overlay-color":"","overlay-opacity":"","overlay-gradient":""},"tablet":{"background-color":"var(--ast-global-color-5)","background-image":"","background-repeat":"repeat","background-position":"center center","background-size":"auto","background-attachment":"scroll","background-type":"","background-media":"","overlay-type":"","overlay-color":"","overlay-opacity":"","overlay-gradient":""},"mobile":{"background-color":"var(--ast-global-color-5)","background-image":"","background-repeat":"repeat","background-position":"center center","background-size":"auto","background-attachment":"scroll","background-type":"","background-media":"","overlay-type":"","overlay-color":"","overlay-opacity":"","overlay-gradient":""}},"_joinchat":[]},"product_brand":[],"product_cat":[286,284],"product_tag":[],"class_list":{"0":"post-6862","1":"product","2":"type-product","3":"status-publish","4":"has-post-thumbnail","6":"product_cat-water-conservancy-sensor","7":"product_cat-water-quality-and-conservancy-sensor","8":"desktop-align-left","9":"tablet-align-left","10":"mobile-align-left","12":"first","13":"instock","14":"shipping-taxable","15":"purchasable","16":"product-type-simple"},"jetpack_sharing_enabled":true,"_links":{"self":[{"href":"https:\/\/ecosentec.com\/es\/wp-json\/wp\/v2\/product\/6862","targetHints":{"allow":["GET"]}}],"collection":[{"href":"https:\/\/ecosentec.com\/es\/wp-json\/wp\/v2\/product"}],"about":[{"href":"https:\/\/ecosentec.com\/es\/wp-json\/wp\/v2\/types\/product"}],"version-history":[{"count":2,"href":"https:\/\/ecosentec.com\/es\/wp-json\/wp\/v2\/product\/6862\/revisions"}],"predecessor-version":[{"id":6865,"href":"https:\/\/ecosentec.com\/es\/wp-json\/wp\/v2\/product\/6862\/revisions\/6865"}],"wp:featuredmedia":[{"embeddable":true,"href":"https:\/\/ecosentec.com\/es\/wp-json\/wp\/v2\/media\/6863"}],"wp:attachment":[{"href":"https:\/\/ecosentec.com\/es\/wp-json\/wp\/v2\/media?parent=6862"}],"wp:term":[{"taxonomy":"product_brand","embeddable":true,"href":"https:\/\/ecosentec.com\/es\/wp-json\/wp\/v2\/product_brand?post=6862"},{"taxonomy":"product_cat","embeddable":true,"href":"https:\/\/ecosentec.com\/es\/wp-json\/wp\/v2\/product_cat?post=6862"},{"taxonomy":"product_tag","embeddable":true,"href":"https:\/\/ecosentec.com\/es\/wp-json\/wp\/v2\/product_tag?post=6862"}],"curies":[{"name":"wp","href":"https:\/\/api.w.org\/{rel}","templated":true}]}}