{"id":6858,"date":"2025-05-30T10:47:28","date_gmt":"2025-05-30T10:47:28","guid":{"rendered":"https:\/\/ecosentec.com\/?post_type=product&#038;p=6858"},"modified":"2025-05-30T10:52:27","modified_gmt":"2025-05-30T10:52:27","slug":"sensor-de-nivel-de-agua-sumergible","status":"publish","type":"product","link":"https:\/\/ecosentec.com\/es\/producto\/sensor-de-nivel-de-agua-sumergible\/","title":{"rendered":"Sensor de nivel de agua sumergible ES-W300"},"content":{"rendered":"<p class=\"p1\">El transmisor de nivel de l\u00edquido de entrada de la serie ES-W300 es un producto integrado basado en el principio de que la presi\u00f3n est\u00e1tica del l\u00edquido medida es proporcional a su altura. Utiliza el efecto piezoresistivo de elementos sensores de silicio o cer\u00e1mica difundidos para convertir la presi\u00f3n est\u00e1tica en se\u00f1ales el\u00e9ctricas. Posteriormente, se integra con circuitos digitales especiales para generar se\u00f1ales est\u00e1ndar industriales mediante amplificaci\u00f3n de se\u00f1al, compensaci\u00f3n lineal, resistencia a interferencias, protecci\u00f3n contra sobretensiones y otros procesos de procesamiento de se\u00f1ales.<\/p>\n<p class=\"p1\">Son ampliamente utilizados en obras hidr\u00e1ulicas, plantas qu\u00edmicas, tratamiento de aguas residuales, pozos profundos, presas, control de inundaciones y riego.<\/p>","protected":false},"excerpt":{"rendered":"<p>El transmisor de nivel de l\u00edquido de entrada de la serie ES-W300 es un producto integrado basado en el principio de que la presi\u00f3n est\u00e1tica del l\u00edquido medida es proporcional a la altura del l\u00edquido.<\/p>","protected":false},"featured_media":6859,"template":"","meta":{"om_disable_all_campaigns":false,"_monsterinsights_skip_tracking":false,"_monsterinsights_sitenote_active":false,"_monsterinsights_sitenote_note":"","_monsterinsights_sitenote_category":0,"site-sidebar-layout":"default","site-content-layout":"default","ast-site-content-layout":"default","site-content-style":"default","site-sidebar-style":"default","ast-global-header-display":"","ast-banner-title-visibility":"","ast-main-header-display":"","ast-hfb-above-header-display":"","ast-hfb-below-header-display":"","ast-hfb-mobile-header-display":"","site-post-title":"","ast-breadcrumbs-content":"","ast-featured-img":"","footer-sml-layout":"","ast-disable-related-posts":"","theme-transparent-header-meta":"default","adv-header-id-meta":"","stick-header-meta":"","header-above-stick-meta":"","header-main-stick-meta":"","header-below-stick-meta":"","astra-migrate-meta-layouts":"set","ast-page-background-enabled":"default","ast-page-background-meta":{"desktop":{"background-color":"","background-image":"","background-repeat":"repeat","background-position":"center center","background-size":"auto","background-attachment":"scroll","background-type":"","background-media":"","overlay-type":"","overlay-color":"","overlay-opacity":"","overlay-gradient":""},"tablet":{"background-color":"","background-image":"","background-repeat":"repeat","background-position":"center center","background-size":"auto","background-attachment":"scroll","background-type":"","background-media":"","overlay-type":"","overlay-color":"","overlay-opacity":"","overlay-gradient":""},"mobile":{"background-color":"","background-image":"","background-repeat":"repeat","background-position":"center center","background-size":"auto","background-attachment":"scroll","background-type":"","background-media":"","overlay-type":"","overlay-color":"","overlay-opacity":"","overlay-gradient":""}},"ast-content-background-meta":{"desktop":{"background-color":"var(--ast-global-color-5)","background-image":"","background-repeat":"repeat","background-position":"center center","background-size":"auto","background-attachment":"scroll","background-type":"","background-media":"","overlay-type":"","overlay-color":"","overlay-opacity":"","overlay-gradient":""},"tablet":{"background-color":"var(--ast-global-color-5)","background-image":"","background-repeat":"repeat","background-position":"center center","background-size":"auto","background-attachment":"scroll","background-type":"","background-media":"","overlay-type":"","overlay-color":"","overlay-opacity":"","overlay-gradient":""},"mobile":{"background-color":"var(--ast-global-color-5)","background-image":"","background-repeat":"repeat","background-position":"center center","background-size":"auto","background-attachment":"scroll","background-type":"","background-media":"","overlay-type":"","overlay-color":"","overlay-opacity":"","overlay-gradient":""}},"_joinchat":[]},"product_brand":[],"product_cat":[286,284],"product_tag":[],"class_list":{"0":"post-6858","1":"product","2":"type-product","3":"status-publish","4":"has-post-thumbnail","6":"product_cat-water-conservancy-sensor","7":"product_cat-water-quality-and-conservancy-sensor","8":"desktop-align-left","9":"tablet-align-left","10":"mobile-align-left","12":"first","13":"instock","14":"shipping-taxable","15":"purchasable","16":"product-type-simple"},"jetpack_sharing_enabled":true,"_links":{"self":[{"href":"https:\/\/ecosentec.com\/es\/wp-json\/wp\/v2\/product\/6858","targetHints":{"allow":["GET"]}}],"collection":[{"href":"https:\/\/ecosentec.com\/es\/wp-json\/wp\/v2\/product"}],"about":[{"href":"https:\/\/ecosentec.com\/es\/wp-json\/wp\/v2\/types\/product"}],"version-history":[{"count":2,"href":"https:\/\/ecosentec.com\/es\/wp-json\/wp\/v2\/product\/6858\/revisions"}],"predecessor-version":[{"id":6861,"href":"https:\/\/ecosentec.com\/es\/wp-json\/wp\/v2\/product\/6858\/revisions\/6861"}],"wp:featuredmedia":[{"embeddable":true,"href":"https:\/\/ecosentec.com\/es\/wp-json\/wp\/v2\/media\/6859"}],"wp:attachment":[{"href":"https:\/\/ecosentec.com\/es\/wp-json\/wp\/v2\/media?parent=6858"}],"wp:term":[{"taxonomy":"product_brand","embeddable":true,"href":"https:\/\/ecosentec.com\/es\/wp-json\/wp\/v2\/product_brand?post=6858"},{"taxonomy":"product_cat","embeddable":true,"href":"https:\/\/ecosentec.com\/es\/wp-json\/wp\/v2\/product_cat?post=6858"},{"taxonomy":"product_tag","embeddable":true,"href":"https:\/\/ecosentec.com\/es\/wp-json\/wp\/v2\/product_tag?post=6858"}],"curies":[{"name":"wp","href":"https:\/\/api.w.org\/{rel}","templated":true}]}}