{"id":6854,"date":"2025-05-30T10:43:38","date_gmt":"2025-05-30T10:43:38","guid":{"rendered":"https:\/\/ecosentec.com\/?post_type=product&#038;p=6854"},"modified":"2025-05-30T11:33:17","modified_gmt":"2025-05-30T11:33:17","slug":"boya-de-monitoreo-oceanico-multiparametro","status":"publish","type":"product","link":"https:\/\/ecosentec.com\/es\/producto\/boya-de-monitoreo-oceanico-multiparametro\/","title":{"rendered":"Boya de monitoreo oce\u00e1nico multiparam\u00e9trico ES-WF100"},"content":{"rendered":"<p>La plataforma de boyas oce\u00e1nicas ES-WF100 es una boya con estructura de acero de polietileno de alta resistencia, especialmente dise\u00f1ada y construida principalmente para aplicaciones de monitoreo ambiental y ayuda a la navegaci\u00f3n. Nuestras boyas oce\u00e1nicas est\u00e1n dise\u00f1adas para su despliegue en mar abierto, desde aguas someras hasta profundas. Su dise\u00f1o con centro de gravedad descendente las convierte en una plataforma estable que puede integrarse con diversos paquetes de sensores para el monitoreo meteorol\u00f3gico, oceanogr\u00e1fico y de la calidad del agua. Su innovador dise\u00f1o, con n\u00facleo de acero, un compartimento electr\u00f3nico integrado y una piscina central, resulta ser la mejor opci\u00f3n para aplicaciones de boyas de datos donde el f\u00e1cil acceso y el mantenimiento son factores clave. Todas nuestras plataformas de boyas oce\u00e1nicas se pueden personalizar para misiones y clientes espec\u00edficos.<br \/>\nNecesidades espec\u00edficas de dispositivos de montaje adecuados, paquetes de bater\u00edas, energ\u00edas renovables, sistemas de adquisici\u00f3n de datos y telemetr\u00eda.<br \/>\nNuestras plataformas de boyas oce\u00e1nicas se pueden dise\u00f1ar y entregar a medida para una variedad de aplicaciones, tales como:<br \/>\nMonitoreo de corrientes oce\u00e1nicas.<br \/>\nBoyas de olas.<br \/>\nMonitoreo de la calidad del agua.<br \/>\nSistemas de observaci\u00f3n de boyas costeras y de aguas profundas.<br \/>\nMarcadores de canales para puertos y d\u00e1rsenas.<br \/>\nMonitoreo bioac\u00fastico en l\u00ednea y monitoreo de ruido submarino.<br \/>\nMonitoreo biol\u00f3gico de aguas residuales y nutrientes.<\/p>","protected":false},"excerpt":{"rendered":"<p>La plataforma de boyas oce\u00e1nicas ES-WF100 es una boya con estructura de acero de polietileno de alta resistencia, especialmente dise\u00f1ada y construida principalmente para aplicaciones de monitoreo ambiental y ayuda a la navegaci\u00f3n. Nuestras boyas oce\u00e1nicas est\u00e1n dise\u00f1adas para su despliegue en mar abierto, desde aguas someras hasta aguas profundas.<\/p>","protected":false},"featured_media":6855,"template":"","meta":{"om_disable_all_campaigns":false,"_monsterinsights_skip_tracking":false,"_monsterinsights_sitenote_active":false,"_monsterinsights_sitenote_note":"","_monsterinsights_sitenote_category":0,"site-sidebar-layout":"default","site-content-layout":"default","ast-site-content-layout":"default","site-content-style":"default","site-sidebar-style":"default","ast-global-header-display":"","ast-banner-title-visibility":"","ast-main-header-display":"","ast-hfb-above-header-display":"","ast-hfb-below-header-display":"","ast-hfb-mobile-header-display":"","site-post-title":"","ast-breadcrumbs-content":"","ast-featured-img":"","footer-sml-layout":"","ast-disable-related-posts":"","theme-transparent-header-meta":"default","adv-header-id-meta":"","stick-header-meta":"","header-above-stick-meta":"","header-main-stick-meta":"","header-below-stick-meta":"","astra-migrate-meta-layouts":"set","ast-page-background-enabled":"default","ast-page-background-meta":{"desktop":{"background-color":"","background-image":"","background-repeat":"repeat","background-position":"center center","background-size":"auto","background-attachment":"scroll","background-type":"","background-media":"","overlay-type":"","overlay-color":"","overlay-opacity":"","overlay-gradient":""},"tablet":{"background-color":"","background-image":"","background-repeat":"repeat","background-position":"center center","background-size":"auto","background-attachment":"scroll","background-type":"","background-media":"","overlay-type":"","overlay-color":"","overlay-opacity":"","overlay-gradient":""},"mobile":{"background-color":"","background-image":"","background-repeat":"repeat","background-position":"center center","background-size":"auto","background-attachment":"scroll","background-type":"","background-media":"","overlay-type":"","overlay-color":"","overlay-opacity":"","overlay-gradient":""}},"ast-content-background-meta":{"desktop":{"background-color":"var(--ast-global-color-5)","background-image":"","background-repeat":"repeat","background-position":"center center","background-size":"auto","background-attachment":"scroll","background-type":"","background-media":"","overlay-type":"","overlay-color":"","overlay-opacity":"","overlay-gradient":""},"tablet":{"background-color":"var(--ast-global-color-5)","background-image":"","background-repeat":"repeat","background-position":"center center","background-size":"auto","background-attachment":"scroll","background-type":"","background-media":"","overlay-type":"","overlay-color":"","overlay-opacity":"","overlay-gradient":""},"mobile":{"background-color":"var(--ast-global-color-5)","background-image":"","background-repeat":"repeat","background-position":"center center","background-size":"auto","background-attachment":"scroll","background-type":"","background-media":"","overlay-type":"","overlay-color":"","overlay-opacity":"","overlay-gradient":""}},"_joinchat":[]},"product_brand":[],"product_cat":[285,284],"product_tag":[],"class_list":{"0":"post-6854","1":"product","2":"type-product","3":"status-publish","4":"has-post-thumbnail","6":"product_cat-water-qaulity-sensor","7":"product_cat-water-quality-and-conservancy-sensor","8":"desktop-align-left","9":"tablet-align-left","10":"mobile-align-left","12":"first","13":"instock","14":"shipping-taxable","15":"purchasable","16":"product-type-simple"},"jetpack_sharing_enabled":true,"_links":{"self":[{"href":"https:\/\/ecosentec.com\/es\/wp-json\/wp\/v2\/product\/6854","targetHints":{"allow":["GET"]}}],"collection":[{"href":"https:\/\/ecosentec.com\/es\/wp-json\/wp\/v2\/product"}],"about":[{"href":"https:\/\/ecosentec.com\/es\/wp-json\/wp\/v2\/types\/product"}],"version-history":[{"count":3,"href":"https:\/\/ecosentec.com\/es\/wp-json\/wp\/v2\/product\/6854\/revisions"}],"predecessor-version":[{"id":6888,"href":"https:\/\/ecosentec.com\/es\/wp-json\/wp\/v2\/product\/6854\/revisions\/6888"}],"wp:featuredmedia":[{"embeddable":true,"href":"https:\/\/ecosentec.com\/es\/wp-json\/wp\/v2\/media\/6855"}],"wp:attachment":[{"href":"https:\/\/ecosentec.com\/es\/wp-json\/wp\/v2\/media?parent=6854"}],"wp:term":[{"taxonomy":"product_brand","embeddable":true,"href":"https:\/\/ecosentec.com\/es\/wp-json\/wp\/v2\/product_brand?post=6854"},{"taxonomy":"product_cat","embeddable":true,"href":"https:\/\/ecosentec.com\/es\/wp-json\/wp\/v2\/product_cat?post=6854"},{"taxonomy":"product_tag","embeddable":true,"href":"https:\/\/ecosentec.com\/es\/wp-json\/wp\/v2\/product_tag?post=6854"}],"curies":[{"name":"wp","href":"https:\/\/api.w.org\/{rel}","templated":true}]}}