{"id":6848,"date":"2025-05-30T10:24:22","date_gmt":"2025-05-30T10:24:22","guid":{"rendered":"https:\/\/ecosentec.com\/?post_type=product&#038;p=6848"},"modified":"2025-05-30T10:28:28","modified_gmt":"2025-05-30T10:28:28","slug":"clinometro","status":"publish","type":"product","link":"https:\/\/ecosentec.com\/es\/producto\/clinometro\/","title":{"rendered":"Inclin\u00f3metro de alta precisi\u00f3n ES-T504"},"content":{"rendered":"<p class=\"p1\">El inclin\u00f3metro de alta precisi\u00f3n ES-T504 es un inclin\u00f3metro industrial est\u00e1ndar que puede utilizarse en exteriores durante largos periodos, ya que detecta el \u00e1ngulo de inclinaci\u00f3n en el entorno de uso para determinar el estado de inclinaci\u00f3n del dispositivo. El inclin\u00f3metro se basa en un chip MEMS de alto rendimiento y cuenta con un sensor de aceleraci\u00f3n interno de alta precisi\u00f3n. Utiliza la relaci\u00f3n proporcional de la aceleraci\u00f3n de la gravedad en diferentes direcciones para calcular el \u00e1ngulo de inclinaci\u00f3n del objeto medido en tiempo real.<\/p>\n<p class=\"p1\">El tipo de se\u00f1al de salida se divide en RS485, la distancia m\u00e1xima de comunicaci\u00f3n es de 2000 metros, el protocolo ModBus est\u00e1ndar y admite el desarrollo secundario.<\/p>","protected":false},"excerpt":{"rendered":"<p>El inclin\u00f3metro de alta precisi\u00f3n ES-T504 es un inclin\u00f3metro industrial est\u00e1ndar que puede utilizarse en exteriores durante largos periodos, ya que detecta el \u00e1ngulo de inclinaci\u00f3n en el entorno de uso para determinar el estado de inclinaci\u00f3n del dispositivo. El inclin\u00f3metro se basa en un chip MEMS de alto rendimiento y cuenta con un sensor de aceleraci\u00f3n interno de alta precisi\u00f3n. Utiliza la relaci\u00f3n proporcional de la aceleraci\u00f3n de la gravedad en diferentes direcciones para calcular el \u00e1ngulo de inclinaci\u00f3n del objeto medido en tiempo real.<\/p>","protected":false},"featured_media":6849,"template":"","meta":{"om_disable_all_campaigns":false,"_monsterinsights_skip_tracking":false,"_monsterinsights_sitenote_active":false,"_monsterinsights_sitenote_note":"","_monsterinsights_sitenote_category":0,"site-sidebar-layout":"default","site-content-layout":"default","ast-site-content-layout":"default","site-content-style":"default","site-sidebar-style":"default","ast-global-header-display":"","ast-banner-title-visibility":"","ast-main-header-display":"","ast-hfb-above-header-display":"","ast-hfb-below-header-display":"","ast-hfb-mobile-header-display":"","site-post-title":"","ast-breadcrumbs-content":"","ast-featured-img":"","footer-sml-layout":"","ast-disable-related-posts":"","theme-transparent-header-meta":"default","adv-header-id-meta":"","stick-header-meta":"","header-above-stick-meta":"","header-main-stick-meta":"","header-below-stick-meta":"","astra-migrate-meta-layouts":"set","ast-page-background-enabled":"default","ast-page-background-meta":{"desktop":{"background-color":"","background-image":"","background-repeat":"repeat","background-position":"center center","background-size":"auto","background-attachment":"scroll","background-type":"","background-media":"","overlay-type":"","overlay-color":"","overlay-opacity":"","overlay-gradient":""},"tablet":{"background-color":"","background-image":"","background-repeat":"repeat","background-position":"center center","background-size":"auto","background-attachment":"scroll","background-type":"","background-media":"","overlay-type":"","overlay-color":"","overlay-opacity":"","overlay-gradient":""},"mobile":{"background-color":"","background-image":"","background-repeat":"repeat","background-position":"center center","background-size":"auto","background-attachment":"scroll","background-type":"","background-media":"","overlay-type":"","overlay-color":"","overlay-opacity":"","overlay-gradient":""}},"ast-content-background-meta":{"desktop":{"background-color":"var(--ast-global-color-5)","background-image":"","background-repeat":"repeat","background-position":"center center","background-size":"auto","background-attachment":"scroll","background-type":"","background-media":"","overlay-type":"","overlay-color":"","overlay-opacity":"","overlay-gradient":""},"tablet":{"background-color":"var(--ast-global-color-5)","background-image":"","background-repeat":"repeat","background-position":"center center","background-size":"auto","background-attachment":"scroll","background-type":"","background-media":"","overlay-type":"","overlay-color":"","overlay-opacity":"","overlay-gradient":""},"mobile":{"background-color":"var(--ast-global-color-5)","background-image":"","background-repeat":"repeat","background-position":"center center","background-size":"auto","background-attachment":"scroll","background-type":"","background-media":"","overlay-type":"","overlay-color":"","overlay-opacity":"","overlay-gradient":""}},"_joinchat":[]},"product_brand":[],"product_cat":[288],"product_tag":[],"class_list":{"0":"post-6848","1":"product","2":"type-product","3":"status-publish","4":"has-post-thumbnail","6":"product_cat-others-accessories","7":"desktop-align-left","8":"tablet-align-left","9":"mobile-align-left","11":"first","12":"instock","13":"shipping-taxable","14":"purchasable","15":"product-type-simple"},"jetpack_sharing_enabled":true,"_links":{"self":[{"href":"https:\/\/ecosentec.com\/es\/wp-json\/wp\/v2\/product\/6848","targetHints":{"allow":["GET"]}}],"collection":[{"href":"https:\/\/ecosentec.com\/es\/wp-json\/wp\/v2\/product"}],"about":[{"href":"https:\/\/ecosentec.com\/es\/wp-json\/wp\/v2\/types\/product"}],"version-history":[{"count":2,"href":"https:\/\/ecosentec.com\/es\/wp-json\/wp\/v2\/product\/6848\/revisions"}],"predecessor-version":[{"id":6853,"href":"https:\/\/ecosentec.com\/es\/wp-json\/wp\/v2\/product\/6848\/revisions\/6853"}],"wp:featuredmedia":[{"embeddable":true,"href":"https:\/\/ecosentec.com\/es\/wp-json\/wp\/v2\/media\/6849"}],"wp:attachment":[{"href":"https:\/\/ecosentec.com\/es\/wp-json\/wp\/v2\/media?parent=6848"}],"wp:term":[{"taxonomy":"product_brand","embeddable":true,"href":"https:\/\/ecosentec.com\/es\/wp-json\/wp\/v2\/product_brand?post=6848"},{"taxonomy":"product_cat","embeddable":true,"href":"https:\/\/ecosentec.com\/es\/wp-json\/wp\/v2\/product_cat?post=6848"},{"taxonomy":"product_tag","embeddable":true,"href":"https:\/\/ecosentec.com\/es\/wp-json\/wp\/v2\/product_tag?post=6848"}],"curies":[{"name":"wp","href":"https:\/\/api.w.org\/{rel}","templated":true}]}}