{"id":6839,"date":"2025-05-30T09:43:48","date_gmt":"2025-05-30T09:43:48","guid":{"rendered":"https:\/\/ecosentec.com\/?post_type=product&#038;p=6839"},"modified":"2025-05-30T09:45:40","modified_gmt":"2025-05-30T09:45:40","slug":"transmisor-de-flujo-de-calor-del-suelo","status":"publish","type":"product","link":"https:\/\/ecosentec.com\/es\/producto\/transmisor-de-flujo-de-calor-del-suelo\/","title":{"rendered":"Transmisor de flujo de calor del suelo ES-S2256"},"content":{"rendered":"<p class=\"p1\">El transmisor de flujo t\u00e9rmico del suelo ES-S2256 (tambi\u00e9n conocido como &quot;placa de flujo t\u00e9rmico del suelo&quot; o &quot;medidor de flujo t\u00e9rmico&quot;) se utiliza principalmente para medir el balance energ\u00e9tico del suelo y la conducci\u00f3n t\u00e9rmica de su capa. Este transmisor utiliza una termopila, compuesta por dos materiales met\u00e1licos diferentes. La termopila genera un potencial diferencial de temperatura tras recibir radiaci\u00f3n t\u00e9rmica y obtiene el valor del flujo t\u00e9rmico seg\u00fan un algoritmo.<\/p>\n<p class=\"p1\">ES-S2256 El flujo de calor del suelo se refiere a la energ\u00eda t\u00e9rmica transferida a trav\u00e9s de la superficie del suelo, la cual constituye un componente importante del balance energ\u00e9tico de la superficie terrestre. La magnitud del flujo de calor del suelo se ve afectada por numerosos factores, como la radiaci\u00f3n solar, las propiedades del suelo, la cubierta vegetal, etc. La radiaci\u00f3n solar es la principal fuerza impulsora del flujo de calor del suelo. Irradia directamente sobre la superficie del suelo, provocando que este absorba energ\u00eda y se caliente. Las propiedades del suelo, como la conductividad t\u00e9rmica y la densidad aparente, tambi\u00e9n influyen en la magnitud del flujo de calor. La cubierta vegetal puede afectar al flujo de calor del suelo al regular los procesos de radiaci\u00f3n, evaporaci\u00f3n y conducci\u00f3n en la superficie del suelo.<\/p>","protected":false},"excerpt":{"rendered":"<p>El transmisor de flujo t\u00e9rmico del suelo ES-S2256 (tambi\u00e9n conocido como &quot;placa de flujo t\u00e9rmico del suelo&quot; o &quot;medidor de flujo t\u00e9rmico&quot;) se utiliza principalmente para medir el balance energ\u00e9tico del suelo y la conducci\u00f3n t\u00e9rmica de su capa. Este transmisor utiliza una termopila, compuesta por dos materiales met\u00e1licos diferentes. La termopila genera un potencial diferencial de temperatura tras recibir radiaci\u00f3n t\u00e9rmica y obtiene el valor del flujo t\u00e9rmico seg\u00fan un algoritmo.<\/p>","protected":false},"featured_media":6840,"template":"","meta":{"om_disable_all_campaigns":false,"_monsterinsights_skip_tracking":false,"_monsterinsights_sitenote_active":false,"_monsterinsights_sitenote_note":"","_monsterinsights_sitenote_category":0,"site-sidebar-layout":"default","site-content-layout":"default","ast-site-content-layout":"default","site-content-style":"default","site-sidebar-style":"default","ast-global-header-display":"","ast-banner-title-visibility":"","ast-main-header-display":"","ast-hfb-above-header-display":"","ast-hfb-below-header-display":"","ast-hfb-mobile-header-display":"","site-post-title":"","ast-breadcrumbs-content":"","ast-featured-img":"","footer-sml-layout":"","ast-disable-related-posts":"","theme-transparent-header-meta":"default","adv-header-id-meta":"","stick-header-meta":"","header-above-stick-meta":"","header-main-stick-meta":"","header-below-stick-meta":"","astra-migrate-meta-layouts":"set","ast-page-background-enabled":"default","ast-page-background-meta":{"desktop":{"background-color":"","background-image":"","background-repeat":"repeat","background-position":"center center","background-size":"auto","background-attachment":"scroll","background-type":"","background-media":"","overlay-type":"","overlay-color":"","overlay-opacity":"","overlay-gradient":""},"tablet":{"background-color":"","background-image":"","background-repeat":"repeat","background-position":"center center","background-size":"auto","background-attachment":"scroll","background-type":"","background-media":"","overlay-type":"","overlay-color":"","overlay-opacity":"","overlay-gradient":""},"mobile":{"background-color":"","background-image":"","background-repeat":"repeat","background-position":"center center","background-size":"auto","background-attachment":"scroll","background-type":"","background-media":"","overlay-type":"","overlay-color":"","overlay-opacity":"","overlay-gradient":""}},"ast-content-background-meta":{"desktop":{"background-color":"var(--ast-global-color-5)","background-image":"","background-repeat":"repeat","background-position":"center center","background-size":"auto","background-attachment":"scroll","background-type":"","background-media":"","overlay-type":"","overlay-color":"","overlay-opacity":"","overlay-gradient":""},"tablet":{"background-color":"var(--ast-global-color-5)","background-image":"","background-repeat":"repeat","background-position":"center center","background-size":"auto","background-attachment":"scroll","background-type":"","background-media":"","overlay-type":"","overlay-color":"","overlay-opacity":"","overlay-gradient":""},"mobile":{"background-color":"var(--ast-global-color-5)","background-image":"","background-repeat":"repeat","background-position":"center center","background-size":"auto","background-attachment":"scroll","background-type":"","background-media":"","overlay-type":"","overlay-color":"","overlay-opacity":"","overlay-gradient":""}},"_joinchat":[]},"product_brand":[],"product_cat":[94,95],"product_tag":[],"class_list":{"0":"post-6839","1":"product","2":"type-product","3":"status-publish","4":"has-post-thumbnail","6":"product_cat-agro-soil-sensor","7":"product_cat-soil-sensor","8":"desktop-align-left","9":"tablet-align-left","10":"mobile-align-left","12":"first","13":"instock","14":"shipping-taxable","15":"purchasable","16":"product-type-simple"},"jetpack_sharing_enabled":true,"_links":{"self":[{"href":"https:\/\/ecosentec.com\/es\/wp-json\/wp\/v2\/product\/6839","targetHints":{"allow":["GET"]}}],"collection":[{"href":"https:\/\/ecosentec.com\/es\/wp-json\/wp\/v2\/product"}],"about":[{"href":"https:\/\/ecosentec.com\/es\/wp-json\/wp\/v2\/types\/product"}],"version-history":[{"count":2,"href":"https:\/\/ecosentec.com\/es\/wp-json\/wp\/v2\/product\/6839\/revisions"}],"predecessor-version":[{"id":6843,"href":"https:\/\/ecosentec.com\/es\/wp-json\/wp\/v2\/product\/6839\/revisions\/6843"}],"wp:featuredmedia":[{"embeddable":true,"href":"https:\/\/ecosentec.com\/es\/wp-json\/wp\/v2\/media\/6840"}],"wp:attachment":[{"href":"https:\/\/ecosentec.com\/es\/wp-json\/wp\/v2\/media?parent=6839"}],"wp:term":[{"taxonomy":"product_brand","embeddable":true,"href":"https:\/\/ecosentec.com\/es\/wp-json\/wp\/v2\/product_brand?post=6839"},{"taxonomy":"product_cat","embeddable":true,"href":"https:\/\/ecosentec.com\/es\/wp-json\/wp\/v2\/product_cat?post=6839"},{"taxonomy":"product_tag","embeddable":true,"href":"https:\/\/ecosentec.com\/es\/wp-json\/wp\/v2\/product_tag?post=6839"}],"curies":[{"name":"wp","href":"https:\/\/api.w.org\/{rel}","templated":true}]}}