{"id":6835,"date":"2025-05-30T09:34:41","date_gmt":"2025-05-30T09:34:41","guid":{"rendered":"https:\/\/ecosentec.com\/?post_type=product&#038;p=6835"},"modified":"2025-05-30T09:42:07","modified_gmt":"2025-05-30T09:42:07","slug":"velocidad-del-viento-presion-del-viento-volumen-del-aire-sensor-de-temperatura-del-aire","status":"publish","type":"product","link":"https:\/\/ecosentec.com\/es\/producto\/velocidad-del-viento-presion-del-viento-volumen-del-aire-sensor-de-temperatura-del-aire\/","title":{"rendered":"ES-WT286 Sensor de velocidad del viento, presi\u00f3n del viento, volumen de aire y temperatura del aire"},"content":{"rendered":"<p class=\"p1\">El sensor ES-WT286 para velocidad, presi\u00f3n, volumen y temperatura del viento en tuber\u00edas est\u00e1 dise\u00f1ado para medir la velocidad del viento en tuber\u00edas. Esta unidad de medici\u00f3n de alta precisi\u00f3n, desarrollada independientemente, es sensible y permite medir con rapidez y precisi\u00f3n vientos de baja velocidad. Presenta buena estabilidad, baja deriva y alta precisi\u00f3n. El transmisor tambi\u00e9n calcula el valor del volumen de aire en tiempo real seg\u00fan la secci\u00f3n transversal de la tuber\u00eda medida. Su instalaci\u00f3n en tuber\u00edas facilita la instalaci\u00f3n in situ. El producto cuenta con un dise\u00f1o de circuito antiinterferencias y una fuente de alimentaci\u00f3n de 10-30 V CC, lo que facilita su uso.<\/p>","protected":false},"excerpt":{"rendered":"<p>El sensor ES-WT286 para velocidad, presi\u00f3n, volumen y temperatura del viento en tuber\u00edas est\u00e1 dise\u00f1ado para medir la velocidad del viento en tuber\u00edas. Esta unidad de medici\u00f3n de alta precisi\u00f3n, desarrollada independientemente, es sensible y puede medir con rapidez y precisi\u00f3n vientos de baja velocidad. Ofrece buena estabilidad, baja deriva y alta precisi\u00f3n.<\/p>","protected":false},"featured_media":6837,"template":"","meta":{"om_disable_all_campaigns":false,"_monsterinsights_skip_tracking":false,"_monsterinsights_sitenote_active":false,"_monsterinsights_sitenote_note":"","_monsterinsights_sitenote_category":0,"site-sidebar-layout":"default","site-content-layout":"default","ast-site-content-layout":"default","site-content-style":"default","site-sidebar-style":"default","ast-global-header-display":"","ast-banner-title-visibility":"","ast-main-header-display":"","ast-hfb-above-header-display":"","ast-hfb-below-header-display":"","ast-hfb-mobile-header-display":"","site-post-title":"","ast-breadcrumbs-content":"","ast-featured-img":"","footer-sml-layout":"","ast-disable-related-posts":"","theme-transparent-header-meta":"default","adv-header-id-meta":"","stick-header-meta":"","header-above-stick-meta":"","header-main-stick-meta":"","header-below-stick-meta":"","astra-migrate-meta-layouts":"set","ast-page-background-enabled":"default","ast-page-background-meta":{"desktop":{"background-color":"","background-image":"","background-repeat":"repeat","background-position":"center center","background-size":"auto","background-attachment":"scroll","background-type":"","background-media":"","overlay-type":"","overlay-color":"","overlay-opacity":"","overlay-gradient":""},"tablet":{"background-color":"","background-image":"","background-repeat":"repeat","background-position":"center center","background-size":"auto","background-attachment":"scroll","background-type":"","background-media":"","overlay-type":"","overlay-color":"","overlay-opacity":"","overlay-gradient":""},"mobile":{"background-color":"","background-image":"","background-repeat":"repeat","background-position":"center center","background-size":"auto","background-attachment":"scroll","background-type":"","background-media":"","overlay-type":"","overlay-color":"","overlay-opacity":"","overlay-gradient":""}},"ast-content-background-meta":{"desktop":{"background-color":"var(--ast-global-color-5)","background-image":"","background-repeat":"repeat","background-position":"center center","background-size":"auto","background-attachment":"scroll","background-type":"","background-media":"","overlay-type":"","overlay-color":"","overlay-opacity":"","overlay-gradient":""},"tablet":{"background-color":"var(--ast-global-color-5)","background-image":"","background-repeat":"repeat","background-position":"center center","background-size":"auto","background-attachment":"scroll","background-type":"","background-media":"","overlay-type":"","overlay-color":"","overlay-opacity":"","overlay-gradient":""},"mobile":{"background-color":"var(--ast-global-color-5)","background-image":"","background-repeat":"repeat","background-position":"center center","background-size":"auto","background-attachment":"scroll","background-type":"","background-media":"","overlay-type":"","overlay-color":"","overlay-opacity":"","overlay-gradient":""}},"_joinchat":[]},"product_brand":[],"product_cat":[97,89,90],"product_tag":[],"class_list":{"0":"post-6835","1":"product","2":"type-product","3":"status-publish","4":"has-post-thumbnail","6":"product_cat-all-in-one-ambient-sensor","7":"product_cat-ambient-sensor","8":"product_cat-temperature-humidity-sensor","9":"desktop-align-left","10":"tablet-align-left","11":"mobile-align-left","13":"first","14":"instock","15":"shipping-taxable","16":"purchasable","17":"product-type-simple"},"jetpack_sharing_enabled":true,"_links":{"self":[{"href":"https:\/\/ecosentec.com\/es\/wp-json\/wp\/v2\/product\/6835","targetHints":{"allow":["GET"]}}],"collection":[{"href":"https:\/\/ecosentec.com\/es\/wp-json\/wp\/v2\/product"}],"about":[{"href":"https:\/\/ecosentec.com\/es\/wp-json\/wp\/v2\/types\/product"}],"version-history":[{"count":1,"href":"https:\/\/ecosentec.com\/es\/wp-json\/wp\/v2\/product\/6835\/revisions"}],"predecessor-version":[{"id":6838,"href":"https:\/\/ecosentec.com\/es\/wp-json\/wp\/v2\/product\/6835\/revisions\/6838"}],"wp:featuredmedia":[{"embeddable":true,"href":"https:\/\/ecosentec.com\/es\/wp-json\/wp\/v2\/media\/6837"}],"wp:attachment":[{"href":"https:\/\/ecosentec.com\/es\/wp-json\/wp\/v2\/media?parent=6835"}],"wp:term":[{"taxonomy":"product_brand","embeddable":true,"href":"https:\/\/ecosentec.com\/es\/wp-json\/wp\/v2\/product_brand?post=6835"},{"taxonomy":"product_cat","embeddable":true,"href":"https:\/\/ecosentec.com\/es\/wp-json\/wp\/v2\/product_cat?post=6835"},{"taxonomy":"product_tag","embeddable":true,"href":"https:\/\/ecosentec.com\/es\/wp-json\/wp\/v2\/product_tag?post=6835"}],"curies":[{"name":"wp","href":"https:\/\/api.w.org\/{rel}","templated":true}]}}