{"id":6827,"date":"2025-05-29T10:55:34","date_gmt":"2025-05-29T10:55:34","guid":{"rendered":"https:\/\/ecosentec.com\/?post_type=product&#038;p=6827"},"modified":"2025-05-29T10:57:18","modified_gmt":"2025-05-29T10:57:18","slug":"transmisor-de-temperatura-y-humedad-de-tuberia-metalica","status":"publish","type":"product","link":"https:\/\/ecosentec.com\/es\/producto\/transmisor-de-temperatura-y-humedad-de-tuberia-metalica\/","title":{"rendered":"Transmisor de temperatura y humedad para tuber\u00edas met\u00e1licas ES-A130"},"content":{"rendered":"<p class=\"p1\">El transmisor de temperatura y humedad para tuber\u00edas met\u00e1licas ES-A130 se utiliza para la medici\u00f3n de temperatura y humedad en tuber\u00edas. Incorpora una unidad de medici\u00f3n de temperatura y humedad importada, con baja deriva, alta precisi\u00f3n y alta capacidad antiinterferente, lo que garantiza un excelente rendimiento de medici\u00f3n. Este producto incorpora una vaina de sonda sinterizada granular con grado de protecci\u00f3n IP65 y es apto para diversos entornos industriales.<\/p>\n<p class=\"p1\">El equipo adopta una fuente de alimentaci\u00f3n de amplio voltaje de 7-30 V CC, admite se\u00f1al anal\u00f3gica (4-20 mA, 0-10 V, 0-5 V) o salida de se\u00f1al 485, protocolo de comunicaci\u00f3n ModBus-RTU est\u00e1ndar, se puede configurar la direcci\u00f3n ModBus, se puede cambiar la velocidad en baudios y la distancia de comunicaci\u00f3n es de hasta 2000 metros.<\/p>","protected":false},"excerpt":{"rendered":"<p>El transmisor de temperatura y humedad para tuber\u00edas met\u00e1licas ES-A130 se utiliza para la medici\u00f3n de temperatura y humedad en tuber\u00edas. Incorpora una unidad de medici\u00f3n de temperatura y humedad importada, con baja deriva, alta precisi\u00f3n y alta capacidad antiinterferente, lo que garantiza un excelente rendimiento de medici\u00f3n. Este producto incorpora una vaina de sonda sinterizada granular con grado de protecci\u00f3n IP65 y es apto para diversos entornos industriales.<\/p>","protected":false},"featured_media":6828,"template":"","meta":{"om_disable_all_campaigns":false,"_monsterinsights_skip_tracking":false,"_monsterinsights_sitenote_active":false,"_monsterinsights_sitenote_note":"","_monsterinsights_sitenote_category":0,"site-sidebar-layout":"default","site-content-layout":"default","ast-site-content-layout":"default","site-content-style":"default","site-sidebar-style":"default","ast-global-header-display":"","ast-banner-title-visibility":"","ast-main-header-display":"","ast-hfb-above-header-display":"","ast-hfb-below-header-display":"","ast-hfb-mobile-header-display":"","site-post-title":"","ast-breadcrumbs-content":"","ast-featured-img":"","footer-sml-layout":"","ast-disable-related-posts":"","theme-transparent-header-meta":"default","adv-header-id-meta":"","stick-header-meta":"","header-above-stick-meta":"","header-main-stick-meta":"","header-below-stick-meta":"","astra-migrate-meta-layouts":"set","ast-page-background-enabled":"default","ast-page-background-meta":{"desktop":{"background-color":"","background-image":"","background-repeat":"repeat","background-position":"center center","background-size":"auto","background-attachment":"scroll","background-type":"","background-media":"","overlay-type":"","overlay-color":"","overlay-opacity":"","overlay-gradient":""},"tablet":{"background-color":"","background-image":"","background-repeat":"repeat","background-position":"center center","background-size":"auto","background-attachment":"scroll","background-type":"","background-media":"","overlay-type":"","overlay-color":"","overlay-opacity":"","overlay-gradient":""},"mobile":{"background-color":"","background-image":"","background-repeat":"repeat","background-position":"center center","background-size":"auto","background-attachment":"scroll","background-type":"","background-media":"","overlay-type":"","overlay-color":"","overlay-opacity":"","overlay-gradient":""}},"ast-content-background-meta":{"desktop":{"background-color":"var(--ast-global-color-5)","background-image":"","background-repeat":"repeat","background-position":"center center","background-size":"auto","background-attachment":"scroll","background-type":"","background-media":"","overlay-type":"","overlay-color":"","overlay-opacity":"","overlay-gradient":""},"tablet":{"background-color":"var(--ast-global-color-5)","background-image":"","background-repeat":"repeat","background-position":"center center","background-size":"auto","background-attachment":"scroll","background-type":"","background-media":"","overlay-type":"","overlay-color":"","overlay-opacity":"","overlay-gradient":""},"mobile":{"background-color":"var(--ast-global-color-5)","background-image":"","background-repeat":"repeat","background-position":"center center","background-size":"auto","background-attachment":"scroll","background-type":"","background-media":"","overlay-type":"","overlay-color":"","overlay-opacity":"","overlay-gradient":""}},"_joinchat":[]},"product_brand":[],"product_cat":[89,90],"product_tag":[],"class_list":{"0":"post-6827","1":"product","2":"type-product","3":"status-publish","4":"has-post-thumbnail","6":"product_cat-ambient-sensor","7":"product_cat-temperature-humidity-sensor","8":"desktop-align-left","9":"tablet-align-left","10":"mobile-align-left","12":"first","13":"instock","14":"shipping-taxable","15":"purchasable","16":"product-type-simple"},"jetpack_sharing_enabled":true,"_links":{"self":[{"href":"https:\/\/ecosentec.com\/es\/wp-json\/wp\/v2\/product\/6827","targetHints":{"allow":["GET"]}}],"collection":[{"href":"https:\/\/ecosentec.com\/es\/wp-json\/wp\/v2\/product"}],"about":[{"href":"https:\/\/ecosentec.com\/es\/wp-json\/wp\/v2\/types\/product"}],"version-history":[{"count":2,"href":"https:\/\/ecosentec.com\/es\/wp-json\/wp\/v2\/product\/6827\/revisions"}],"predecessor-version":[{"id":6831,"href":"https:\/\/ecosentec.com\/es\/wp-json\/wp\/v2\/product\/6827\/revisions\/6831"}],"wp:featuredmedia":[{"embeddable":true,"href":"https:\/\/ecosentec.com\/es\/wp-json\/wp\/v2\/media\/6828"}],"wp:attachment":[{"href":"https:\/\/ecosentec.com\/es\/wp-json\/wp\/v2\/media?parent=6827"}],"wp:term":[{"taxonomy":"product_brand","embeddable":true,"href":"https:\/\/ecosentec.com\/es\/wp-json\/wp\/v2\/product_brand?post=6827"},{"taxonomy":"product_cat","embeddable":true,"href":"https:\/\/ecosentec.com\/es\/wp-json\/wp\/v2\/product_cat?post=6827"},{"taxonomy":"product_tag","embeddable":true,"href":"https:\/\/ecosentec.com\/es\/wp-json\/wp\/v2\/product_tag?post=6827"}],"curies":[{"name":"wp","href":"https:\/\/api.w.org\/{rel}","templated":true}]}}