{"id":6822,"date":"2025-05-29T10:53:18","date_gmt":"2025-05-29T10:53:18","guid":{"rendered":"https:\/\/ecosentec.com\/?post_type=product&#038;p=6822"},"modified":"2025-05-29T10:55:08","modified_gmt":"2025-05-29T10:55:08","slug":"sensor-de-temperatura-del-punto-de-rocio","status":"publish","type":"product","link":"https:\/\/ecosentec.com\/es\/producto\/sensor-de-temperatura-del-punto-de-rocio\/","title":{"rendered":"Sensor de temperatura de punto de roc\u00edo ES-A120"},"content":{"rendered":"<p class=\"p1\">El transmisor de temperatura de punto de roc\u00edo de acero inoxidable ES-A120 se puede instalar a trav\u00e9s de una rosca de tuber\u00eda de 4 v\u00edas para medir la temperatura del punto de roc\u00edo en la tuber\u00eda y tambi\u00e9n puede medir directamente la temperatura del punto de roc\u00edo atmosf\u00e9rico en entornos normales.<\/p>\n<p class=\"p1\">La carcasa del transmisor de temperatura de punto de roc\u00edo ES-A120 est\u00e1 fabricada en acero inoxidable 304, con salida impermeable y grado de protecci\u00f3n IP65. El circuito incorpora un microprocesador de grado industrial y un sensor de temperatura de alta precisi\u00f3n importados para garantizar un excelente rendimiento de medici\u00f3n. Su dise\u00f1o elegante y compacto lo hace ideal para diversos entornos industriales. La se\u00f1al de salida es RS485, la distancia m\u00e1xima de comunicaci\u00f3n es de 2000 metros, utiliza el protocolo Modbus est\u00e1ndar y es compatible con el desarrollo secundario.<\/p>","protected":false},"excerpt":{"rendered":"<p>El transmisor de temperatura de punto de roc\u00edo de acero inoxidable ES-A120 se puede instalar a trav\u00e9s de una rosca de tuber\u00eda de 4 v\u00edas para medir la temperatura del punto de roc\u00edo en la tuber\u00eda y tambi\u00e9n puede medir directamente la temperatura del punto de roc\u00edo atmosf\u00e9rico en entornos normales.<\/p>","protected":false},"featured_media":6823,"template":"","meta":{"om_disable_all_campaigns":false,"_monsterinsights_skip_tracking":false,"_monsterinsights_sitenote_active":false,"_monsterinsights_sitenote_note":"","_monsterinsights_sitenote_category":0,"site-sidebar-layout":"default","site-content-layout":"default","ast-site-content-layout":"default","site-content-style":"default","site-sidebar-style":"default","ast-global-header-display":"","ast-banner-title-visibility":"","ast-main-header-display":"","ast-hfb-above-header-display":"","ast-hfb-below-header-display":"","ast-hfb-mobile-header-display":"","site-post-title":"","ast-breadcrumbs-content":"","ast-featured-img":"","footer-sml-layout":"","ast-disable-related-posts":"","theme-transparent-header-meta":"default","adv-header-id-meta":"","stick-header-meta":"","header-above-stick-meta":"","header-main-stick-meta":"","header-below-stick-meta":"","astra-migrate-meta-layouts":"set","ast-page-background-enabled":"default","ast-page-background-meta":{"desktop":{"background-color":"","background-image":"","background-repeat":"repeat","background-position":"center center","background-size":"auto","background-attachment":"scroll","background-type":"","background-media":"","overlay-type":"","overlay-color":"","overlay-opacity":"","overlay-gradient":""},"tablet":{"background-color":"","background-image":"","background-repeat":"repeat","background-position":"center center","background-size":"auto","background-attachment":"scroll","background-type":"","background-media":"","overlay-type":"","overlay-color":"","overlay-opacity":"","overlay-gradient":""},"mobile":{"background-color":"","background-image":"","background-repeat":"repeat","background-position":"center center","background-size":"auto","background-attachment":"scroll","background-type":"","background-media":"","overlay-type":"","overlay-color":"","overlay-opacity":"","overlay-gradient":""}},"ast-content-background-meta":{"desktop":{"background-color":"var(--ast-global-color-5)","background-image":"","background-repeat":"repeat","background-position":"center center","background-size":"auto","background-attachment":"scroll","background-type":"","background-media":"","overlay-type":"","overlay-color":"","overlay-opacity":"","overlay-gradient":""},"tablet":{"background-color":"var(--ast-global-color-5)","background-image":"","background-repeat":"repeat","background-position":"center center","background-size":"auto","background-attachment":"scroll","background-type":"","background-media":"","overlay-type":"","overlay-color":"","overlay-opacity":"","overlay-gradient":""},"mobile":{"background-color":"var(--ast-global-color-5)","background-image":"","background-repeat":"repeat","background-position":"center center","background-size":"auto","background-attachment":"scroll","background-type":"","background-media":"","overlay-type":"","overlay-color":"","overlay-opacity":"","overlay-gradient":""}},"_joinchat":[]},"product_brand":[],"product_cat":[89,90],"product_tag":[],"class_list":{"0":"post-6822","1":"product","2":"type-product","3":"status-publish","4":"has-post-thumbnail","6":"product_cat-ambient-sensor","7":"product_cat-temperature-humidity-sensor","8":"desktop-align-left","9":"tablet-align-left","10":"mobile-align-left","12":"first","13":"instock","14":"shipping-taxable","15":"purchasable","16":"product-type-simple"},"jetpack_sharing_enabled":true,"_links":{"self":[{"href":"https:\/\/ecosentec.com\/es\/wp-json\/wp\/v2\/product\/6822","targetHints":{"allow":["GET"]}}],"collection":[{"href":"https:\/\/ecosentec.com\/es\/wp-json\/wp\/v2\/product"}],"about":[{"href":"https:\/\/ecosentec.com\/es\/wp-json\/wp\/v2\/types\/product"}],"version-history":[{"count":2,"href":"https:\/\/ecosentec.com\/es\/wp-json\/wp\/v2\/product\/6822\/revisions"}],"predecessor-version":[{"id":6826,"href":"https:\/\/ecosentec.com\/es\/wp-json\/wp\/v2\/product\/6822\/revisions\/6826"}],"wp:featuredmedia":[{"embeddable":true,"href":"https:\/\/ecosentec.com\/es\/wp-json\/wp\/v2\/media\/6823"}],"wp:attachment":[{"href":"https:\/\/ecosentec.com\/es\/wp-json\/wp\/v2\/media?parent=6822"}],"wp:term":[{"taxonomy":"product_brand","embeddable":true,"href":"https:\/\/ecosentec.com\/es\/wp-json\/wp\/v2\/product_brand?post=6822"},{"taxonomy":"product_cat","embeddable":true,"href":"https:\/\/ecosentec.com\/es\/wp-json\/wp\/v2\/product_cat?post=6822"},{"taxonomy":"product_tag","embeddable":true,"href":"https:\/\/ecosentec.com\/es\/wp-json\/wp\/v2\/product_tag?post=6822"}],"curies":[{"name":"wp","href":"https:\/\/api.w.org\/{rel}","templated":true}]}}