{"id":6810,"date":"2025-05-29T10:43:09","date_gmt":"2025-05-29T10:43:09","guid":{"rendered":"https:\/\/ecosentec.com\/?post_type=product&#038;p=6810"},"modified":"2025-05-29T10:45:38","modified_gmt":"2025-05-29T10:45:38","slug":"sensor-de-temperatura-infrarrojo-2","status":"publish","type":"product","link":"https:\/\/ecosentec.com\/es\/producto\/sensor-de-temperatura-infrarrojo-2\/","title":{"rendered":"Sensor de temperatura infrarrojo ES-A901"},"content":{"rendered":"<p class=\"p1\">El ES-A901 es un sensor de temperatura infrarrojo sin contacto que calcula la temperatura superficial de un objeto midiendo la energ\u00eda de la radiaci\u00f3n infrarroja emitida por este en un rango de 8 \u03bcm a 14 \u03bcm sin contacto con el objetivo. La medici\u00f3n de temperatura sin contacto es la mayor ventaja de los term\u00f3metros infrarrojos, ya que permite medir f\u00e1cilmente objetivos dif\u00edciles de alcanzar o mover.<\/p>\n<p class=\"p1\">Este sensor de temperatura es un sensor infrarrojo integrado. El sensor, el sistema \u00f3ptico y el circuito electr\u00f3nico est\u00e1n integrados en una carcasa de acero inoxidable. Es f\u00e1cil de instalar y las roscas est\u00e1ndar de la carcasa de acero inoxidable se conectan r\u00e1pidamente al elemento de instalaci\u00f3n. Adem\u00e1s, existen diversas opciones (varios instrumentos, pantallas grandes, tapas de protecci\u00f3n contra purgas de registradores sin papel, miras l\u00e1ser, soportes de montaje ajustables, etc.) para satisfacer las necesidades de diversas condiciones de trabajo.<\/p>","protected":false},"excerpt":{"rendered":"<p>El ES-A901 es un sensor de temperatura infrarrojo sin contacto que calcula la temperatura superficial de un objeto midiendo la energ\u00eda de la radiaci\u00f3n infrarroja emitida por este en un rango de 8 \u03bcm a 14 \u03bcm sin contacto con el objetivo. La medici\u00f3n de temperatura sin contacto es la mayor ventaja de los term\u00f3metros infrarrojos, ya que permite medir f\u00e1cilmente objetivos dif\u00edciles de alcanzar o mover.<\/p>","protected":false},"featured_media":6811,"template":"","meta":{"om_disable_all_campaigns":false,"_monsterinsights_skip_tracking":false,"_monsterinsights_sitenote_active":false,"_monsterinsights_sitenote_note":"","_monsterinsights_sitenote_category":0,"site-sidebar-layout":"default","site-content-layout":"default","ast-site-content-layout":"default","site-content-style":"default","site-sidebar-style":"default","ast-global-header-display":"","ast-banner-title-visibility":"","ast-main-header-display":"","ast-hfb-above-header-display":"","ast-hfb-below-header-display":"","ast-hfb-mobile-header-display":"","site-post-title":"","ast-breadcrumbs-content":"","ast-featured-img":"","footer-sml-layout":"","ast-disable-related-posts":"","theme-transparent-header-meta":"default","adv-header-id-meta":"","stick-header-meta":"","header-above-stick-meta":"","header-main-stick-meta":"","header-below-stick-meta":"","astra-migrate-meta-layouts":"set","ast-page-background-enabled":"default","ast-page-background-meta":{"desktop":{"background-color":"","background-image":"","background-repeat":"repeat","background-position":"center center","background-size":"auto","background-attachment":"scroll","background-type":"","background-media":"","overlay-type":"","overlay-color":"","overlay-opacity":"","overlay-gradient":""},"tablet":{"background-color":"","background-image":"","background-repeat":"repeat","background-position":"center center","background-size":"auto","background-attachment":"scroll","background-type":"","background-media":"","overlay-type":"","overlay-color":"","overlay-opacity":"","overlay-gradient":""},"mobile":{"background-color":"","background-image":"","background-repeat":"repeat","background-position":"center center","background-size":"auto","background-attachment":"scroll","background-type":"","background-media":"","overlay-type":"","overlay-color":"","overlay-opacity":"","overlay-gradient":""}},"ast-content-background-meta":{"desktop":{"background-color":"var(--ast-global-color-5)","background-image":"","background-repeat":"repeat","background-position":"center center","background-size":"auto","background-attachment":"scroll","background-type":"","background-media":"","overlay-type":"","overlay-color":"","overlay-opacity":"","overlay-gradient":""},"tablet":{"background-color":"var(--ast-global-color-5)","background-image":"","background-repeat":"repeat","background-position":"center center","background-size":"auto","background-attachment":"scroll","background-type":"","background-media":"","overlay-type":"","overlay-color":"","overlay-opacity":"","overlay-gradient":""},"mobile":{"background-color":"var(--ast-global-color-5)","background-image":"","background-repeat":"repeat","background-position":"center center","background-size":"auto","background-attachment":"scroll","background-type":"","background-media":"","overlay-type":"","overlay-color":"","overlay-opacity":"","overlay-gradient":""}},"_joinchat":[]},"product_brand":[],"product_cat":[89,90],"product_tag":[],"class_list":{"0":"post-6810","1":"product","2":"type-product","3":"status-publish","4":"has-post-thumbnail","6":"product_cat-ambient-sensor","7":"product_cat-temperature-humidity-sensor","8":"desktop-align-left","9":"tablet-align-left","10":"mobile-align-left","12":"first","13":"instock","14":"shipping-taxable","15":"purchasable","16":"product-type-simple"},"jetpack_sharing_enabled":true,"_links":{"self":[{"href":"https:\/\/ecosentec.com\/es\/wp-json\/wp\/v2\/product\/6810","targetHints":{"allow":["GET"]}}],"collection":[{"href":"https:\/\/ecosentec.com\/es\/wp-json\/wp\/v2\/product"}],"about":[{"href":"https:\/\/ecosentec.com\/es\/wp-json\/wp\/v2\/types\/product"}],"version-history":[{"count":2,"href":"https:\/\/ecosentec.com\/es\/wp-json\/wp\/v2\/product\/6810\/revisions"}],"predecessor-version":[{"id":6814,"href":"https:\/\/ecosentec.com\/es\/wp-json\/wp\/v2\/product\/6810\/revisions\/6814"}],"wp:featuredmedia":[{"embeddable":true,"href":"https:\/\/ecosentec.com\/es\/wp-json\/wp\/v2\/media\/6811"}],"wp:attachment":[{"href":"https:\/\/ecosentec.com\/es\/wp-json\/wp\/v2\/media?parent=6810"}],"wp:term":[{"taxonomy":"product_brand","embeddable":true,"href":"https:\/\/ecosentec.com\/es\/wp-json\/wp\/v2\/product_brand?post=6810"},{"taxonomy":"product_cat","embeddable":true,"href":"https:\/\/ecosentec.com\/es\/wp-json\/wp\/v2\/product_cat?post=6810"},{"taxonomy":"product_tag","embeddable":true,"href":"https:\/\/ecosentec.com\/es\/wp-json\/wp\/v2\/product_tag?post=6810"}],"curies":[{"name":"wp","href":"https:\/\/api.w.org\/{rel}","templated":true}]}}