{"id":6804,"date":"2025-05-29T10:19:11","date_gmt":"2025-05-29T10:19:11","guid":{"rendered":"https:\/\/ecosentec.com\/?post_type=product&#038;p=6804"},"modified":"2025-06-11T10:25:33","modified_gmt":"2025-06-11T10:25:33","slug":"transmisor-de-radiacion-de-seguimiento","status":"publish","type":"product","link":"https:\/\/ecosentec.com\/es\/producto\/transmisor-de-radiacion-de-seguimiento\/","title":{"rendered":"Transmisor de radiaci\u00f3n de seguimiento ES-S228TM"},"content":{"rendered":"<p class=\"p1\">El transmisor de radiaci\u00f3n solar con seguimiento totalmente autom\u00e1tico ES-S228TM es un dispositivo que rastrea autom\u00e1ticamente el sol y mide m\u00faltiples par\u00e1metros de radiaci\u00f3n solar. Cumple con los requisitos de la medici\u00f3n automatizada y resuelve el problema de que los instrumentos de radiaci\u00f3n solar tradicionales requieren mantenimiento manual en tiempo real para una medici\u00f3n precisa. El dispositivo adopta modos duales de seguimiento solar (seguimiento de luz) y seguimiento GPS, que pueden calcular autom\u00e1ticamente el \u00e1ngulo de altitud y azimut solar, la hora de salida y puesta del sol, y calcular, analizar y comparar los cambios en la intensidad de la luz solar, para rastrear el sol con precisi\u00f3n durante todo el d\u00eda.<\/p>\n<p class=\"p1\">El transmisor de radiaci\u00f3n solar directa adopta el principio termoel\u00e9ctrico y permite medir la radiaci\u00f3n solar con un rango espectral de 0,3 a 3 \u03bcm. El elemento sensor incorpora una termopila galvanizada de bobinado, y la superficie de detecci\u00f3n presenta un revestimiento negro de alta absorci\u00f3n. El producto utiliza el protocolo de comunicaci\u00f3n est\u00e1ndar ModBus-RTU 485, que permite leer directamente el valor actual de la radiaci\u00f3n solar total. Asimismo, con diversos colectores de datos de nuestra empresa, los datos pueden subirse a nuestra plataforma gratuita de monitoreo de datos en la nube para su visualizaci\u00f3n a trav\u00e9s de Wi-Fi, 4G, LORA, Ethernet y otros m\u00e9todos.<\/p>","protected":false},"excerpt":{"rendered":"<p>El transmisor de radiaci\u00f3n solar con seguimiento totalmente autom\u00e1tico ES-S228TM es un dispositivo que rastrea autom\u00e1ticamente el sol y mide m\u00faltiples par\u00e1metros de radiaci\u00f3n solar. Cumple con los requisitos de la medici\u00f3n automatizada y resuelve el problema de que los instrumentos de radiaci\u00f3n solar tradicionales requieren mantenimiento manual en tiempo real para una medici\u00f3n precisa. El dispositivo adopta modos duales de seguimiento solar (seguimiento de luz) y seguimiento GPS, que pueden calcular autom\u00e1ticamente el \u00e1ngulo de altitud y azimut solar, la hora de salida y puesta del sol, y calcular, analizar y comparar los cambios en la intensidad de la luz solar, para rastrear el sol con precisi\u00f3n durante todo el d\u00eda.<\/p>","protected":false},"featured_media":6805,"template":"","meta":{"om_disable_all_campaigns":false,"_monsterinsights_skip_tracking":false,"_monsterinsights_sitenote_active":false,"_monsterinsights_sitenote_note":"","_monsterinsights_sitenote_category":0,"site-sidebar-layout":"default","site-content-layout":"default","ast-site-content-layout":"default","site-content-style":"default","site-sidebar-style":"default","ast-global-header-display":"","ast-banner-title-visibility":"","ast-main-header-display":"","ast-hfb-above-header-display":"","ast-hfb-below-header-display":"","ast-hfb-mobile-header-display":"","site-post-title":"","ast-breadcrumbs-content":"","ast-featured-img":"","footer-sml-layout":"","ast-disable-related-posts":"","theme-transparent-header-meta":"default","adv-header-id-meta":"","stick-header-meta":"","header-above-stick-meta":"","header-main-stick-meta":"","header-below-stick-meta":"","astra-migrate-meta-layouts":"set","ast-page-background-enabled":"default","ast-page-background-meta":{"desktop":{"background-color":"","background-image":"","background-repeat":"repeat","background-position":"center center","background-size":"auto","background-attachment":"scroll","background-type":"","background-media":"","overlay-type":"","overlay-color":"","overlay-opacity":"","overlay-gradient":""},"tablet":{"background-color":"","background-image":"","background-repeat":"repeat","background-position":"center center","background-size":"auto","background-attachment":"scroll","background-type":"","background-media":"","overlay-type":"","overlay-color":"","overlay-opacity":"","overlay-gradient":""},"mobile":{"background-color":"","background-image":"","background-repeat":"repeat","background-position":"center center","background-size":"auto","background-attachment":"scroll","background-type":"","background-media":"","overlay-type":"","overlay-color":"","overlay-opacity":"","overlay-gradient":""}},"ast-content-background-meta":{"desktop":{"background-color":"var(--ast-global-color-5)","background-image":"","background-repeat":"repeat","background-position":"center center","background-size":"auto","background-attachment":"scroll","background-type":"","background-media":"","overlay-type":"","overlay-color":"","overlay-opacity":"","overlay-gradient":""},"tablet":{"background-color":"var(--ast-global-color-5)","background-image":"","background-repeat":"repeat","background-position":"center center","background-size":"auto","background-attachment":"scroll","background-type":"","background-media":"","overlay-type":"","overlay-color":"","overlay-opacity":"","overlay-gradient":""},"mobile":{"background-color":"var(--ast-global-color-5)","background-image":"","background-repeat":"repeat","background-position":"center center","background-size":"auto","background-attachment":"scroll","background-type":"","background-media":"","overlay-type":"","overlay-color":"","overlay-opacity":"","overlay-gradient":""}},"_joinchat":[]},"product_brand":[],"product_cat":[84,76],"product_tag":[291],"class_list":{"0":"post-6804","1":"product","2":"type-product","3":"status-publish","4":"has-post-thumbnail","6":"product_cat-pyrgeometers","7":"product_cat-solar-radiation-sensor","8":"product_tag-solar","9":"desktop-align-left","10":"tablet-align-left","11":"mobile-align-left","13":"first","14":"instock","15":"shipping-taxable","16":"purchasable","17":"product-type-simple"},"jetpack_sharing_enabled":true,"_links":{"self":[{"href":"https:\/\/ecosentec.com\/es\/wp-json\/wp\/v2\/product\/6804","targetHints":{"allow":["GET"]}}],"collection":[{"href":"https:\/\/ecosentec.com\/es\/wp-json\/wp\/v2\/product"}],"about":[{"href":"https:\/\/ecosentec.com\/es\/wp-json\/wp\/v2\/types\/product"}],"version-history":[{"count":1,"href":"https:\/\/ecosentec.com\/es\/wp-json\/wp\/v2\/product\/6804\/revisions"}],"predecessor-version":[{"id":6807,"href":"https:\/\/ecosentec.com\/es\/wp-json\/wp\/v2\/product\/6804\/revisions\/6807"}],"wp:featuredmedia":[{"embeddable":true,"href":"https:\/\/ecosentec.com\/es\/wp-json\/wp\/v2\/media\/6805"}],"wp:attachment":[{"href":"https:\/\/ecosentec.com\/es\/wp-json\/wp\/v2\/media?parent=6804"}],"wp:term":[{"taxonomy":"product_brand","embeddable":true,"href":"https:\/\/ecosentec.com\/es\/wp-json\/wp\/v2\/product_brand?post=6804"},{"taxonomy":"product_cat","embeddable":true,"href":"https:\/\/ecosentec.com\/es\/wp-json\/wp\/v2\/product_cat?post=6804"},{"taxonomy":"product_tag","embeddable":true,"href":"https:\/\/ecosentec.com\/es\/wp-json\/wp\/v2\/product_tag?post=6804"}],"curies":[{"name":"wp","href":"https:\/\/api.w.org\/{rel}","templated":true}]}}