{"id":6535,"date":"2025-04-24T03:49:27","date_gmt":"2025-04-24T03:49:27","guid":{"rendered":"https:\/\/ecosentec.com\/?post_type=product&#038;p=6535"},"modified":"2025-04-24T03:56:33","modified_gmt":"2025-04-24T03:56:33","slug":"consola-de-visualizacion-del-registrador-de-datos-wifi","status":"publish","type":"product","link":"https:\/\/ecosentec.com\/es\/producto\/consola-de-visualizacion-del-registrador-de-datos-wifi\/","title":{"rendered":"Consola de visualizaci\u00f3n del registrador de datos WIFI WDSQ200"},"content":{"rendered":"<p>WDSQ200 es una consola vers\u00e1til que viene con m\u00faltiples funciones que no solo pueden mostrar datos en tiempo real, gr\u00e1ficos hist\u00f3ricos, realizar registros de datos, sino tambi\u00e9n realizar una conexi\u00f3n TCP como cliente a su servidor y cargar datos a Weather <a href=\"https:\/\/www.wunderground.com\/\" target=\"_blank\" rel=\"noopener\">WUnderground<\/a> o nuestra plataforma IoT. Todos los datos recibidos por el puerto serie (UART, RS485, RS232, TTL) se cargar\u00e1n autom\u00e1ticamente en su servidor. Funciona con un sistema operativo integrado en tiempo real, estable y sin fallos. Admite salida no solicitada (activa) en formato de flujo ASCII, NMEA0183 y protocolo MODBUS-RTU. Tambi\u00e9n podemos adaptarlo a su propio protocolo seg\u00fan sus necesidades. Se puede personalizar en varios idiomas.<\/p>","protected":false},"excerpt":{"rendered":"<p>WDSQ200 es una consola vers\u00e1til que viene con m\u00faltiples funciones que no solo pueden mostrar datos en tiempo real, gr\u00e1ficos hist\u00f3ricos, realizar registros de datos, sino tambi\u00e9n realizar una conexi\u00f3n TCP como cliente a su servidor y cargar datos a Weather <a href=\"https:\/\/www.wunderground.com\/\">WUnderground<\/a> o nuestra plataforma IoT. Todos los datos recibidos por puerto serie (UART, RS485, RS232, TTL) se cargar\u00e1n autom\u00e1ticamente en su servidor.<\/p>","protected":false},"featured_media":6536,"template":"","meta":{"om_disable_all_campaigns":false,"_monsterinsights_skip_tracking":false,"_monsterinsights_sitenote_active":false,"_monsterinsights_sitenote_note":"","_monsterinsights_sitenote_category":0,"site-sidebar-layout":"default","site-content-layout":"default","ast-site-content-layout":"default","site-content-style":"default","site-sidebar-style":"default","ast-global-header-display":"","ast-banner-title-visibility":"","ast-main-header-display":"","ast-hfb-above-header-display":"","ast-hfb-below-header-display":"","ast-hfb-mobile-header-display":"","site-post-title":"","ast-breadcrumbs-content":"","ast-featured-img":"","footer-sml-layout":"","ast-disable-related-posts":"","theme-transparent-header-meta":"default","adv-header-id-meta":"","stick-header-meta":"","header-above-stick-meta":"","header-main-stick-meta":"","header-below-stick-meta":"","astra-migrate-meta-layouts":"set","ast-page-background-enabled":"default","ast-page-background-meta":{"desktop":{"background-color":"","background-image":"","background-repeat":"repeat","background-position":"center center","background-size":"auto","background-attachment":"scroll","background-type":"","background-media":"","overlay-type":"","overlay-color":"","overlay-opacity":"","overlay-gradient":""},"tablet":{"background-color":"","background-image":"","background-repeat":"repeat","background-position":"center center","background-size":"auto","background-attachment":"scroll","background-type":"","background-media":"","overlay-type":"","overlay-color":"","overlay-opacity":"","overlay-gradient":""},"mobile":{"background-color":"","background-image":"","background-repeat":"repeat","background-position":"center center","background-size":"auto","background-attachment":"scroll","background-type":"","background-media":"","overlay-type":"","overlay-color":"","overlay-opacity":"","overlay-gradient":""}},"ast-content-background-meta":{"desktop":{"background-color":"var(--ast-global-color-5)","background-image":"","background-repeat":"repeat","background-position":"center center","background-size":"auto","background-attachment":"scroll","background-type":"","background-media":"","overlay-type":"","overlay-color":"","overlay-opacity":"","overlay-gradient":""},"tablet":{"background-color":"var(--ast-global-color-5)","background-image":"","background-repeat":"repeat","background-position":"center center","background-size":"auto","background-attachment":"scroll","background-type":"","background-media":"","overlay-type":"","overlay-color":"","overlay-opacity":"","overlay-gradient":""},"mobile":{"background-color":"var(--ast-global-color-5)","background-image":"","background-repeat":"repeat","background-position":"center center","background-size":"auto","background-attachment":"scroll","background-type":"","background-media":"","overlay-type":"","overlay-color":"","overlay-opacity":"","overlay-gradient":""}},"_joinchat":[]},"product_brand":[],"product_cat":[280,86],"product_tag":[],"class_list":{"0":"post-6535","1":"product","2":"type-product","3":"status-publish","4":"has-post-thumbnail","6":"product_cat-display-console-data-logger","7":"product_cat-weather-station","8":"desktop-align-left","9":"tablet-align-left","10":"mobile-align-left","12":"first","13":"instock","14":"shipping-taxable","15":"purchasable","16":"product-type-simple"},"jetpack_sharing_enabled":true,"_links":{"self":[{"href":"https:\/\/ecosentec.com\/es\/wp-json\/wp\/v2\/product\/6535","targetHints":{"allow":["GET"]}}],"collection":[{"href":"https:\/\/ecosentec.com\/es\/wp-json\/wp\/v2\/product"}],"about":[{"href":"https:\/\/ecosentec.com\/es\/wp-json\/wp\/v2\/types\/product"}],"version-history":[{"count":3,"href":"https:\/\/ecosentec.com\/es\/wp-json\/wp\/v2\/product\/6535\/revisions"}],"predecessor-version":[{"id":6545,"href":"https:\/\/ecosentec.com\/es\/wp-json\/wp\/v2\/product\/6535\/revisions\/6545"}],"wp:featuredmedia":[{"embeddable":true,"href":"https:\/\/ecosentec.com\/es\/wp-json\/wp\/v2\/media\/6536"}],"wp:attachment":[{"href":"https:\/\/ecosentec.com\/es\/wp-json\/wp\/v2\/media?parent=6535"}],"wp:term":[{"taxonomy":"product_brand","embeddable":true,"href":"https:\/\/ecosentec.com\/es\/wp-json\/wp\/v2\/product_brand?post=6535"},{"taxonomy":"product_cat","embeddable":true,"href":"https:\/\/ecosentec.com\/es\/wp-json\/wp\/v2\/product_cat?post=6535"},{"taxonomy":"product_tag","embeddable":true,"href":"https:\/\/ecosentec.com\/es\/wp-json\/wp\/v2\/product_tag?post=6535"}],"curies":[{"name":"wp","href":"https:\/\/api.w.org\/{rel}","templated":true}]}}