{"id":6475,"date":"2025-04-22T09:31:45","date_gmt":"2025-04-22T09:31:45","guid":{"rendered":"https:\/\/ecosentec.com\/?post_type=product&#038;p=6475"},"modified":"2025-04-22T09:34:21","modified_gmt":"2025-04-22T09:34:21","slug":"sensor-de-tension-del-suelo","status":"publish","type":"product","link":"https:\/\/ecosentec.com\/es\/producto\/sensor-de-tension-del-suelo\/","title":{"rendered":"Sensor de tensi\u00f3n del suelo ES-S2285"},"content":{"rendered":"<p>Cuando el sensor de tensi\u00f3n del suelo recopila datos din\u00e1micos de humedad del suelo de los cultivos, permite tomar medidas de riego m\u00e1s precisas seg\u00fan los cambios en el crecimiento de los cultivos. No solo registra los datos de los cambios en la tensi\u00f3n del suelo, sino que tambi\u00e9n ayuda a los agricultores a complementar continuamente los datos del entorno del suelo.<\/p>\n<p>El sensor de tensi\u00f3n del suelo ES-S2285 utiliza un tubo de pl\u00e1stico PVC transparente que muestra claramente la cantidad de agua restante en el equipo, facilitando la adici\u00f3n de agua. Este producto es ideal para lugares donde se requiere detectar la humedad del suelo y la sequ\u00eda. Se utiliza principalmente para monitorear la escasez de agua en los cultivos agr\u00edcolas, con el fin de optimizar el riego.<\/p>\n<p>Al utilizar una salida de se\u00f1al anal\u00f3gica est\u00e1ndar de 4~20 mA, se puede conectar a medidores digitales, PLC, inversores, hosts de control industrial y otros equipos in situ. Mediante comunicaci\u00f3n ModBus-RTU485 est\u00e1ndar, se puede comunicar con hasta 2000 medidores.<\/p>","protected":false},"excerpt":{"rendered":"<p>El sensor de tensi\u00f3n del suelo ES-S2285 utiliza un tubo de pl\u00e1stico PVC transparente que muestra claramente la cantidad de agua restante en el equipo, facilitando la adici\u00f3n de agua. Este producto es ideal para lugares donde se requiere detectar la humedad del suelo y la sequ\u00eda. Se utiliza principalmente para monitorear la escasez de agua en los cultivos agr\u00edcolas, con el fin de optimizar el riego.<\/p>","protected":false},"featured_media":6476,"template":"","meta":{"om_disable_all_campaigns":false,"_monsterinsights_skip_tracking":false,"_monsterinsights_sitenote_active":false,"_monsterinsights_sitenote_note":"","_monsterinsights_sitenote_category":0,"site-sidebar-layout":"default","site-content-layout":"default","ast-site-content-layout":"default","site-content-style":"default","site-sidebar-style":"default","ast-global-header-display":"","ast-banner-title-visibility":"","ast-main-header-display":"","ast-hfb-above-header-display":"","ast-hfb-below-header-display":"","ast-hfb-mobile-header-display":"","site-post-title":"","ast-breadcrumbs-content":"","ast-featured-img":"","footer-sml-layout":"","ast-disable-related-posts":"","theme-transparent-header-meta":"default","adv-header-id-meta":"","stick-header-meta":"","header-above-stick-meta":"","header-main-stick-meta":"","header-below-stick-meta":"","astra-migrate-meta-layouts":"set","ast-page-background-enabled":"default","ast-page-background-meta":{"desktop":{"background-color":"","background-image":"","background-repeat":"repeat","background-position":"center center","background-size":"auto","background-attachment":"scroll","background-type":"","background-media":"","overlay-type":"","overlay-color":"","overlay-opacity":"","overlay-gradient":""},"tablet":{"background-color":"","background-image":"","background-repeat":"repeat","background-position":"center center","background-size":"auto","background-attachment":"scroll","background-type":"","background-media":"","overlay-type":"","overlay-color":"","overlay-opacity":"","overlay-gradient":""},"mobile":{"background-color":"","background-image":"","background-repeat":"repeat","background-position":"center center","background-size":"auto","background-attachment":"scroll","background-type":"","background-media":"","overlay-type":"","overlay-color":"","overlay-opacity":"","overlay-gradient":""}},"ast-content-background-meta":{"desktop":{"background-color":"var(--ast-global-color-5)","background-image":"","background-repeat":"repeat","background-position":"center center","background-size":"auto","background-attachment":"scroll","background-type":"","background-media":"","overlay-type":"","overlay-color":"","overlay-opacity":"","overlay-gradient":""},"tablet":{"background-color":"var(--ast-global-color-5)","background-image":"","background-repeat":"repeat","background-position":"center center","background-size":"auto","background-attachment":"scroll","background-type":"","background-media":"","overlay-type":"","overlay-color":"","overlay-opacity":"","overlay-gradient":""},"mobile":{"background-color":"var(--ast-global-color-5)","background-image":"","background-repeat":"repeat","background-position":"center center","background-size":"auto","background-attachment":"scroll","background-type":"","background-media":"","overlay-type":"","overlay-color":"","overlay-opacity":"","overlay-gradient":""}},"_joinchat":[]},"product_brand":[],"product_cat":[94,95],"product_tag":[],"class_list":{"0":"post-6475","1":"product","2":"type-product","3":"status-publish","4":"has-post-thumbnail","6":"product_cat-agro-soil-sensor","7":"product_cat-soil-sensor","8":"desktop-align-left","9":"tablet-align-left","10":"mobile-align-left","12":"first","13":"instock","14":"shipping-taxable","15":"purchasable","16":"product-type-simple"},"jetpack_sharing_enabled":true,"_links":{"self":[{"href":"https:\/\/ecosentec.com\/es\/wp-json\/wp\/v2\/product\/6475","targetHints":{"allow":["GET"]}}],"collection":[{"href":"https:\/\/ecosentec.com\/es\/wp-json\/wp\/v2\/product"}],"about":[{"href":"https:\/\/ecosentec.com\/es\/wp-json\/wp\/v2\/types\/product"}],"version-history":[{"count":2,"href":"https:\/\/ecosentec.com\/es\/wp-json\/wp\/v2\/product\/6475\/revisions"}],"predecessor-version":[{"id":6479,"href":"https:\/\/ecosentec.com\/es\/wp-json\/wp\/v2\/product\/6475\/revisions\/6479"}],"wp:featuredmedia":[{"embeddable":true,"href":"https:\/\/ecosentec.com\/es\/wp-json\/wp\/v2\/media\/6476"}],"wp:attachment":[{"href":"https:\/\/ecosentec.com\/es\/wp-json\/wp\/v2\/media?parent=6475"}],"wp:term":[{"taxonomy":"product_brand","embeddable":true,"href":"https:\/\/ecosentec.com\/es\/wp-json\/wp\/v2\/product_brand?post=6475"},{"taxonomy":"product_cat","embeddable":true,"href":"https:\/\/ecosentec.com\/es\/wp-json\/wp\/v2\/product_cat?post=6475"},{"taxonomy":"product_tag","embeddable":true,"href":"https:\/\/ecosentec.com\/es\/wp-json\/wp\/v2\/product_tag?post=6475"}],"curies":[{"name":"wp","href":"https:\/\/api.w.org\/{rel}","templated":true}]}}