{"id":6364,"date":"2025-04-17T10:52:40","date_gmt":"2025-04-17T10:52:40","guid":{"rendered":"https:\/\/ecosentec.com\/?post_type=product&#038;p=6364"},"modified":"2025-04-17T10:55:08","modified_gmt":"2025-04-17T10:55:08","slug":"estacion-meteorologica-automatica","status":"publish","type":"product","link":"https:\/\/ecosentec.com\/es\/producto\/estacion-meteorologica-automatica\/","title":{"rendered":"Estaci\u00f3n meteorol\u00f3gica autom\u00e1tica ES-W3000"},"content":{"rendered":"<p>Una estaci\u00f3n meteorol\u00f3gica autom\u00e1tica se refiere a un dispositivo de observaci\u00f3n que puede recopilar y transmitir autom\u00e1ticamente informaci\u00f3n meteorol\u00f3gica. Una estaci\u00f3n meteorol\u00f3gica capaz de detectar autom\u00e1ticamente m\u00faltiples elementos en una zona determinada seg\u00fan las necesidades, generar mensajes autom\u00e1ticamente sin intervenci\u00f3n humana y transmitir regularmente los datos de detecci\u00f3n a la estaci\u00f3n central, es un medio importante para cubrir la falta de datos de detecci\u00f3n meteorol\u00f3gica en el \u00e1rea. Consta de sensores meteorol\u00f3gicos, instrumentos de adquisici\u00f3n de datos meteorol\u00f3gicos por microcomputadora, sistemas de alimentaci\u00f3n, campanas de ventilaci\u00f3n resistentes a la radiaci\u00f3n, cajas de protecci\u00f3n para todo tipo de clima, soportes de observaci\u00f3n meteorol\u00f3gica, m\u00f3dulos de comunicaci\u00f3n, etc.<br \/>\nLa estaci\u00f3n meteorol\u00f3gica autom\u00e1tica ES-W3000 permite la monitorizaci\u00f3n in situ, en cualquier condici\u00f3n clim\u00e1tica, de m\u00e1s de una docena de elementos meteorol\u00f3gicos, como la velocidad y direcci\u00f3n del viento, la pluviosidad, la temperatura y la humedad del aire, la intensidad lum\u00ednica, la temperatura y la humedad del suelo, la evaporaci\u00f3n y la presi\u00f3n atmosf\u00e9rica. Se conecta a un ordenador mediante una l\u00ednea de comunicaci\u00f3n profesional de adquisici\u00f3n de datos para transmitir los datos a la base de datos meteorol\u00f3gica del ordenador meteorol\u00f3gico para su an\u00e1lisis y procesamiento estad\u00edstico.<\/p>","protected":false},"excerpt":{"rendered":"<p>La estaci\u00f3n meteorol\u00f3gica autom\u00e1tica ES-W3000 permite la monitorizaci\u00f3n in situ, en cualquier condici\u00f3n clim\u00e1tica, de m\u00e1s de una docena de elementos meteorol\u00f3gicos, como la velocidad y direcci\u00f3n del viento, la pluviosidad, la temperatura y la humedad del aire, la intensidad lum\u00ednica, la temperatura y la humedad del suelo, la evaporaci\u00f3n y la presi\u00f3n atmosf\u00e9rica. Se conecta a un ordenador mediante una l\u00ednea de comunicaci\u00f3n profesional de adquisici\u00f3n de datos para transmitir los datos a la base de datos meteorol\u00f3gica del ordenador meteorol\u00f3gico para su an\u00e1lisis y procesamiento estad\u00edstico.<\/p>","protected":false},"featured_media":6368,"template":"","meta":{"om_disable_all_campaigns":false,"_monsterinsights_skip_tracking":false,"_monsterinsights_sitenote_active":false,"_monsterinsights_sitenote_note":"","_monsterinsights_sitenote_category":0,"site-sidebar-layout":"default","site-content-layout":"default","ast-site-content-layout":"default","site-content-style":"default","site-sidebar-style":"default","ast-global-header-display":"","ast-banner-title-visibility":"","ast-main-header-display":"","ast-hfb-above-header-display":"","ast-hfb-below-header-display":"","ast-hfb-mobile-header-display":"","site-post-title":"","ast-breadcrumbs-content":"","ast-featured-img":"","footer-sml-layout":"","ast-disable-related-posts":"","theme-transparent-header-meta":"default","adv-header-id-meta":"","stick-header-meta":"","header-above-stick-meta":"","header-main-stick-meta":"","header-below-stick-meta":"","astra-migrate-meta-layouts":"set","ast-page-background-enabled":"default","ast-page-background-meta":{"desktop":{"background-color":"","background-image":"","background-repeat":"repeat","background-position":"center center","background-size":"auto","background-attachment":"scroll","background-type":"","background-media":"","overlay-type":"","overlay-color":"","overlay-opacity":"","overlay-gradient":""},"tablet":{"background-color":"","background-image":"","background-repeat":"repeat","background-position":"center center","background-size":"auto","background-attachment":"scroll","background-type":"","background-media":"","overlay-type":"","overlay-color":"","overlay-opacity":"","overlay-gradient":""},"mobile":{"background-color":"","background-image":"","background-repeat":"repeat","background-position":"center center","background-size":"auto","background-attachment":"scroll","background-type":"","background-media":"","overlay-type":"","overlay-color":"","overlay-opacity":"","overlay-gradient":""}},"ast-content-background-meta":{"desktop":{"background-color":"var(--ast-global-color-5)","background-image":"","background-repeat":"repeat","background-position":"center center","background-size":"auto","background-attachment":"scroll","background-type":"","background-media":"","overlay-type":"","overlay-color":"","overlay-opacity":"","overlay-gradient":""},"tablet":{"background-color":"var(--ast-global-color-5)","background-image":"","background-repeat":"repeat","background-position":"center center","background-size":"auto","background-attachment":"scroll","background-type":"","background-media":"","overlay-type":"","overlay-color":"","overlay-opacity":"","overlay-gradient":""},"mobile":{"background-color":"var(--ast-global-color-5)","background-image":"","background-repeat":"repeat","background-position":"center center","background-size":"auto","background-attachment":"scroll","background-type":"","background-media":"","overlay-type":"","overlay-color":"","overlay-opacity":"","overlay-gradient":""}},"_joinchat":[]},"product_brand":[],"product_cat":[88,86],"product_tag":[],"class_list":{"0":"post-6364","1":"product","2":"type-product","3":"status-publish","4":"has-post-thumbnail","6":"product_cat-automatic-weather-stations","7":"product_cat-weather-station","8":"desktop-align-left","9":"tablet-align-left","10":"mobile-align-left","12":"first","13":"instock","14":"shipping-taxable","15":"purchasable","16":"product-type-simple"},"jetpack_sharing_enabled":true,"_links":{"self":[{"href":"https:\/\/ecosentec.com\/es\/wp-json\/wp\/v2\/product\/6364","targetHints":{"allow":["GET"]}}],"collection":[{"href":"https:\/\/ecosentec.com\/es\/wp-json\/wp\/v2\/product"}],"about":[{"href":"https:\/\/ecosentec.com\/es\/wp-json\/wp\/v2\/types\/product"}],"version-history":[{"count":2,"href":"https:\/\/ecosentec.com\/es\/wp-json\/wp\/v2\/product\/6364\/revisions"}],"predecessor-version":[{"id":6370,"href":"https:\/\/ecosentec.com\/es\/wp-json\/wp\/v2\/product\/6364\/revisions\/6370"}],"wp:featuredmedia":[{"embeddable":true,"href":"https:\/\/ecosentec.com\/es\/wp-json\/wp\/v2\/media\/6368"}],"wp:attachment":[{"href":"https:\/\/ecosentec.com\/es\/wp-json\/wp\/v2\/media?parent=6364"}],"wp:term":[{"taxonomy":"product_brand","embeddable":true,"href":"https:\/\/ecosentec.com\/es\/wp-json\/wp\/v2\/product_brand?post=6364"},{"taxonomy":"product_cat","embeddable":true,"href":"https:\/\/ecosentec.com\/es\/wp-json\/wp\/v2\/product_cat?post=6364"},{"taxonomy":"product_tag","embeddable":true,"href":"https:\/\/ecosentec.com\/es\/wp-json\/wp\/v2\/product_tag?post=6364"}],"curies":[{"name":"wp","href":"https:\/\/api.w.org\/{rel}","templated":true}]}}