{"id":6350,"date":"2025-04-17T10:43:38","date_gmt":"2025-04-17T10:43:38","guid":{"rendered":"https:\/\/ecosentec.com\/?post_type=product&#038;p=6350"},"modified":"2025-04-17T10:45:47","modified_gmt":"2025-04-17T10:45:47","slug":"probador-de-azucar-de-frutas","status":"publish","type":"product","link":"https:\/\/ecosentec.com\/es\/producto\/probador-de-azucar-de-frutas\/","title":{"rendered":"ES-TB02 Probador no destructivo de brix de az\u00facar en frutas"},"content":{"rendered":"<p>El contenido de az\u00facar es un par\u00e1metro importante que determina la frescura, la madurez y el sabor de las frutas. El medidor no destructivo de az\u00facar en frutas ES-TB02 utiliza el principio de detecci\u00f3n del espectro infrarrojo para irradiar luz infrarroja en la fruta y calcular el contenido de az\u00facar (valor Brix) bas\u00e1ndose en la se\u00f1al reflejada en el sensor.<\/p>\n<p>Caracter\u00edsticas<\/p>\n<p>Alta rentabilidad, un instrumento puede medir el contenido de az\u00facar de m\u00faltiples frutas;<\/p>\n<p>Utilice tecnolog\u00eda avanzada de espectroscopia de infrarrojo cercano para detectar r\u00e1pidamente el contenido de az\u00facar de las frutas;<\/p>\n<p>No es necesario recoger frutas, da\u00f1ar las c\u00e1scaras, cortar la pulpa y exprimir el jugo para tomar muestras;<\/p>\n<p>No da\u00f1a las frutas, verdaderamente no destructivo y de r\u00e1pida detecci\u00f3n;<\/p>\n<p>Puede medir de forma continua y en m\u00faltiples lotes, adecuado para clasificaci\u00f3n en sitio;<\/p>\n<p>Dise\u00f1o compacto, f\u00e1cil de transportar, adecuado para diversas ocasiones.<\/p>","protected":false},"excerpt":{"rendered":"<p>El contenido de az\u00facar es un par\u00e1metro importante que determina la frescura, la madurez y el sabor de las frutas. El medidor no destructivo de az\u00facar en frutas ES-TB02 utiliza el principio de detecci\u00f3n del espectro infrarrojo para irradiar luz infrarroja en la fruta y calcular el contenido de az\u00facar (valor Brix) bas\u00e1ndose en la se\u00f1al reflejada en el sensor.<\/p>","protected":false},"featured_media":6352,"template":"","meta":{"om_disable_all_campaigns":false,"_monsterinsights_skip_tracking":false,"_monsterinsights_sitenote_active":false,"_monsterinsights_sitenote_note":"","_monsterinsights_sitenote_category":0,"site-sidebar-layout":"default","site-content-layout":"default","ast-site-content-layout":"default","site-content-style":"default","site-sidebar-style":"default","ast-global-header-display":"","ast-banner-title-visibility":"","ast-main-header-display":"","ast-hfb-above-header-display":"","ast-hfb-below-header-display":"","ast-hfb-mobile-header-display":"","site-post-title":"","ast-breadcrumbs-content":"","ast-featured-img":"","footer-sml-layout":"","ast-disable-related-posts":"","theme-transparent-header-meta":"default","adv-header-id-meta":"","stick-header-meta":"","header-above-stick-meta":"","header-main-stick-meta":"","header-below-stick-meta":"","astra-migrate-meta-layouts":"set","ast-page-background-enabled":"default","ast-page-background-meta":{"desktop":{"background-color":"","background-image":"","background-repeat":"repeat","background-position":"center center","background-size":"auto","background-attachment":"scroll","background-type":"","background-media":"","overlay-type":"","overlay-color":"","overlay-opacity":"","overlay-gradient":""},"tablet":{"background-color":"","background-image":"","background-repeat":"repeat","background-position":"center center","background-size":"auto","background-attachment":"scroll","background-type":"","background-media":"","overlay-type":"","overlay-color":"","overlay-opacity":"","overlay-gradient":""},"mobile":{"background-color":"","background-image":"","background-repeat":"repeat","background-position":"center center","background-size":"auto","background-attachment":"scroll","background-type":"","background-media":"","overlay-type":"","overlay-color":"","overlay-opacity":"","overlay-gradient":""}},"ast-content-background-meta":{"desktop":{"background-color":"var(--ast-global-color-5)","background-image":"","background-repeat":"repeat","background-position":"center center","background-size":"auto","background-attachment":"scroll","background-type":"","background-media":"","overlay-type":"","overlay-color":"","overlay-opacity":"","overlay-gradient":""},"tablet":{"background-color":"var(--ast-global-color-5)","background-image":"","background-repeat":"repeat","background-position":"center center","background-size":"auto","background-attachment":"scroll","background-type":"","background-media":"","overlay-type":"","overlay-color":"","overlay-opacity":"","overlay-gradient":""},"mobile":{"background-color":"var(--ast-global-color-5)","background-image":"","background-repeat":"repeat","background-position":"center center","background-size":"auto","background-attachment":"scroll","background-type":"","background-media":"","overlay-type":"","overlay-color":"","overlay-opacity":"","overlay-gradient":""}},"_joinchat":[]},"product_brand":[],"product_cat":[94,261],"product_tag":[],"class_list":{"0":"post-6350","1":"product","2":"type-product","3":"status-publish","4":"has-post-thumbnail","6":"product_cat-agro-soil-sensor","7":"product_cat-fruit-sugar-meter","8":"desktop-align-left","9":"tablet-align-left","10":"mobile-align-left","12":"first","13":"instock","14":"shipping-taxable","15":"purchasable","16":"product-type-simple"},"jetpack_sharing_enabled":true,"_links":{"self":[{"href":"https:\/\/ecosentec.com\/es\/wp-json\/wp\/v2\/product\/6350","targetHints":{"allow":["GET"]}}],"collection":[{"href":"https:\/\/ecosentec.com\/es\/wp-json\/wp\/v2\/product"}],"about":[{"href":"https:\/\/ecosentec.com\/es\/wp-json\/wp\/v2\/types\/product"}],"version-history":[{"count":2,"href":"https:\/\/ecosentec.com\/es\/wp-json\/wp\/v2\/product\/6350\/revisions"}],"predecessor-version":[{"id":6355,"href":"https:\/\/ecosentec.com\/es\/wp-json\/wp\/v2\/product\/6350\/revisions\/6355"}],"wp:featuredmedia":[{"embeddable":true,"href":"https:\/\/ecosentec.com\/es\/wp-json\/wp\/v2\/media\/6352"}],"wp:attachment":[{"href":"https:\/\/ecosentec.com\/es\/wp-json\/wp\/v2\/media?parent=6350"}],"wp:term":[{"taxonomy":"product_brand","embeddable":true,"href":"https:\/\/ecosentec.com\/es\/wp-json\/wp\/v2\/product_brand?post=6350"},{"taxonomy":"product_cat","embeddable":true,"href":"https:\/\/ecosentec.com\/es\/wp-json\/wp\/v2\/product_cat?post=6350"},{"taxonomy":"product_tag","embeddable":true,"href":"https:\/\/ecosentec.com\/es\/wp-json\/wp\/v2\/product_tag?post=6350"}],"curies":[{"name":"wp","href":"https:\/\/api.w.org\/{rel}","templated":true}]}}