{"id":6190,"date":"2025-04-13T04:38:30","date_gmt":"2025-04-13T04:38:30","guid":{"rendered":"https:\/\/ecosentec.com\/?post_type=product&#038;p=6190"},"modified":"2025-05-30T11:43:19","modified_gmt":"2025-05-30T11:43:19","slug":"sensor-de-ph-y-ce-del-agua","status":"publish","type":"product","link":"https:\/\/ecosentec.com\/es\/producto\/sensor-de-ph-y-ce-del-agua\/","title":{"rendered":"Sensor de pH y CE de agua en l\u00ednea ES-WPE"},"content":{"rendered":"<p>El sensor de pH y CE para agua ES-WPE es una nueva generaci\u00f3n de sensores inteligentes desarrollados por nuestra empresa. Se caracteriza por su alta estabilidad, excelente repetibilidad y alta precisi\u00f3n de medici\u00f3n. Puede medir con precisi\u00f3n el pH, la CE y la temperatura de la soluci\u00f3n.<br \/>\n(1) El filtrado de condensador axial se utiliza internamente y la resistencia de 100 M\u03a9 aumenta la impedancia y mejora la estabilidad.<br \/>\n(2) Tama\u00f1o peque\u00f1o, bajo consumo de energ\u00eda y f\u00e1cil de transportar.<br \/>\n(3) Lograr verdaderamente bajo costo, bajo precio y alto rendimiento.<br \/>\n(4) Alta integraci\u00f3n, larga vida \u00fatil y alta confiabilidad.<\/p>","protected":false},"excerpt":{"rendered":"<p>El sensor de pH y CE para agua ES-WPE es una nueva generaci\u00f3n de sensores inteligentes desarrollados por nuestra empresa. Se caracteriza por su alta estabilidad, excelente repetibilidad y alta precisi\u00f3n de medici\u00f3n. Puede medir con precisi\u00f3n el pH, la CE y la temperatura de la soluci\u00f3n.<\/p>","protected":false},"featured_media":6191,"template":"","meta":{"om_disable_all_campaigns":false,"_monsterinsights_skip_tracking":false,"_monsterinsights_sitenote_active":false,"_monsterinsights_sitenote_note":"","_monsterinsights_sitenote_category":0,"site-sidebar-layout":"default","site-content-layout":"default","ast-site-content-layout":"default","site-content-style":"default","site-sidebar-style":"default","ast-global-header-display":"","ast-banner-title-visibility":"","ast-main-header-display":"","ast-hfb-above-header-display":"","ast-hfb-below-header-display":"","ast-hfb-mobile-header-display":"","site-post-title":"","ast-breadcrumbs-content":"","ast-featured-img":"","footer-sml-layout":"","ast-disable-related-posts":"","theme-transparent-header-meta":"default","adv-header-id-meta":"","stick-header-meta":"","header-above-stick-meta":"","header-main-stick-meta":"","header-below-stick-meta":"","astra-migrate-meta-layouts":"set","ast-page-background-enabled":"default","ast-page-background-meta":{"desktop":{"background-color":"","background-image":"","background-repeat":"repeat","background-position":"center center","background-size":"auto","background-attachment":"scroll","background-type":"","background-media":"","overlay-type":"","overlay-color":"","overlay-opacity":"","overlay-gradient":""},"tablet":{"background-color":"","background-image":"","background-repeat":"repeat","background-position":"center center","background-size":"auto","background-attachment":"scroll","background-type":"","background-media":"","overlay-type":"","overlay-color":"","overlay-opacity":"","overlay-gradient":""},"mobile":{"background-color":"","background-image":"","background-repeat":"repeat","background-position":"center center","background-size":"auto","background-attachment":"scroll","background-type":"","background-media":"","overlay-type":"","overlay-color":"","overlay-opacity":"","overlay-gradient":""}},"ast-content-background-meta":{"desktop":{"background-color":"var(--ast-global-color-5)","background-image":"","background-repeat":"repeat","background-position":"center center","background-size":"auto","background-attachment":"scroll","background-type":"","background-media":"","overlay-type":"","overlay-color":"","overlay-opacity":"","overlay-gradient":""},"tablet":{"background-color":"var(--ast-global-color-5)","background-image":"","background-repeat":"repeat","background-position":"center center","background-size":"auto","background-attachment":"scroll","background-type":"","background-media":"","overlay-type":"","overlay-color":"","overlay-opacity":"","overlay-gradient":""},"mobile":{"background-color":"var(--ast-global-color-5)","background-image":"","background-repeat":"repeat","background-position":"center center","background-size":"auto","background-attachment":"scroll","background-type":"","background-media":"","overlay-type":"","overlay-color":"","overlay-opacity":"","overlay-gradient":""}},"_joinchat":[]},"product_brand":[],"product_cat":[285,284],"product_tag":[],"class_list":{"0":"post-6190","1":"product","2":"type-product","3":"status-publish","4":"has-post-thumbnail","6":"product_cat-water-qaulity-sensor","7":"product_cat-water-quality-and-conservancy-sensor","8":"desktop-align-left","9":"tablet-align-left","10":"mobile-align-left","12":"first","13":"instock","14":"shipping-taxable","15":"purchasable","16":"product-type-simple"},"jetpack_sharing_enabled":true,"_links":{"self":[{"href":"https:\/\/ecosentec.com\/es\/wp-json\/wp\/v2\/product\/6190","targetHints":{"allow":["GET"]}}],"collection":[{"href":"https:\/\/ecosentec.com\/es\/wp-json\/wp\/v2\/product"}],"about":[{"href":"https:\/\/ecosentec.com\/es\/wp-json\/wp\/v2\/types\/product"}],"version-history":[{"count":3,"href":"https:\/\/ecosentec.com\/es\/wp-json\/wp\/v2\/product\/6190\/revisions"}],"predecessor-version":[{"id":6897,"href":"https:\/\/ecosentec.com\/es\/wp-json\/wp\/v2\/product\/6190\/revisions\/6897"}],"wp:featuredmedia":[{"embeddable":true,"href":"https:\/\/ecosentec.com\/es\/wp-json\/wp\/v2\/media\/6191"}],"wp:attachment":[{"href":"https:\/\/ecosentec.com\/es\/wp-json\/wp\/v2\/media?parent=6190"}],"wp:term":[{"taxonomy":"product_brand","embeddable":true,"href":"https:\/\/ecosentec.com\/es\/wp-json\/wp\/v2\/product_brand?post=6190"},{"taxonomy":"product_cat","embeddable":true,"href":"https:\/\/ecosentec.com\/es\/wp-json\/wp\/v2\/product_cat?post=6190"},{"taxonomy":"product_tag","embeddable":true,"href":"https:\/\/ecosentec.com\/es\/wp-json\/wp\/v2\/product_tag?post=6190"}],"curies":[{"name":"wp","href":"https:\/\/api.w.org\/{rel}","templated":true}]}}