{"id":6177,"date":"2025-04-13T01:33:10","date_gmt":"2025-04-13T01:33:10","guid":{"rendered":"https:\/\/ecosentec.com\/?post_type=product&#038;p=6177"},"modified":"2025-06-11T10:25:41","modified_gmt":"2025-06-11T10:25:41","slug":"transmisor-de-radiacion-dispersa","status":"publish","type":"product","link":"https:\/\/ecosentec.com\/es\/producto\/transmisor-de-radiacion-dispersa\/","title":{"rendered":"Transmisor de radiaci\u00f3n dispersa ES-S228TAB"},"content":{"rendered":"<p class=\"p1\">El transmisor de radiaci\u00f3n solar total ES-S228TB consta de dos partes: el transmisor de radiaci\u00f3n solar total y el anillo de sombreado disperso. El transmisor de radiaci\u00f3n solar total adopta el principio termoel\u00e9ctrico y se utiliza para medir la radiaci\u00f3n solar en el rango espectral de 0,3 a 3 \u03bcm. El elemento sensor utiliza una termopila galvanizada de bobinado, y la superficie sensora tiene un revestimiento negro de alta tasa de absorci\u00f3n. El efecto t\u00e9rmico de la radiaci\u00f3n se utiliza para absorber la radiaci\u00f3n solar y convertirla en potencial termoel\u00e9ctrico. La compensaci\u00f3n autom\u00e1tica de temperatura garantiza una medici\u00f3n m\u00e1s precisa de la radiaci\u00f3n solar. Una cubierta de vidrio de doble capa sobre la superficie sensora no solo reduce el impacto de la convecci\u00f3n de aire en el equipo, sino que tambi\u00e9n bloquea la radiaci\u00f3n de la propia cubierta exterior.<\/p>\n<p class=\"p1\">La funci\u00f3n del anillo de sombreado disperso es bloquear la radiaci\u00f3n solar directa de forma continua desde el amanecer hasta el atardecer. El anillo de sombreado consta de un anillo de sombreado, una regla, un tornillo de ajuste, un soporte y un chasis. La regla tiene grabadas escalas de latitud y declinaci\u00f3n, y los par\u00e1metros correspondientes se pueden ajustar mediante el mango del tornillo. La regla y el soporte se fijan al chasis para realizar mediciones seg\u00fan la latitud geogr\u00e1fica del lugar de montaje.<\/p>","protected":false},"excerpt":{"rendered":"<p>El transmisor de radiaci\u00f3n solar total ES-S228TB consta de dos partes: el transmisor de radiaci\u00f3n solar total y el anillo de sombreado disperso. El transmisor de radiaci\u00f3n solar total adopta el principio termoel\u00e9ctrico y se utiliza para medir la radiaci\u00f3n solar en el rango espectral de 0,3 a 3 \u03bcm. El elemento sensor utiliza una termopila galvanizada de bobinado, y la superficie sensora tiene un revestimiento negro de alta absorci\u00f3n. El efecto t\u00e9rmico de la radiaci\u00f3n se utiliza para absorber la radiaci\u00f3n solar y convertirla en potencial termoel\u00e9ctrico. La compensaci\u00f3n autom\u00e1tica de temperatura garantiza una medici\u00f3n m\u00e1s precisa de la radiaci\u00f3n solar.<\/p>","protected":false},"featured_media":6178,"template":"","meta":{"om_disable_all_campaigns":false,"_monsterinsights_skip_tracking":false,"_monsterinsights_sitenote_active":false,"_monsterinsights_sitenote_note":"","_monsterinsights_sitenote_category":0,"site-sidebar-layout":"default","site-content-layout":"default","ast-site-content-layout":"default","site-content-style":"default","site-sidebar-style":"default","ast-global-header-display":"","ast-banner-title-visibility":"","ast-main-header-display":"","ast-hfb-above-header-display":"","ast-hfb-below-header-display":"","ast-hfb-mobile-header-display":"","site-post-title":"","ast-breadcrumbs-content":"","ast-featured-img":"","footer-sml-layout":"","ast-disable-related-posts":"","theme-transparent-header-meta":"default","adv-header-id-meta":"","stick-header-meta":"","header-above-stick-meta":"","header-main-stick-meta":"","header-below-stick-meta":"","astra-migrate-meta-layouts":"set","ast-page-background-enabled":"default","ast-page-background-meta":{"desktop":{"background-color":"","background-image":"","background-repeat":"repeat","background-position":"center center","background-size":"auto","background-attachment":"scroll","background-type":"","background-media":"","overlay-type":"","overlay-color":"","overlay-opacity":"","overlay-gradient":""},"tablet":{"background-color":"","background-image":"","background-repeat":"repeat","background-position":"center center","background-size":"auto","background-attachment":"scroll","background-type":"","background-media":"","overlay-type":"","overlay-color":"","overlay-opacity":"","overlay-gradient":""},"mobile":{"background-color":"","background-image":"","background-repeat":"repeat","background-position":"center center","background-size":"auto","background-attachment":"scroll","background-type":"","background-media":"","overlay-type":"","overlay-color":"","overlay-opacity":"","overlay-gradient":""}},"ast-content-background-meta":{"desktop":{"background-color":"var(--ast-global-color-5)","background-image":"","background-repeat":"repeat","background-position":"center center","background-size":"auto","background-attachment":"scroll","background-type":"","background-media":"","overlay-type":"","overlay-color":"","overlay-opacity":"","overlay-gradient":""},"tablet":{"background-color":"var(--ast-global-color-5)","background-image":"","background-repeat":"repeat","background-position":"center center","background-size":"auto","background-attachment":"scroll","background-type":"","background-media":"","overlay-type":"","overlay-color":"","overlay-opacity":"","overlay-gradient":""},"mobile":{"background-color":"var(--ast-global-color-5)","background-image":"","background-repeat":"repeat","background-position":"center center","background-size":"auto","background-attachment":"scroll","background-type":"","background-media":"","overlay-type":"","overlay-color":"","overlay-opacity":"","overlay-gradient":""}},"_joinchat":[]},"product_brand":[],"product_cat":[84,76],"product_tag":[291],"class_list":{"0":"post-6177","1":"product","2":"type-product","3":"status-publish","4":"has-post-thumbnail","6":"product_cat-pyrgeometers","7":"product_cat-solar-radiation-sensor","8":"product_tag-solar","9":"desktop-align-left","10":"tablet-align-left","11":"mobile-align-left","13":"first","14":"instock","15":"shipping-taxable","16":"purchasable","17":"product-type-simple"},"jetpack_sharing_enabled":true,"_links":{"self":[{"href":"https:\/\/ecosentec.com\/es\/wp-json\/wp\/v2\/product\/6177","targetHints":{"allow":["GET"]}}],"collection":[{"href":"https:\/\/ecosentec.com\/es\/wp-json\/wp\/v2\/product"}],"about":[{"href":"https:\/\/ecosentec.com\/es\/wp-json\/wp\/v2\/types\/product"}],"version-history":[{"count":2,"href":"https:\/\/ecosentec.com\/es\/wp-json\/wp\/v2\/product\/6177\/revisions"}],"predecessor-version":[{"id":6181,"href":"https:\/\/ecosentec.com\/es\/wp-json\/wp\/v2\/product\/6177\/revisions\/6181"}],"wp:featuredmedia":[{"embeddable":true,"href":"https:\/\/ecosentec.com\/es\/wp-json\/wp\/v2\/media\/6178"}],"wp:attachment":[{"href":"https:\/\/ecosentec.com\/es\/wp-json\/wp\/v2\/media?parent=6177"}],"wp:term":[{"taxonomy":"product_brand","embeddable":true,"href":"https:\/\/ecosentec.com\/es\/wp-json\/wp\/v2\/product_brand?post=6177"},{"taxonomy":"product_cat","embeddable":true,"href":"https:\/\/ecosentec.com\/es\/wp-json\/wp\/v2\/product_cat?post=6177"},{"taxonomy":"product_tag","embeddable":true,"href":"https:\/\/ecosentec.com\/es\/wp-json\/wp\/v2\/product_tag?post=6177"}],"curies":[{"name":"wp","href":"https:\/\/api.w.org\/{rel}","templated":true}]}}