{"id":6170,"date":"2025-04-13T00:54:37","date_gmt":"2025-04-13T00:54:37","guid":{"rendered":"https:\/\/ecosentec.com\/?post_type=product&#038;p=6170"},"modified":"2025-06-11T10:25:53","modified_gmt":"2025-06-11T10:25:53","slug":"transmisor-de-radiacion-solar-inclinable","status":"publish","type":"product","link":"https:\/\/ecosentec.com\/es\/producto\/transmisor-de-radiacion-solar-inclinable\/","title":{"rendered":"Transmisor de radiaci\u00f3n solar inclinable ES-S228TA"},"content":{"rendered":"<p class=\"p1\">El transmisor de radiaci\u00f3n solar inclinable ES-S228TA utiliza el principio termoel\u00e9ctrico y puede medir la radiaci\u00f3n solar en el rango espectral de 0,3 a 3 \u03bcm. El elemento sensor incorpora una termopila galvanizada de bobinado, y la superficie sensora presenta un revestimiento negro de alta absorci\u00f3n. El efecto t\u00e9rmico de la radiaci\u00f3n se aprovecha para absorber la radiaci\u00f3n solar y convertirla en fuerza electromotriz por diferencia de temperatura. Adem\u00e1s, cuenta con una funci\u00f3n de compensaci\u00f3n de temperatura que permite medir la cantidad de radiaci\u00f3n solar con mayor precisi\u00f3n. Una cubierta de vidrio de doble capa sobre la superficie sensora reduce el impacto de la convecci\u00f3n del aire en el equipo y bloquea la radiaci\u00f3n de la propia cubierta exterior.<\/p>\n<p class=\"p1\">Para aprovechar al m\u00e1ximo la energ\u00eda solar, el dispositivo se suele colocar inclinado hacia el sur. Para comprender la energ\u00eda solar en una superficie inclinada, el m\u00e9todo m\u00e1s directo y preciso es usar un instrumento de medici\u00f3n directa. Este producto permite medir la radiaci\u00f3n en diferentes \u00e1ngulos, ajustando los \u00e1ngulos para determinar con mayor precisi\u00f3n si se aprovecha al m\u00e1ximo la energ\u00eda solar.<\/p>","protected":false},"excerpt":{"rendered":"<p>El transmisor de radiaci\u00f3n solar inclinable ES-S228TA utiliza el principio termoel\u00e9ctrico y puede medir la radiaci\u00f3n solar en el rango espectral de 0,3 a 3 \u03bcm. El elemento sensor utiliza una termopila galvanizada de bobinado, y la superficie sensora tiene un revestimiento negro de alta absorci\u00f3n. El efecto t\u00e9rmico de la radiaci\u00f3n se utiliza para absorber la radiaci\u00f3n solar y convertirla en fuerza electromotriz por diferencia de temperatura.<\/p>","protected":false},"featured_media":6172,"template":"","meta":{"om_disable_all_campaigns":false,"_monsterinsights_skip_tracking":false,"_monsterinsights_sitenote_active":false,"_monsterinsights_sitenote_note":"","_monsterinsights_sitenote_category":0,"site-sidebar-layout":"default","site-content-layout":"default","ast-site-content-layout":"default","site-content-style":"default","site-sidebar-style":"default","ast-global-header-display":"","ast-banner-title-visibility":"","ast-main-header-display":"","ast-hfb-above-header-display":"","ast-hfb-below-header-display":"","ast-hfb-mobile-header-display":"","site-post-title":"","ast-breadcrumbs-content":"","ast-featured-img":"","footer-sml-layout":"","ast-disable-related-posts":"","theme-transparent-header-meta":"default","adv-header-id-meta":"","stick-header-meta":"","header-above-stick-meta":"","header-main-stick-meta":"","header-below-stick-meta":"","astra-migrate-meta-layouts":"set","ast-page-background-enabled":"default","ast-page-background-meta":{"desktop":{"background-color":"","background-image":"","background-repeat":"repeat","background-position":"center center","background-size":"auto","background-attachment":"scroll","background-type":"","background-media":"","overlay-type":"","overlay-color":"","overlay-opacity":"","overlay-gradient":""},"tablet":{"background-color":"","background-image":"","background-repeat":"repeat","background-position":"center center","background-size":"auto","background-attachment":"scroll","background-type":"","background-media":"","overlay-type":"","overlay-color":"","overlay-opacity":"","overlay-gradient":""},"mobile":{"background-color":"","background-image":"","background-repeat":"repeat","background-position":"center center","background-size":"auto","background-attachment":"scroll","background-type":"","background-media":"","overlay-type":"","overlay-color":"","overlay-opacity":"","overlay-gradient":""}},"ast-content-background-meta":{"desktop":{"background-color":"var(--ast-global-color-5)","background-image":"","background-repeat":"repeat","background-position":"center center","background-size":"auto","background-attachment":"scroll","background-type":"","background-media":"","overlay-type":"","overlay-color":"","overlay-opacity":"","overlay-gradient":""},"tablet":{"background-color":"var(--ast-global-color-5)","background-image":"","background-repeat":"repeat","background-position":"center center","background-size":"auto","background-attachment":"scroll","background-type":"","background-media":"","overlay-type":"","overlay-color":"","overlay-opacity":"","overlay-gradient":""},"mobile":{"background-color":"var(--ast-global-color-5)","background-image":"","background-repeat":"repeat","background-position":"center center","background-size":"auto","background-attachment":"scroll","background-type":"","background-media":"","overlay-type":"","overlay-color":"","overlay-opacity":"","overlay-gradient":""}},"_joinchat":[]},"product_brand":[],"product_cat":[84,76],"product_tag":[291],"class_list":{"0":"post-6170","1":"product","2":"type-product","3":"status-publish","4":"has-post-thumbnail","6":"product_cat-pyrgeometers","7":"product_cat-solar-radiation-sensor","8":"product_tag-solar","9":"desktop-align-left","10":"tablet-align-left","11":"mobile-align-left","13":"first","14":"instock","15":"shipping-taxable","16":"purchasable","17":"product-type-simple"},"jetpack_sharing_enabled":true,"_links":{"self":[{"href":"https:\/\/ecosentec.com\/es\/wp-json\/wp\/v2\/product\/6170","targetHints":{"allow":["GET"]}}],"collection":[{"href":"https:\/\/ecosentec.com\/es\/wp-json\/wp\/v2\/product"}],"about":[{"href":"https:\/\/ecosentec.com\/es\/wp-json\/wp\/v2\/types\/product"}],"version-history":[{"count":2,"href":"https:\/\/ecosentec.com\/es\/wp-json\/wp\/v2\/product\/6170\/revisions"}],"predecessor-version":[{"id":6175,"href":"https:\/\/ecosentec.com\/es\/wp-json\/wp\/v2\/product\/6170\/revisions\/6175"}],"wp:featuredmedia":[{"embeddable":true,"href":"https:\/\/ecosentec.com\/es\/wp-json\/wp\/v2\/media\/6172"}],"wp:attachment":[{"href":"https:\/\/ecosentec.com\/es\/wp-json\/wp\/v2\/media?parent=6170"}],"wp:term":[{"taxonomy":"product_brand","embeddable":true,"href":"https:\/\/ecosentec.com\/es\/wp-json\/wp\/v2\/product_brand?post=6170"},{"taxonomy":"product_cat","embeddable":true,"href":"https:\/\/ecosentec.com\/es\/wp-json\/wp\/v2\/product_cat?post=6170"},{"taxonomy":"product_tag","embeddable":true,"href":"https:\/\/ecosentec.com\/es\/wp-json\/wp\/v2\/product_tag?post=6170"}],"curies":[{"name":"wp","href":"https:\/\/api.w.org\/{rel}","templated":true}]}}