{"id":6079,"date":"2025-04-10T09:38:37","date_gmt":"2025-04-10T09:38:37","guid":{"rendered":"https:\/\/ecosentec.com\/?post_type=product&#038;p=6079"},"modified":"2025-06-26T09:33:10","modified_gmt":"2025-06-26T09:33:10","slug":"transmisor-de-gas","status":"publish","type":"product","link":"https:\/\/ecosentec.com\/es\/producto\/transmisor-de-gas\/","title":{"rendered":"ES-GXXXP Transmisor de gases de CO2, NH3, H2, CO, H2S, CH4, NO2, SO2, O3, O2, PH3, TVOC y CH2O montado en tuber\u00eda"},"content":{"rendered":"<p class=\"p1\">Los transmisores de gas montados en tuber\u00eda de la serie ES-GXXXP incluyen transmisores de mon\u00f3xido de carbono, transmisores de di\u00f3xido de carbono, transmisores inal\u00e1mbricos de di\u00f3xido de carbono, transmisores de di\u00f3xido de carbono montados en la pared industriales, transmisores de ox\u00edgeno, transmisores de ozono, transmisores de hexafluoruro de azufre, transmisores de sulfuro de hidr\u00f3geno, transmisores de amon\u00edaco, transmisores de di\u00f3xido de azufre, transmisores de di\u00f3xido de nitr\u00f3geno, transmisores de TVOC, transmisores de fosfina, transmisores de hidr\u00f3geno, transmisores de metano, transmisores de formaldeh\u00eddo, etc.<\/p>\n<p class=\"p1\">Los transmisores de gas de la serie ES-GXXXP utilizan sensores importados que se caracterizan por su r\u00e1pida respuesta y una alta capacidad antiinterferente. Ofrecen alta precisi\u00f3n, repetibilidad y estabilidad. El equipo cuenta con una carcasa impermeable y se instala en tuber\u00edas. Incorpora una pantalla OLED de alta calidad que permite visualizar el valor directamente en el sitio. Su circuito antiinterferente soporta diversas interferencias electromagn\u00e9ticas fuertes, como las de los convertidores de frecuencia in situ.<\/p>\n<p class=\"p1\">Admiten m\u00faltiples salidas de se\u00f1al como RS485 y anal\u00f3gica (4~20 mA\/0~10 V\/0~5 V).<\/p>","protected":false},"excerpt":{"rendered":"<p>Los transmisores de gas montados en tuber\u00eda de la serie ES-GXXXP incluyen transmisores de mon\u00f3xido de carbono, transmisores de di\u00f3xido de carbono, transmisores inal\u00e1mbricos de di\u00f3xido de carbono, transmisores de di\u00f3xido de carbono montados en la pared industriales, transmisores de ox\u00edgeno, transmisores de ozono, transmisores de hexafluoruro de azufre, transmisores de sulfuro de hidr\u00f3geno, transmisores de amon\u00edaco, transmisores de di\u00f3xido de azufre, transmisores de di\u00f3xido de nitr\u00f3geno, transmisores de TVOC, transmisores de fosfina, transmisores de hidr\u00f3geno, transmisores de metano, transmisores de formaldeh\u00eddo, etc.<\/p>","protected":false},"featured_media":6080,"template":"","meta":{"om_disable_all_campaigns":false,"_monsterinsights_skip_tracking":false,"_monsterinsights_sitenote_active":false,"_monsterinsights_sitenote_note":"","_monsterinsights_sitenote_category":0,"site-sidebar-layout":"default","site-content-layout":"default","ast-site-content-layout":"default","site-content-style":"default","site-sidebar-style":"default","ast-global-header-display":"","ast-banner-title-visibility":"","ast-main-header-display":"","ast-hfb-above-header-display":"","ast-hfb-below-header-display":"","ast-hfb-mobile-header-display":"","site-post-title":"","ast-breadcrumbs-content":"","ast-featured-img":"","footer-sml-layout":"","ast-disable-related-posts":"","theme-transparent-header-meta":"default","adv-header-id-meta":"","stick-header-meta":"","header-above-stick-meta":"","header-main-stick-meta":"","header-below-stick-meta":"","astra-migrate-meta-layouts":"set","ast-page-background-enabled":"default","ast-page-background-meta":{"desktop":{"background-color":"","background-image":"","background-repeat":"repeat","background-position":"center center","background-size":"auto","background-attachment":"scroll","background-type":"","background-media":"","overlay-type":"","overlay-color":"","overlay-opacity":"","overlay-gradient":""},"tablet":{"background-color":"","background-image":"","background-repeat":"repeat","background-position":"center center","background-size":"auto","background-attachment":"scroll","background-type":"","background-media":"","overlay-type":"","overlay-color":"","overlay-opacity":"","overlay-gradient":""},"mobile":{"background-color":"","background-image":"","background-repeat":"repeat","background-position":"center center","background-size":"auto","background-attachment":"scroll","background-type":"","background-media":"","overlay-type":"","overlay-color":"","overlay-opacity":"","overlay-gradient":""}},"ast-content-background-meta":{"desktop":{"background-color":"var(--ast-global-color-5)","background-image":"","background-repeat":"repeat","background-position":"center center","background-size":"auto","background-attachment":"scroll","background-type":"","background-media":"","overlay-type":"","overlay-color":"","overlay-opacity":"","overlay-gradient":""},"tablet":{"background-color":"var(--ast-global-color-5)","background-image":"","background-repeat":"repeat","background-position":"center center","background-size":"auto","background-attachment":"scroll","background-type":"","background-media":"","overlay-type":"","overlay-color":"","overlay-opacity":"","overlay-gradient":""},"mobile":{"background-color":"var(--ast-global-color-5)","background-image":"","background-repeat":"repeat","background-position":"center center","background-size":"auto","background-attachment":"scroll","background-type":"","background-media":"","overlay-type":"","overlay-color":"","overlay-opacity":"","overlay-gradient":""}},"_joinchat":[]},"product_brand":[],"product_cat":[89,93],"product_tag":[297,298],"class_list":{"0":"post-6079","1":"product","2":"type-product","3":"status-publish","4":"has-post-thumbnail","6":"product_cat-ambient-sensor","7":"product_cat-gas-concentration-sensor","8":"product_tag-air-quality","9":"product_tag-gas-detector","10":"desktop-align-left","11":"tablet-align-left","12":"mobile-align-left","14":"first","15":"instock","16":"shipping-taxable","17":"purchasable","18":"product-type-simple"},"jetpack_sharing_enabled":true,"_links":{"self":[{"href":"https:\/\/ecosentec.com\/es\/wp-json\/wp\/v2\/product\/6079","targetHints":{"allow":["GET"]}}],"collection":[{"href":"https:\/\/ecosentec.com\/es\/wp-json\/wp\/v2\/product"}],"about":[{"href":"https:\/\/ecosentec.com\/es\/wp-json\/wp\/v2\/types\/product"}],"version-history":[{"count":2,"href":"https:\/\/ecosentec.com\/es\/wp-json\/wp\/v2\/product\/6079\/revisions"}],"predecessor-version":[{"id":6083,"href":"https:\/\/ecosentec.com\/es\/wp-json\/wp\/v2\/product\/6079\/revisions\/6083"}],"wp:featuredmedia":[{"embeddable":true,"href":"https:\/\/ecosentec.com\/es\/wp-json\/wp\/v2\/media\/6080"}],"wp:attachment":[{"href":"https:\/\/ecosentec.com\/es\/wp-json\/wp\/v2\/media?parent=6079"}],"wp:term":[{"taxonomy":"product_brand","embeddable":true,"href":"https:\/\/ecosentec.com\/es\/wp-json\/wp\/v2\/product_brand?post=6079"},{"taxonomy":"product_cat","embeddable":true,"href":"https:\/\/ecosentec.com\/es\/wp-json\/wp\/v2\/product_cat?post=6079"},{"taxonomy":"product_tag","embeddable":true,"href":"https:\/\/ecosentec.com\/es\/wp-json\/wp\/v2\/product_tag?post=6079"}],"curies":[{"name":"wp","href":"https:\/\/api.w.org\/{rel}","templated":true}]}}