{"id":5788,"date":"2025-04-01T10:05:49","date_gmt":"2025-04-01T10:05:49","guid":{"rendered":"https:\/\/ecosentec.com\/?post_type=product&#038;p=5788"},"modified":"2025-04-01T10:07:35","modified_gmt":"2025-04-01T10:07:35","slug":"detector-del-estado-de-la-superficie-de-la-carretera","status":"publish","type":"product","link":"https:\/\/ecosentec.com\/es\/producto\/detector-del-estado-de-la-superficie-de-la-carretera\/","title":{"rendered":"Detector de estado de la superficie de la carretera ES-S110"},"content":{"rendered":"<p class=\"p1\">El ES-S110 es un detector sin contacto del estado de la superficie de la carretera que utiliza tecnolog\u00eda de teledetecci\u00f3n para evitar da\u00f1os en la carretera, eliminando as\u00ed las interrupciones del tr\u00e1fico que causar\u00eda la instalaci\u00f3n de una estaci\u00f3n meteorol\u00f3gica vial. La tecnolog\u00eda de medici\u00f3n multiespectral permite detectar con precisi\u00f3n el espesor del hielo, la nieve y el agua en la superficie de la carretera.<\/p>\n<p class=\"p1\">El detector ES-S110 es la mejor opci\u00f3n para carreteras donde los sensores subterr\u00e1neos resultan inc\u00f3modos o imposibles de instalar. Su instalaci\u00f3n remota evita el cierre o corte de v\u00edas, lo que la hace segura y pr\u00e1ctica. Su bajo mantenimiento lo convierte en la opci\u00f3n ideal para sistemas meteorol\u00f3gicos viales. Puede instalarse en estaciones meteorol\u00f3gicas existentes u otros edificios con una vista despejada de la superficie de la carretera.<\/p>\n<p class=\"p1\">El detector ES-S110 est\u00e1 instalado en una carcasa duradera y resistente a la intemperie para garantizar que soporte condiciones clim\u00e1ticas adversas, lo que le permite proporcionar datos precisos en todas las condiciones clim\u00e1ticas.<\/p>\n<p class=\"p1\">Al proporcionar informaci\u00f3n sobre el estado de la carretera, el detector ES-S110 proporciona a los departamentos de gesti\u00f3n de carreteras datos de monitoreo precisos para tomar medidas de respuesta antes de que se ponga en peligro la seguridad vial.<\/p>","protected":false},"excerpt":{"rendered":"<p>El ES-S110 es un detector sin contacto del estado de la superficie de la carretera que utiliza tecnolog\u00eda de teledetecci\u00f3n para evitar da\u00f1os en la carretera, eliminando as\u00ed las interrupciones del tr\u00e1fico que causar\u00eda la instalaci\u00f3n de una estaci\u00f3n meteorol\u00f3gica vial. La tecnolog\u00eda de medici\u00f3n multiespectral permite detectar con precisi\u00f3n el espesor del hielo, la nieve y el agua en la superficie de la carretera.<\/p>","protected":false},"featured_media":5790,"template":"","meta":{"om_disable_all_campaigns":false,"_monsterinsights_skip_tracking":false,"_monsterinsights_sitenote_active":false,"_monsterinsights_sitenote_note":"","_monsterinsights_sitenote_category":0,"site-sidebar-layout":"default","site-content-layout":"default","ast-site-content-layout":"default","site-content-style":"default","site-sidebar-style":"default","ast-global-header-display":"","ast-banner-title-visibility":"","ast-main-header-display":"","ast-hfb-above-header-display":"","ast-hfb-below-header-display":"","ast-hfb-mobile-header-display":"","site-post-title":"","ast-breadcrumbs-content":"","ast-featured-img":"","footer-sml-layout":"","ast-disable-related-posts":"","theme-transparent-header-meta":"default","adv-header-id-meta":"","stick-header-meta":"","header-above-stick-meta":"","header-main-stick-meta":"","header-below-stick-meta":"","astra-migrate-meta-layouts":"set","ast-page-background-enabled":"default","ast-page-background-meta":{"desktop":{"background-color":"","background-image":"","background-repeat":"repeat","background-position":"center center","background-size":"auto","background-attachment":"scroll","background-type":"","background-media":"","overlay-type":"","overlay-color":"","overlay-opacity":"","overlay-gradient":""},"tablet":{"background-color":"","background-image":"","background-repeat":"repeat","background-position":"center center","background-size":"auto","background-attachment":"scroll","background-type":"","background-media":"","overlay-type":"","overlay-color":"","overlay-opacity":"","overlay-gradient":""},"mobile":{"background-color":"","background-image":"","background-repeat":"repeat","background-position":"center center","background-size":"auto","background-attachment":"scroll","background-type":"","background-media":"","overlay-type":"","overlay-color":"","overlay-opacity":"","overlay-gradient":""}},"ast-content-background-meta":{"desktop":{"background-color":"var(--ast-global-color-5)","background-image":"","background-repeat":"repeat","background-position":"center center","background-size":"auto","background-attachment":"scroll","background-type":"","background-media":"","overlay-type":"","overlay-color":"","overlay-opacity":"","overlay-gradient":""},"tablet":{"background-color":"var(--ast-global-color-5)","background-image":"","background-repeat":"repeat","background-position":"center center","background-size":"auto","background-attachment":"scroll","background-type":"","background-media":"","overlay-type":"","overlay-color":"","overlay-opacity":"","overlay-gradient":""},"mobile":{"background-color":"var(--ast-global-color-5)","background-image":"","background-repeat":"repeat","background-position":"center center","background-size":"auto","background-attachment":"scroll","background-type":"","background-media":"","overlay-type":"","overlay-color":"","overlay-opacity":"","overlay-gradient":""}},"_joinchat":[]},"product_brand":[],"product_cat":[80,245],"product_tag":[],"class_list":{"0":"post-5788","1":"product","2":"type-product","3":"status-publish","4":"has-post-thumbnail","6":"product_cat-precipitation-snow-visibility-sensor","7":"product_cat-road-state-sensor","8":"desktop-align-left","9":"tablet-align-left","10":"mobile-align-left","12":"first","13":"instock","14":"shipping-taxable","15":"purchasable","16":"product-type-simple"},"jetpack_sharing_enabled":true,"_links":{"self":[{"href":"https:\/\/ecosentec.com\/es\/wp-json\/wp\/v2\/product\/5788","targetHints":{"allow":["GET"]}}],"collection":[{"href":"https:\/\/ecosentec.com\/es\/wp-json\/wp\/v2\/product"}],"about":[{"href":"https:\/\/ecosentec.com\/es\/wp-json\/wp\/v2\/types\/product"}],"version-history":[{"count":2,"href":"https:\/\/ecosentec.com\/es\/wp-json\/wp\/v2\/product\/5788\/revisions"}],"predecessor-version":[{"id":5792,"href":"https:\/\/ecosentec.com\/es\/wp-json\/wp\/v2\/product\/5788\/revisions\/5792"}],"wp:featuredmedia":[{"embeddable":true,"href":"https:\/\/ecosentec.com\/es\/wp-json\/wp\/v2\/media\/5790"}],"wp:attachment":[{"href":"https:\/\/ecosentec.com\/es\/wp-json\/wp\/v2\/media?parent=5788"}],"wp:term":[{"taxonomy":"product_brand","embeddable":true,"href":"https:\/\/ecosentec.com\/es\/wp-json\/wp\/v2\/product_brand?post=5788"},{"taxonomy":"product_cat","embeddable":true,"href":"https:\/\/ecosentec.com\/es\/wp-json\/wp\/v2\/product_cat?post=5788"},{"taxonomy":"product_tag","embeddable":true,"href":"https:\/\/ecosentec.com\/es\/wp-json\/wp\/v2\/product_tag?post=5788"}],"curies":[{"name":"wp","href":"https:\/\/api.w.org\/{rel}","templated":true}]}}