{"id":5256,"date":"2025-03-27T09:04:39","date_gmt":"2025-03-27T09:04:39","guid":{"rendered":"https:\/\/ecosentec.com\/?post_type=product&#038;p=5256"},"modified":"2025-05-30T10:08:15","modified_gmt":"2025-05-30T10:08:15","slug":"sensor-de-ph-y-orp","status":"publish","type":"product","link":"https:\/\/ecosentec.com\/es\/producto\/sensor-de-ph-y-orp\/","title":{"rendered":"Sensor de pH y ORP en l\u00ednea WQ-PO"},"content":{"rendered":"<p>El sensor de pH y ORP para agua WQ-PO es una nueva generaci\u00f3n de sensores inteligentes desarrollados por nuestra empresa. Se caracteriza por su alta estabilidad, excelente repetibilidad y alta precisi\u00f3n de medici\u00f3n. Puede medir con precisi\u00f3n el pH, el ORP y la temperatura de la soluci\u00f3n.<br \/>\nCaracter\u00edsticas:<br \/>\n(1) Se utiliza un filtrado de condensador axial interno y una resistencia de 100 M\u03a9 aumenta la impedancia y mejora la estabilidad.<br \/>\n(2) Tama\u00f1o peque\u00f1o, bajo consumo de energ\u00eda y f\u00e1cil de transportar.<br \/>\n(3) Consiga verdaderamente bajo costo, bajo precio y alto rendimiento.<br \/>\n(4) Alta integraci\u00f3n, larga vida \u00fatil y alta confiabilidad.<\/p>","protected":false},"excerpt":{"rendered":"<p>El sensor de pH y ORP para agua WQ-PO es una nueva generaci\u00f3n de sensores inteligentes desarrollados por nuestra empresa. Se caracteriza por su alta estabilidad, excelente repetibilidad y alta precisi\u00f3n de medici\u00f3n. Puede medir con precisi\u00f3n el pH, el ORP y la temperatura de la soluci\u00f3n.<\/p>","protected":false},"featured_media":6188,"template":"","meta":{"om_disable_all_campaigns":false,"_monsterinsights_skip_tracking":false,"_monsterinsights_sitenote_active":false,"_monsterinsights_sitenote_note":"","_monsterinsights_sitenote_category":0,"site-sidebar-layout":"default","site-content-layout":"default","ast-site-content-layout":"default","site-content-style":"default","site-sidebar-style":"default","ast-global-header-display":"","ast-banner-title-visibility":"","ast-main-header-display":"","ast-hfb-above-header-display":"","ast-hfb-below-header-display":"","ast-hfb-mobile-header-display":"","site-post-title":"","ast-breadcrumbs-content":"","ast-featured-img":"","footer-sml-layout":"","ast-disable-related-posts":"","theme-transparent-header-meta":"default","adv-header-id-meta":"","stick-header-meta":"","header-above-stick-meta":"","header-main-stick-meta":"","header-below-stick-meta":"","astra-migrate-meta-layouts":"set","ast-page-background-enabled":"default","ast-page-background-meta":{"desktop":{"background-color":"","background-image":"","background-repeat":"repeat","background-position":"center center","background-size":"auto","background-attachment":"scroll","background-type":"","background-media":"","overlay-type":"","overlay-color":"","overlay-opacity":"","overlay-gradient":""},"tablet":{"background-color":"","background-image":"","background-repeat":"repeat","background-position":"center center","background-size":"auto","background-attachment":"scroll","background-type":"","background-media":"","overlay-type":"","overlay-color":"","overlay-opacity":"","overlay-gradient":""},"mobile":{"background-color":"","background-image":"","background-repeat":"repeat","background-position":"center center","background-size":"auto","background-attachment":"scroll","background-type":"","background-media":"","overlay-type":"","overlay-color":"","overlay-opacity":"","overlay-gradient":""}},"ast-content-background-meta":{"desktop":{"background-color":"var(--ast-global-color-5)","background-image":"","background-repeat":"repeat","background-position":"center center","background-size":"auto","background-attachment":"scroll","background-type":"","background-media":"","overlay-type":"","overlay-color":"","overlay-opacity":"","overlay-gradient":""},"tablet":{"background-color":"var(--ast-global-color-5)","background-image":"","background-repeat":"repeat","background-position":"center center","background-size":"auto","background-attachment":"scroll","background-type":"","background-media":"","overlay-type":"","overlay-color":"","overlay-opacity":"","overlay-gradient":""},"mobile":{"background-color":"var(--ast-global-color-5)","background-image":"","background-repeat":"repeat","background-position":"center center","background-size":"auto","background-attachment":"scroll","background-type":"","background-media":"","overlay-type":"","overlay-color":"","overlay-opacity":"","overlay-gradient":""}},"_joinchat":[]},"product_brand":[],"product_cat":[285,284],"product_tag":[],"class_list":{"0":"post-5256","1":"product","2":"type-product","3":"status-publish","4":"has-post-thumbnail","6":"product_cat-water-qaulity-sensor","7":"product_cat-water-quality-and-conservancy-sensor","8":"desktop-align-left","9":"tablet-align-left","10":"mobile-align-left","12":"first","13":"instock","14":"shipping-taxable","15":"purchasable","16":"product-type-simple"},"jetpack_sharing_enabled":true,"_links":{"self":[{"href":"https:\/\/ecosentec.com\/es\/wp-json\/wp\/v2\/product\/5256","targetHints":{"allow":["GET"]}}],"collection":[{"href":"https:\/\/ecosentec.com\/es\/wp-json\/wp\/v2\/product"}],"about":[{"href":"https:\/\/ecosentec.com\/es\/wp-json\/wp\/v2\/types\/product"}],"version-history":[{"count":2,"href":"https:\/\/ecosentec.com\/es\/wp-json\/wp\/v2\/product\/5256\/revisions"}],"predecessor-version":[{"id":6189,"href":"https:\/\/ecosentec.com\/es\/wp-json\/wp\/v2\/product\/5256\/revisions\/6189"}],"wp:featuredmedia":[{"embeddable":true,"href":"https:\/\/ecosentec.com\/es\/wp-json\/wp\/v2\/media\/6188"}],"wp:attachment":[{"href":"https:\/\/ecosentec.com\/es\/wp-json\/wp\/v2\/media?parent=5256"}],"wp:term":[{"taxonomy":"product_brand","embeddable":true,"href":"https:\/\/ecosentec.com\/es\/wp-json\/wp\/v2\/product_brand?post=5256"},{"taxonomy":"product_cat","embeddable":true,"href":"https:\/\/ecosentec.com\/es\/wp-json\/wp\/v2\/product_cat?post=5256"},{"taxonomy":"product_tag","embeddable":true,"href":"https:\/\/ecosentec.com\/es\/wp-json\/wp\/v2\/product_tag?post=5256"}],"curies":[{"name":"wp","href":"https:\/\/api.w.org\/{rel}","templated":true}]}}