{"id":5251,"date":"2025-03-27T09:04:38","date_gmt":"2025-03-27T09:04:38","guid":{"rendered":"https:\/\/ecosentec.com\/?post_type=product&#038;p=5251"},"modified":"2025-05-30T10:08:36","modified_gmt":"2025-05-30T10:08:36","slug":"sensor-de-ph-del-agua","status":"publish","type":"product","link":"https:\/\/ecosentec.com\/es\/producto\/sensor-de-ph-del-agua\/","title":{"rendered":"Sensor de pH del agua de la serie WQ700"},"content":{"rendered":"<p>El sensor digital de pH WQ700 es una nueva generaci\u00f3n de sensores digitales inteligentes para la detecci\u00f3n de la calidad del agua, desarrollados por nuestra empresa. Admite m\u00faltiples salidas de se\u00f1al industriales, como RS485 (MODBUS-RTU), 4-20 mA, etc. Se dise\u00f1an sensores de pH digitales, medidores de pH en l\u00ednea, medidores de pH port\u00e1tiles, medidores de pH de pared y otros formatos para diferentes aplicaciones.<br \/>\nPermiten visualizar datos, depurar y realizar mantenimiento mediante una aplicaci\u00f3n m\u00f3vil o computadora. Ofrecen f\u00e1cil mantenimiento, alta estabilidad, excelente repetibilidad y multifuncionalidad, adem\u00e1s de medir con precisi\u00f3n el pH y la temperatura de la soluci\u00f3n.<br \/>\nTecnolog\u00eda de aislamiento de se\u00f1al interna, alta resistencia a las interferencias. Buena reproducibilidad, estabilidad t\u00e9rmica, baja deriva, tama\u00f1o compacto y r\u00e1pida respuesta. El sensor IP68 ofrece un rendimiento estable y una larga vida \u00fatil.<br \/>\nSe utilizan ampliamente en el tratamiento de aguas residuales, agua pura, agua circulante, agua de calderas y otros sistemas, as\u00ed como en electr\u00f3nica, cr\u00eda, alimentos, impresi\u00f3n y te\u00f1ido, galvanoplastia, productos farmac\u00e9uticos, fermentaci\u00f3n, industria qu\u00edmica y otros campos, y son potentes en el monitoreo ambiental y aplicaciones de sistemas remotos como aguas superficiales y emisiones de fuentes de contaminaci\u00f3n.<\/p>","protected":false},"excerpt":{"rendered":"<p>El sensor digital de pH WQ700 admite m\u00faltiples salidas de se\u00f1ales industriales como RS485 (MODBUS-RTU), 4-20 mA, etc. Seg\u00fan diferentes escenarios de aplicaci\u00f3n, se dise\u00f1an sensores de pH digitales, medidores de pH en l\u00ednea, medidores de pH port\u00e1tiles, medidores de pH montados en la pared y otras formas.<\/p>","protected":false},"featured_media":6200,"template":"","meta":{"om_disable_all_campaigns":false,"_monsterinsights_skip_tracking":false,"_monsterinsights_sitenote_active":false,"_monsterinsights_sitenote_note":"","_monsterinsights_sitenote_category":0,"site-sidebar-layout":"default","site-content-layout":"default","ast-site-content-layout":"default","site-content-style":"default","site-sidebar-style":"default","ast-global-header-display":"","ast-banner-title-visibility":"","ast-main-header-display":"","ast-hfb-above-header-display":"","ast-hfb-below-header-display":"","ast-hfb-mobile-header-display":"","site-post-title":"","ast-breadcrumbs-content":"","ast-featured-img":"","footer-sml-layout":"","ast-disable-related-posts":"","theme-transparent-header-meta":"default","adv-header-id-meta":"","stick-header-meta":"","header-above-stick-meta":"","header-main-stick-meta":"","header-below-stick-meta":"","astra-migrate-meta-layouts":"set","ast-page-background-enabled":"default","ast-page-background-meta":{"desktop":{"background-color":"","background-image":"","background-repeat":"repeat","background-position":"center center","background-size":"auto","background-attachment":"scroll","background-type":"","background-media":"","overlay-type":"","overlay-color":"","overlay-opacity":"","overlay-gradient":""},"tablet":{"background-color":"","background-image":"","background-repeat":"repeat","background-position":"center center","background-size":"auto","background-attachment":"scroll","background-type":"","background-media":"","overlay-type":"","overlay-color":"","overlay-opacity":"","overlay-gradient":""},"mobile":{"background-color":"","background-image":"","background-repeat":"repeat","background-position":"center center","background-size":"auto","background-attachment":"scroll","background-type":"","background-media":"","overlay-type":"","overlay-color":"","overlay-opacity":"","overlay-gradient":""}},"ast-content-background-meta":{"desktop":{"background-color":"var(--ast-global-color-5)","background-image":"","background-repeat":"repeat","background-position":"center center","background-size":"auto","background-attachment":"scroll","background-type":"","background-media":"","overlay-type":"","overlay-color":"","overlay-opacity":"","overlay-gradient":""},"tablet":{"background-color":"var(--ast-global-color-5)","background-image":"","background-repeat":"repeat","background-position":"center center","background-size":"auto","background-attachment":"scroll","background-type":"","background-media":"","overlay-type":"","overlay-color":"","overlay-opacity":"","overlay-gradient":""},"mobile":{"background-color":"var(--ast-global-color-5)","background-image":"","background-repeat":"repeat","background-position":"center center","background-size":"auto","background-attachment":"scroll","background-type":"","background-media":"","overlay-type":"","overlay-color":"","overlay-opacity":"","overlay-gradient":""}},"_joinchat":[]},"product_brand":[],"product_cat":[285,284],"product_tag":[],"class_list":{"0":"post-5251","1":"product","2":"type-product","3":"status-publish","4":"has-post-thumbnail","6":"product_cat-water-qaulity-sensor","7":"product_cat-water-quality-and-conservancy-sensor","8":"desktop-align-left","9":"tablet-align-left","10":"mobile-align-left","12":"first","13":"instock","14":"shipping-taxable","15":"purchasable","16":"product-type-simple"},"jetpack_sharing_enabled":true,"_links":{"self":[{"href":"https:\/\/ecosentec.com\/es\/wp-json\/wp\/v2\/product\/5251","targetHints":{"allow":["GET"]}}],"collection":[{"href":"https:\/\/ecosentec.com\/es\/wp-json\/wp\/v2\/product"}],"about":[{"href":"https:\/\/ecosentec.com\/es\/wp-json\/wp\/v2\/types\/product"}],"version-history":[{"count":3,"href":"https:\/\/ecosentec.com\/es\/wp-json\/wp\/v2\/product\/5251\/revisions"}],"predecessor-version":[{"id":6201,"href":"https:\/\/ecosentec.com\/es\/wp-json\/wp\/v2\/product\/5251\/revisions\/6201"}],"wp:featuredmedia":[{"embeddable":true,"href":"https:\/\/ecosentec.com\/es\/wp-json\/wp\/v2\/media\/6200"}],"wp:attachment":[{"href":"https:\/\/ecosentec.com\/es\/wp-json\/wp\/v2\/media?parent=5251"}],"wp:term":[{"taxonomy":"product_brand","embeddable":true,"href":"https:\/\/ecosentec.com\/es\/wp-json\/wp\/v2\/product_brand?post=5251"},{"taxonomy":"product_cat","embeddable":true,"href":"https:\/\/ecosentec.com\/es\/wp-json\/wp\/v2\/product_cat?post=5251"},{"taxonomy":"product_tag","embeddable":true,"href":"https:\/\/ecosentec.com\/es\/wp-json\/wp\/v2\/product_tag?post=5251"}],"curies":[{"name":"wp","href":"https:\/\/api.w.org\/{rel}","templated":true}]}}