{"id":5163,"date":"2025-03-27T09:00:26","date_gmt":"2025-03-27T09:00:26","guid":{"rendered":"https:\/\/ecosentec.com\/?post_type=product&#038;p=5163"},"modified":"2025-11-24T08:30:29","modified_gmt":"2025-11-24T08:30:29","slug":"ultrasonic-rainfall-anemometer","status":"publish","type":"product","link":"https:\/\/ecosentec.com\/es\/producto\/ultrasonic-rainfall-anemometer\/","title":{"rendered":"ES-W303R Ultrasonic Rainfall Anemometer"},"content":{"rendered":"<p class=\"p1\"><span class=\"s1\">ES-Oeste<\/span>303R <span class=\"s1\">U<\/span>ltrasonic Rainfall Anemometer is a kind of instrument which can measure the wind speed, wind direction and acoustic temperature by using the time difference of ultrasonic propagation in the air which also integrated the radar rain sensor and air pressure sensor. Compact space structure makes the volume smaller and the appearance more beautiful; all aluminum alloy shell makes the weight lighter; integral heating can work normally in cold and frozen weather. It is recommended for wind power, tunnels, high-altitude buildings and other fields.<\/p>\n<p class=\"p2\">Solicitud<\/p>\n<p class=\"p3\">Se utiliza principalmente en carreteras, meteorolog\u00eda, plataformas de perforaci\u00f3n, v\u00edas navegables, puertos, generaci\u00f3n de energ\u00eda e\u00f3lica, barcos, estaciones meteorol\u00f3gicas autom\u00e1ticas y otras industrias.<\/p>","protected":false},"excerpt":{"rendered":"<p><span class=\"s1\">ES-Oeste<\/span>303R <span class=\"s1\">U<\/span>ltrasonic Rainfall Anemometer is a kind of instrument which can measure the wind speed, wind direction and acoustic temperature by using the time difference of ultrasonic propagation in the air which also integrated the radar rain sensor and air pressure sensor. Compact space structure makes the volume smaller and the appearance more beautiful; all aluminum alloy shell makes the weight lighter; integral heating can work normally in cold and frozen weather. It is recommended for wind power, tunnels, high-altitude buildings and other fields.<\/p>","protected":false},"featured_media":7308,"template":"","meta":{"om_disable_all_campaigns":false,"_monsterinsights_skip_tracking":false,"_monsterinsights_sitenote_active":false,"_monsterinsights_sitenote_note":"","_monsterinsights_sitenote_category":0,"site-sidebar-layout":"default","site-content-layout":"","ast-site-content-layout":"default","site-content-style":"default","site-sidebar-style":"default","ast-global-header-display":"","ast-banner-title-visibility":"","ast-main-header-display":"","ast-hfb-above-header-display":"","ast-hfb-below-header-display":"","ast-hfb-mobile-header-display":"","site-post-title":"","ast-breadcrumbs-content":"","ast-featured-img":"","footer-sml-layout":"","ast-disable-related-posts":"","theme-transparent-header-meta":"default","adv-header-id-meta":"","stick-header-meta":"","header-above-stick-meta":"","header-main-stick-meta":"","header-below-stick-meta":"","astra-migrate-meta-layouts":"set","ast-page-background-enabled":"default","ast-page-background-meta":{"desktop":{"background-color":"","background-image":"","background-repeat":"repeat","background-position":"center center","background-size":"auto","background-attachment":"scroll","background-type":"","background-media":"","overlay-type":"","overlay-color":"","overlay-opacity":"","overlay-gradient":""},"tablet":{"background-color":"","background-image":"","background-repeat":"repeat","background-position":"center center","background-size":"auto","background-attachment":"scroll","background-type":"","background-media":"","overlay-type":"","overlay-color":"","overlay-opacity":"","overlay-gradient":""},"mobile":{"background-color":"","background-image":"","background-repeat":"repeat","background-position":"center center","background-size":"auto","background-attachment":"scroll","background-type":"","background-media":"","overlay-type":"","overlay-color":"","overlay-opacity":"","overlay-gradient":""}},"ast-content-background-meta":{"desktop":{"background-color":"var(--ast-global-color-5)","background-image":"","background-repeat":"repeat","background-position":"center center","background-size":"auto","background-attachment":"scroll","background-type":"","background-media":"","overlay-type":"","overlay-color":"","overlay-opacity":"","overlay-gradient":""},"tablet":{"background-color":"var(--ast-global-color-5)","background-image":"","background-repeat":"repeat","background-position":"center center","background-size":"auto","background-attachment":"scroll","background-type":"","background-media":"","overlay-type":"","overlay-color":"","overlay-opacity":"","overlay-gradient":""},"mobile":{"background-color":"var(--ast-global-color-5)","background-image":"","background-repeat":"repeat","background-position":"center center","background-size":"auto","background-attachment":"scroll","background-type":"","background-media":"","overlay-type":"","overlay-color":"","overlay-opacity":"","overlay-gradient":""}},"_joinchat":[]},"product_brand":[],"product_cat":[25,77],"product_tag":[],"class_list":{"0":"post-5163","1":"product","2":"type-product","3":"status-publish","4":"has-post-thumbnail","6":"product_cat-wind-sensor","7":"product_cat-ultrasonic-wind-sensor","8":"desktop-align-left","9":"tablet-align-left","10":"mobile-align-left","12":"first","13":"instock","14":"shipping-taxable","15":"purchasable","16":"product-type-simple"},"jetpack_sharing_enabled":true,"_links":{"self":[{"href":"https:\/\/ecosentec.com\/es\/wp-json\/wp\/v2\/product\/5163","targetHints":{"allow":["GET"]}}],"collection":[{"href":"https:\/\/ecosentec.com\/es\/wp-json\/wp\/v2\/product"}],"about":[{"href":"https:\/\/ecosentec.com\/es\/wp-json\/wp\/v2\/types\/product"}],"version-history":[{"count":6,"href":"https:\/\/ecosentec.com\/es\/wp-json\/wp\/v2\/product\/5163\/revisions"}],"predecessor-version":[{"id":7310,"href":"https:\/\/ecosentec.com\/es\/wp-json\/wp\/v2\/product\/5163\/revisions\/7310"}],"wp:featuredmedia":[{"embeddable":true,"href":"https:\/\/ecosentec.com\/es\/wp-json\/wp\/v2\/media\/7308"}],"wp:attachment":[{"href":"https:\/\/ecosentec.com\/es\/wp-json\/wp\/v2\/media?parent=5163"}],"wp:term":[{"taxonomy":"product_brand","embeddable":true,"href":"https:\/\/ecosentec.com\/es\/wp-json\/wp\/v2\/product_brand?post=5163"},{"taxonomy":"product_cat","embeddable":true,"href":"https:\/\/ecosentec.com\/es\/wp-json\/wp\/v2\/product_cat?post=5163"},{"taxonomy":"product_tag","embeddable":true,"href":"https:\/\/ecosentec.com\/es\/wp-json\/wp\/v2\/product_tag?post=5163"}],"curies":[{"name":"wp","href":"https:\/\/api.w.org\/{rel}","templated":true}]}}