{"id":5162,"date":"2025-03-27T09:00:25","date_gmt":"2025-03-27T09:00:25","guid":{"rendered":"https:\/\/ecosentec.com\/?post_type=product&#038;p=5162"},"modified":"2025-04-01T04:03:13","modified_gmt":"2025-04-01T04:03:13","slug":"anemometro-ultrasonico-con-calefaccion","status":"publish","type":"product","link":"https:\/\/ecosentec.com\/es\/producto\/anemometro-ultrasonico-con-calefaccion\/","title":{"rendered":"ES-W3055 Mini anem\u00f3metro ultras\u00f3nico con calefacci\u00f3n"},"content":{"rendered":"<p class=\"p1\">El anem\u00f3metro ultras\u00f3nico con calefacci\u00f3n de la serie ES-W3055 utiliza el m\u00e9todo de resonancia ultras\u00f3nica para medir la velocidad y direcci\u00f3n del viento. El ES-W3055 es el anem\u00f3metro ultras\u00f3nico m\u00e1s peque\u00f1o y ligero del mercado, con un di\u00e1metro de tan solo 43 mm y un peso de tan solo 130 g. Incorpora un chip de bajo consumo, con un consumo de tan solo 0,1 W en condiciones de baja potencia.<\/p>\n<p class=\"p1\">Esta serie de anem\u00f3metros ultras\u00f3nicos est\u00e1 dise\u00f1ada para diferentes entornos de uso, con m\u00faltiples m\u00e9todos de instalaci\u00f3n y tres materiales de carcasa para adaptarse al uso personalizado del usuario. Los materiales de la carcasa son ABS, aleaci\u00f3n de aluminio y acero inoxidable, y la superficie cuenta con un tratamiento especial para resistir la oxidaci\u00f3n y la corrosi\u00f3n.<\/p>\n<p class=\"p1\">Los m\u00e9todos de instalaci\u00f3n incluyen instalaci\u00f3n vertical, izado y horizontal. El nivel de protecci\u00f3n puede aumentarse a IP68 para adaptarse a entornos marinos hostiles.<\/p>\n<p class=\"p1\">Se utiliza principalmente en estaciones meteorol\u00f3gicas, torres de alta tensi\u00f3n, torres de comunicaci\u00f3n, conductos de ventilaci\u00f3n especiales, boyas marinas, etc.<\/p>","protected":false},"excerpt":{"rendered":"<p>El medidor de velocidad y direcci\u00f3n del viento de la serie ES-W3055 utiliza el m\u00e9todo de resonancia ultras\u00f3nica para medir la velocidad y direcci\u00f3n del viento. El ES-W3055 es el anem\u00f3metro ultras\u00f3nico m\u00e1s peque\u00f1o y ligero del mercado, con un di\u00e1metro de tan solo 43 mm y un peso de tan solo 130 g. Incorpora un chip de bajo consumo, con un consumo de tan solo 0,1 W en condiciones de baja potencia.<\/p>","protected":false},"featured_media":5305,"template":"","meta":{"om_disable_all_campaigns":false,"_monsterinsights_skip_tracking":false,"_monsterinsights_sitenote_active":false,"_monsterinsights_sitenote_note":"","_monsterinsights_sitenote_category":0,"site-sidebar-layout":"default","site-content-layout":"","ast-site-content-layout":"default","site-content-style":"default","site-sidebar-style":"default","ast-global-header-display":"","ast-banner-title-visibility":"","ast-main-header-display":"","ast-hfb-above-header-display":"","ast-hfb-below-header-display":"","ast-hfb-mobile-header-display":"","site-post-title":"","ast-breadcrumbs-content":"","ast-featured-img":"","footer-sml-layout":"","ast-disable-related-posts":"","theme-transparent-header-meta":"default","adv-header-id-meta":"","stick-header-meta":"","header-above-stick-meta":"","header-main-stick-meta":"","header-below-stick-meta":"","astra-migrate-meta-layouts":"set","ast-page-background-enabled":"default","ast-page-background-meta":{"desktop":{"background-color":"","background-image":"","background-repeat":"repeat","background-position":"center center","background-size":"auto","background-attachment":"scroll","background-type":"","background-media":"","overlay-type":"","overlay-color":"","overlay-opacity":"","overlay-gradient":""},"tablet":{"background-color":"","background-image":"","background-repeat":"repeat","background-position":"center center","background-size":"auto","background-attachment":"scroll","background-type":"","background-media":"","overlay-type":"","overlay-color":"","overlay-opacity":"","overlay-gradient":""},"mobile":{"background-color":"","background-image":"","background-repeat":"repeat","background-position":"center center","background-size":"auto","background-attachment":"scroll","background-type":"","background-media":"","overlay-type":"","overlay-color":"","overlay-opacity":"","overlay-gradient":""}},"ast-content-background-meta":{"desktop":{"background-color":"var(--ast-global-color-5)","background-image":"","background-repeat":"repeat","background-position":"center center","background-size":"auto","background-attachment":"scroll","background-type":"","background-media":"","overlay-type":"","overlay-color":"","overlay-opacity":"","overlay-gradient":""},"tablet":{"background-color":"var(--ast-global-color-5)","background-image":"","background-repeat":"repeat","background-position":"center center","background-size":"auto","background-attachment":"scroll","background-type":"","background-media":"","overlay-type":"","overlay-color":"","overlay-opacity":"","overlay-gradient":""},"mobile":{"background-color":"var(--ast-global-color-5)","background-image":"","background-repeat":"repeat","background-position":"center center","background-size":"auto","background-attachment":"scroll","background-type":"","background-media":"","overlay-type":"","overlay-color":"","overlay-opacity":"","overlay-gradient":""}},"_joinchat":[]},"product_brand":[],"product_cat":[25,77],"product_tag":[],"class_list":{"0":"post-5162","1":"product","2":"type-product","3":"status-publish","4":"has-post-thumbnail","6":"product_cat-wind-sensor","7":"product_cat-ultrasonic-wind-sensor","8":"desktop-align-left","9":"tablet-align-left","10":"mobile-align-left","12":"first","13":"instock","14":"shipping-taxable","15":"purchasable","16":"product-type-simple"},"jetpack_sharing_enabled":true,"_links":{"self":[{"href":"https:\/\/ecosentec.com\/es\/wp-json\/wp\/v2\/product\/5162","targetHints":{"allow":["GET"]}}],"collection":[{"href":"https:\/\/ecosentec.com\/es\/wp-json\/wp\/v2\/product"}],"about":[{"href":"https:\/\/ecosentec.com\/es\/wp-json\/wp\/v2\/types\/product"}],"version-history":[{"count":5,"href":"https:\/\/ecosentec.com\/es\/wp-json\/wp\/v2\/product\/5162\/revisions"}],"predecessor-version":[{"id":5679,"href":"https:\/\/ecosentec.com\/es\/wp-json\/wp\/v2\/product\/5162\/revisions\/5679"}],"wp:featuredmedia":[{"embeddable":true,"href":"https:\/\/ecosentec.com\/es\/wp-json\/wp\/v2\/media\/5305"}],"wp:attachment":[{"href":"https:\/\/ecosentec.com\/es\/wp-json\/wp\/v2\/media?parent=5162"}],"wp:term":[{"taxonomy":"product_brand","embeddable":true,"href":"https:\/\/ecosentec.com\/es\/wp-json\/wp\/v2\/product_brand?post=5162"},{"taxonomy":"product_cat","embeddable":true,"href":"https:\/\/ecosentec.com\/es\/wp-json\/wp\/v2\/product_cat?post=5162"},{"taxonomy":"product_tag","embeddable":true,"href":"https:\/\/ecosentec.com\/es\/wp-json\/wp\/v2\/product_tag?post=5162"}],"curies":[{"name":"wp","href":"https:\/\/api.w.org\/{rel}","templated":true}]}}