{"id":5160,"date":"2025-03-27T09:00:24","date_gmt":"2025-03-27T09:00:24","guid":{"rendered":"https:\/\/ecosentec.com\/?post_type=product&#038;p=5160"},"modified":"2025-04-10T07:12:53","modified_gmt":"2025-04-10T07:12:53","slug":"mini-anemometro-ultrasonico-de-velocidad-y-direccion-del-viento-ws3032","status":"publish","type":"product","link":"https:\/\/ecosentec.com\/es\/producto\/mini-anemometro-ultrasonico-de-velocidad-y-direccion-del-viento-ws3032\/","title":{"rendered":"ES-W3032 Mini anem\u00f3metro ultras\u00f3nico de velocidad y direcci\u00f3n del viento"},"content":{"rendered":"<p class=\"p1\">El mini anem\u00f3metro ultras\u00f3nico de velocidad y direcci\u00f3n del viento ES-W3032 es un instrumento de medici\u00f3n que utiliza la diferencia de tiempo de las ondas ultras\u00f3nicas en el aire para medir la velocidad y direcci\u00f3n del viento. El ES-W3032 incorpora un chip de bajo consumo, con un consumo de tan solo 0,2 W, ideal para entornos con energ\u00eda solar o de bater\u00edas con altos requisitos de consumo. Gracias a la adopci\u00f3n de nuevas tecnolog\u00edas y procesos, su estructura es m\u00e1s compacta y su coste se reduce considerablemente en comparaci\u00f3n con el anem\u00f3metro de bajo coste original de la serie ES-W3032. Su carcasa est\u00e1 fabricada en aluminio fundido y ABS, lo que facilita su uso en diferentes entornos.<\/p>\n<p class=\"p1\">Se utiliza principalmente en estaciones meteorol\u00f3gicas familiares, detecci\u00f3n meteorol\u00f3gica de tierras de cultivo, monitoreo de la velocidad del viento de gr\u00faas torre, etc.<\/p>","protected":false},"excerpt":{"rendered":"<p>El mini anem\u00f3metro ultras\u00f3nico de velocidad y direcci\u00f3n del viento ES-W3032 es un instrumento de medici\u00f3n que utiliza la diferencia de tiempo de las ondas ultras\u00f3nicas en el aire para medir la velocidad y direcci\u00f3n del viento. El ES-W3032 incorpora un chip de bajo consumo, con un consumo de tan solo 0,2 W, ideal para entornos con energ\u00eda solar o de bater\u00edas con altos requisitos de consumo. Gracias a la adopci\u00f3n de nuevas tecnolog\u00edas y procesos, su estructura es m\u00e1s compacta y su coste se reduce considerablemente en comparaci\u00f3n con el anem\u00f3metro original de la serie ES-W3032. Su carcasa est\u00e1 fabricada en aluminio fundido y ABS, lo que facilita su uso en diferentes entornos.<\/p>","protected":false},"featured_media":6024,"template":"","meta":{"om_disable_all_campaigns":false,"_monsterinsights_skip_tracking":false,"_monsterinsights_sitenote_active":false,"_monsterinsights_sitenote_note":"","_monsterinsights_sitenote_category":0,"site-sidebar-layout":"default","site-content-layout":"","ast-site-content-layout":"default","site-content-style":"default","site-sidebar-style":"default","ast-global-header-display":"","ast-banner-title-visibility":"","ast-main-header-display":"","ast-hfb-above-header-display":"","ast-hfb-below-header-display":"","ast-hfb-mobile-header-display":"","site-post-title":"","ast-breadcrumbs-content":"","ast-featured-img":"","footer-sml-layout":"","ast-disable-related-posts":"","theme-transparent-header-meta":"default","adv-header-id-meta":"","stick-header-meta":"","header-above-stick-meta":"","header-main-stick-meta":"","header-below-stick-meta":"","astra-migrate-meta-layouts":"set","ast-page-background-enabled":"default","ast-page-background-meta":{"desktop":{"background-color":"","background-image":"","background-repeat":"repeat","background-position":"center center","background-size":"auto","background-attachment":"scroll","background-type":"","background-media":"","overlay-type":"","overlay-color":"","overlay-opacity":"","overlay-gradient":""},"tablet":{"background-color":"","background-image":"","background-repeat":"repeat","background-position":"center center","background-size":"auto","background-attachment":"scroll","background-type":"","background-media":"","overlay-type":"","overlay-color":"","overlay-opacity":"","overlay-gradient":""},"mobile":{"background-color":"","background-image":"","background-repeat":"repeat","background-position":"center center","background-size":"auto","background-attachment":"scroll","background-type":"","background-media":"","overlay-type":"","overlay-color":"","overlay-opacity":"","overlay-gradient":""}},"ast-content-background-meta":{"desktop":{"background-color":"var(--ast-global-color-5)","background-image":"","background-repeat":"repeat","background-position":"center center","background-size":"auto","background-attachment":"scroll","background-type":"","background-media":"","overlay-type":"","overlay-color":"","overlay-opacity":"","overlay-gradient":""},"tablet":{"background-color":"var(--ast-global-color-5)","background-image":"","background-repeat":"repeat","background-position":"center center","background-size":"auto","background-attachment":"scroll","background-type":"","background-media":"","overlay-type":"","overlay-color":"","overlay-opacity":"","overlay-gradient":""},"mobile":{"background-color":"var(--ast-global-color-5)","background-image":"","background-repeat":"repeat","background-position":"center center","background-size":"auto","background-attachment":"scroll","background-type":"","background-media":"","overlay-type":"","overlay-color":"","overlay-opacity":"","overlay-gradient":""}},"_joinchat":[]},"product_brand":[],"product_cat":[25,77],"product_tag":[],"class_list":{"0":"post-5160","1":"product","2":"type-product","3":"status-publish","4":"has-post-thumbnail","6":"product_cat-wind-sensor","7":"product_cat-ultrasonic-wind-sensor","8":"desktop-align-left","9":"tablet-align-left","10":"mobile-align-left","12":"first","13":"instock","14":"shipping-taxable","15":"purchasable","16":"product-type-simple"},"jetpack_sharing_enabled":true,"_links":{"self":[{"href":"https:\/\/ecosentec.com\/es\/wp-json\/wp\/v2\/product\/5160","targetHints":{"allow":["GET"]}}],"collection":[{"href":"https:\/\/ecosentec.com\/es\/wp-json\/wp\/v2\/product"}],"about":[{"href":"https:\/\/ecosentec.com\/es\/wp-json\/wp\/v2\/types\/product"}],"version-history":[{"count":3,"href":"https:\/\/ecosentec.com\/es\/wp-json\/wp\/v2\/product\/5160\/revisions"}],"predecessor-version":[{"id":6025,"href":"https:\/\/ecosentec.com\/es\/wp-json\/wp\/v2\/product\/5160\/revisions\/6025"}],"wp:featuredmedia":[{"embeddable":true,"href":"https:\/\/ecosentec.com\/es\/wp-json\/wp\/v2\/media\/6024"}],"wp:attachment":[{"href":"https:\/\/ecosentec.com\/es\/wp-json\/wp\/v2\/media?parent=5160"}],"wp:term":[{"taxonomy":"product_brand","embeddable":true,"href":"https:\/\/ecosentec.com\/es\/wp-json\/wp\/v2\/product_brand?post=5160"},{"taxonomy":"product_cat","embeddable":true,"href":"https:\/\/ecosentec.com\/es\/wp-json\/wp\/v2\/product_cat?post=5160"},{"taxonomy":"product_tag","embeddable":true,"href":"https:\/\/ecosentec.com\/es\/wp-json\/wp\/v2\/product_tag?post=5160"}],"curies":[{"name":"wp","href":"https:\/\/api.w.org\/{rel}","templated":true}]}}