{"id":5157,"date":"2025-03-27T09:00:23","date_gmt":"2025-03-27T09:00:23","guid":{"rendered":"https:\/\/ecosentec.com\/?post_type=product&#038;p=5157"},"modified":"2025-04-01T03:42:59","modified_gmt":"2025-04-01T03:42:59","slug":"sensor-de-velocidad-y-direccion-del-viento","status":"publish","type":"product","link":"https:\/\/ecosentec.com\/es\/producto\/sensor-de-velocidad-y-direccion-del-viento\/","title":{"rendered":"Sensor de velocidad y direcci\u00f3n del viento ES-W304"},"content":{"rendered":"<p class=\"p1\">El sensor de velocidad y direcci\u00f3n del viento de tres copas ES-W304 es un instrumento mec\u00e1nico de medici\u00f3n de velocidad y direcci\u00f3n del viento, desarrollado y producido independientemente por nuestra empresa. Este producto consta de una carcasa, una copa y un m\u00f3dulo de circuito, con un mecanismo interno de conversi\u00f3n fotoel\u00e9ctrica integrado, un procesador industrial de microcomputadora, un generador de corriente est\u00e1ndar, un controlador de corriente, etc.<\/p>\n<p class=\"p1\">El circuito PCB est\u00e1 hecho de material de grado militar, lo que garantiza la estabilidad de los par\u00e1metros y la calidad del rendimiento el\u00e9ctrico; los componentes electr\u00f3nicos est\u00e1n hechos de chips de grado industrial importados, lo que hace que todo el circuito tenga una capacidad de interferencia antielectromagn\u00e9tica extremadamente confiable.<\/p>","protected":false},"excerpt":{"rendered":"<p>El sensor de velocidad y direcci\u00f3n del viento de tres copas ES-W304 es un instrumento mec\u00e1nico de medici\u00f3n de velocidad y direcci\u00f3n del viento, desarrollado y producido independientemente por nuestra empresa. Este producto consta de una carcasa, una copa y un m\u00f3dulo de circuito, con un mecanismo interno de conversi\u00f3n fotoel\u00e9ctrica integrado, un procesador industrial de microcomputadora, un generador de corriente est\u00e1ndar, un controlador de corriente, etc.<\/p>","protected":false},"featured_media":5672,"template":"","meta":{"om_disable_all_campaigns":false,"_monsterinsights_skip_tracking":false,"_monsterinsights_sitenote_active":false,"_monsterinsights_sitenote_note":"","_monsterinsights_sitenote_category":0,"site-sidebar-layout":"default","site-content-layout":"","ast-site-content-layout":"default","site-content-style":"default","site-sidebar-style":"default","ast-global-header-display":"","ast-banner-title-visibility":"","ast-main-header-display":"","ast-hfb-above-header-display":"","ast-hfb-below-header-display":"","ast-hfb-mobile-header-display":"","site-post-title":"","ast-breadcrumbs-content":"","ast-featured-img":"","footer-sml-layout":"","ast-disable-related-posts":"","theme-transparent-header-meta":"default","adv-header-id-meta":"","stick-header-meta":"","header-above-stick-meta":"","header-main-stick-meta":"","header-below-stick-meta":"","astra-migrate-meta-layouts":"set","ast-page-background-enabled":"default","ast-page-background-meta":{"desktop":{"background-color":"","background-image":"","background-repeat":"repeat","background-position":"center center","background-size":"auto","background-attachment":"scroll","background-type":"","background-media":"","overlay-type":"","overlay-color":"","overlay-opacity":"","overlay-gradient":""},"tablet":{"background-color":"","background-image":"","background-repeat":"repeat","background-position":"center center","background-size":"auto","background-attachment":"scroll","background-type":"","background-media":"","overlay-type":"","overlay-color":"","overlay-opacity":"","overlay-gradient":""},"mobile":{"background-color":"","background-image":"","background-repeat":"repeat","background-position":"center center","background-size":"auto","background-attachment":"scroll","background-type":"","background-media":"","overlay-type":"","overlay-color":"","overlay-opacity":"","overlay-gradient":""}},"ast-content-background-meta":{"desktop":{"background-color":"var(--ast-global-color-5)","background-image":"","background-repeat":"repeat","background-position":"center center","background-size":"auto","background-attachment":"scroll","background-type":"","background-media":"","overlay-type":"","overlay-color":"","overlay-opacity":"","overlay-gradient":""},"tablet":{"background-color":"var(--ast-global-color-5)","background-image":"","background-repeat":"repeat","background-position":"center center","background-size":"auto","background-attachment":"scroll","background-type":"","background-media":"","overlay-type":"","overlay-color":"","overlay-opacity":"","overlay-gradient":""},"mobile":{"background-color":"var(--ast-global-color-5)","background-image":"","background-repeat":"repeat","background-position":"center center","background-size":"auto","background-attachment":"scroll","background-type":"","background-media":"","overlay-type":"","overlay-color":"","overlay-opacity":"","overlay-gradient":""}},"_joinchat":[]},"product_brand":[],"product_cat":[25,78],"product_tag":[],"class_list":{"0":"post-5157","1":"product","2":"type-product","3":"status-publish","4":"has-post-thumbnail","6":"product_cat-wind-sensor","7":"product_cat-cup-vane-wind-sensor","8":"desktop-align-left","9":"tablet-align-left","10":"mobile-align-left","12":"first","13":"instock","14":"shipping-taxable","15":"purchasable","16":"product-type-simple"},"jetpack_sharing_enabled":true,"_links":{"self":[{"href":"https:\/\/ecosentec.com\/es\/wp-json\/wp\/v2\/product\/5157","targetHints":{"allow":["GET"]}}],"collection":[{"href":"https:\/\/ecosentec.com\/es\/wp-json\/wp\/v2\/product"}],"about":[{"href":"https:\/\/ecosentec.com\/es\/wp-json\/wp\/v2\/types\/product"}],"version-history":[{"count":2,"href":"https:\/\/ecosentec.com\/es\/wp-json\/wp\/v2\/product\/5157\/revisions"}],"predecessor-version":[{"id":5673,"href":"https:\/\/ecosentec.com\/es\/wp-json\/wp\/v2\/product\/5157\/revisions\/5673"}],"wp:featuredmedia":[{"embeddable":true,"href":"https:\/\/ecosentec.com\/es\/wp-json\/wp\/v2\/media\/5672"}],"wp:attachment":[{"href":"https:\/\/ecosentec.com\/es\/wp-json\/wp\/v2\/media?parent=5157"}],"wp:term":[{"taxonomy":"product_brand","embeddable":true,"href":"https:\/\/ecosentec.com\/es\/wp-json\/wp\/v2\/product_brand?post=5157"},{"taxonomy":"product_cat","embeddable":true,"href":"https:\/\/ecosentec.com\/es\/wp-json\/wp\/v2\/product_cat?post=5157"},{"taxonomy":"product_tag","embeddable":true,"href":"https:\/\/ecosentec.com\/es\/wp-json\/wp\/v2\/product_tag?post=5157"}],"curies":[{"name":"wp","href":"https:\/\/api.w.org\/{rel}","templated":true}]}}