{"id":5155,"date":"2025-03-27T09:00:22","date_gmt":"2025-03-27T09:00:22","guid":{"rendered":"https:\/\/ecosentec.com\/?post_type=product&#038;p=5155"},"modified":"2025-04-10T06:43:07","modified_gmt":"2025-04-10T06:43:07","slug":"sensor-de-velocidad-del-viento-de-copa","status":"publish","type":"product","link":"https:\/\/ecosentec.com\/es\/producto\/sensor-de-velocidad-del-viento-de-copa\/","title":{"rendered":"Sensor de velocidad del viento de copa ES-W200"},"content":{"rendered":"<p class=\"p1\">ES-W200 c<span class=\"s1\">sensor de velocidad del viento ascendente <\/span>Es un instrumento de medici\u00f3n de velocidad del viento desarrollado y producido independientemente por nuestra empresa. Es compatible con instrumentos de medici\u00f3n de velocidad del viento de calefacci\u00f3n personalizados. Los productos de calefacci\u00f3n incorporan sensores de temperatura sensibles y placas calefactoras de alto rendimiento. La carcasa del sensor est\u00e1 fabricada en aluminio, con tolerancias dimensionales m\u00ednimas, alta resistencia a la intemperie, alta resistencia mec\u00e1nica, resistencia a la corrosi\u00f3n y resistencia al agua. Integra internamente un mecanismo de conversi\u00f3n fotoel\u00e9ctrica, un procesador de microcomputadora industrial, un generador de corriente est\u00e1ndar, un controlador de corriente, etc.<br \/>\nEl circuito PCB ES-W200 adopta materiales de grado militar A para garantizar la estabilidad de los par\u00e1metros de medici\u00f3n y el rendimiento el\u00e9ctrico; los componentes electr\u00f3nicos son chips importados de grado industrial, lo que hace que la capacidad general de interferencia antielectromagn\u00e9tica sea extremadamente confiable y puede garantizar que el host est\u00e9 en -30 \u2103 ~ 75 \u2103, el rango de humedad 5% ~ 95%RH (sin condensaci\u00f3n) puede funcionar normalmente.<\/p>\n<p class=\"p1\">Este producto es ampliamente utilizado en invernaderos, protecci\u00f3n ambiental, estaciones meteorol\u00f3gicas, maquinaria de ingenier\u00eda, barcos, muelles, acuicultura y otras mediciones de velocidad del viento ambientales.<\/p>","protected":false},"excerpt":{"rendered":"<p>ES-W200 c<span class=\"s1\">sensor de velocidad del viento ascendente <\/span>Es un instrumento de medici\u00f3n de velocidad del viento desarrollado y producido independientemente por nuestra empresa. Es compatible con instrumentos de medici\u00f3n de velocidad del viento de calefacci\u00f3n personalizados. Los productos de calefacci\u00f3n incorporan sensores de temperatura sensibles y placas calefactoras de alto rendimiento. La carcasa del sensor est\u00e1 fabricada en aluminio, con tolerancias dimensionales m\u00ednimas, alta resistencia a la intemperie, alta resistencia mec\u00e1nica, resistencia a la corrosi\u00f3n y resistencia al agua. Integra internamente un mecanismo de conversi\u00f3n fotoel\u00e9ctrica, un procesador de microcomputadora industrial, un generador de corriente est\u00e1ndar, un controlador de corriente, etc.<\/p>","protected":false},"featured_media":6008,"template":"","meta":{"om_disable_all_campaigns":false,"_monsterinsights_skip_tracking":false,"_monsterinsights_sitenote_active":false,"_monsterinsights_sitenote_note":"","_monsterinsights_sitenote_category":0,"site-sidebar-layout":"default","site-content-layout":"","ast-site-content-layout":"default","site-content-style":"default","site-sidebar-style":"default","ast-global-header-display":"","ast-banner-title-visibility":"","ast-main-header-display":"","ast-hfb-above-header-display":"","ast-hfb-below-header-display":"","ast-hfb-mobile-header-display":"","site-post-title":"","ast-breadcrumbs-content":"","ast-featured-img":"","footer-sml-layout":"","ast-disable-related-posts":"","theme-transparent-header-meta":"default","adv-header-id-meta":"","stick-header-meta":"","header-above-stick-meta":"","header-main-stick-meta":"","header-below-stick-meta":"","astra-migrate-meta-layouts":"set","ast-page-background-enabled":"default","ast-page-background-meta":{"desktop":{"background-color":"","background-image":"","background-repeat":"repeat","background-position":"center center","background-size":"auto","background-attachment":"scroll","background-type":"","background-media":"","overlay-type":"","overlay-color":"","overlay-opacity":"","overlay-gradient":""},"tablet":{"background-color":"","background-image":"","background-repeat":"repeat","background-position":"center center","background-size":"auto","background-attachment":"scroll","background-type":"","background-media":"","overlay-type":"","overlay-color":"","overlay-opacity":"","overlay-gradient":""},"mobile":{"background-color":"","background-image":"","background-repeat":"repeat","background-position":"center center","background-size":"auto","background-attachment":"scroll","background-type":"","background-media":"","overlay-type":"","overlay-color":"","overlay-opacity":"","overlay-gradient":""}},"ast-content-background-meta":{"desktop":{"background-color":"var(--ast-global-color-5)","background-image":"","background-repeat":"repeat","background-position":"center center","background-size":"auto","background-attachment":"scroll","background-type":"","background-media":"","overlay-type":"","overlay-color":"","overlay-opacity":"","overlay-gradient":""},"tablet":{"background-color":"var(--ast-global-color-5)","background-image":"","background-repeat":"repeat","background-position":"center center","background-size":"auto","background-attachment":"scroll","background-type":"","background-media":"","overlay-type":"","overlay-color":"","overlay-opacity":"","overlay-gradient":""},"mobile":{"background-color":"var(--ast-global-color-5)","background-image":"","background-repeat":"repeat","background-position":"center center","background-size":"auto","background-attachment":"scroll","background-type":"","background-media":"","overlay-type":"","overlay-color":"","overlay-opacity":"","overlay-gradient":""}},"_joinchat":[]},"product_brand":[],"product_cat":[25,78],"product_tag":[],"class_list":{"0":"post-5155","1":"product","2":"type-product","3":"status-publish","4":"has-post-thumbnail","6":"product_cat-wind-sensor","7":"product_cat-cup-vane-wind-sensor","8":"desktop-align-left","9":"tablet-align-left","10":"mobile-align-left","12":"first","13":"instock","14":"shipping-taxable","15":"purchasable","16":"product-type-simple"},"jetpack_sharing_enabled":true,"_links":{"self":[{"href":"https:\/\/ecosentec.com\/es\/wp-json\/wp\/v2\/product\/5155","targetHints":{"allow":["GET"]}}],"collection":[{"href":"https:\/\/ecosentec.com\/es\/wp-json\/wp\/v2\/product"}],"about":[{"href":"https:\/\/ecosentec.com\/es\/wp-json\/wp\/v2\/types\/product"}],"version-history":[{"count":3,"href":"https:\/\/ecosentec.com\/es\/wp-json\/wp\/v2\/product\/5155\/revisions"}],"predecessor-version":[{"id":5651,"href":"https:\/\/ecosentec.com\/es\/wp-json\/wp\/v2\/product\/5155\/revisions\/5651"}],"wp:featuredmedia":[{"embeddable":true,"href":"https:\/\/ecosentec.com\/es\/wp-json\/wp\/v2\/media\/6008"}],"wp:attachment":[{"href":"https:\/\/ecosentec.com\/es\/wp-json\/wp\/v2\/media?parent=5155"}],"wp:term":[{"taxonomy":"product_brand","embeddable":true,"href":"https:\/\/ecosentec.com\/es\/wp-json\/wp\/v2\/product_brand?post=5155"},{"taxonomy":"product_cat","embeddable":true,"href":"https:\/\/ecosentec.com\/es\/wp-json\/wp\/v2\/product_cat?post=5155"},{"taxonomy":"product_tag","embeddable":true,"href":"https:\/\/ecosentec.com\/es\/wp-json\/wp\/v2\/product_tag?post=5155"}],"curies":[{"name":"wp","href":"https:\/\/api.w.org\/{rel}","templated":true}]}}