{"id":5154,"date":"2025-03-27T09:00:22","date_gmt":"2025-03-27T09:00:22","guid":{"rendered":"https:\/\/ecosentec.com\/?post_type=product&#038;p=5154"},"modified":"2025-04-01T03:30:33","modified_gmt":"2025-04-01T03:30:33","slug":"sensor-de-direccion-del-viento","status":"publish","type":"product","link":"https:\/\/ecosentec.com\/es\/producto\/sensor-de-direccion-del-viento\/","title":{"rendered":"Sensor de direcci\u00f3n del viento ES-W300"},"content":{"rendered":"<p class=\"p1\">El sensor de direcci\u00f3n del viento ES-W300 se utiliza para medir el valor de la direcci\u00f3n del viento y convertirlo en se\u00f1al el\u00e9ctrica, que puede transmitirse directamente al equipo de grabaci\u00f3n para su procesamiento.<\/p>\n<p class=\"p1\">La carcasa del sensor est\u00e1 fabricada en aluminio, con una tolerancia dimensional m\u00ednima, alta precisi\u00f3n superficial, alta resistencia a la intemperie, alta resistencia, resistencia a la corrosi\u00f3n y resistencia al agua. El circuito interno est\u00e1 protegido y el sensor en su conjunto se adapta bien a entornos hostiles. El conector del cable es un enchufe militar con buen rendimiento anticorrosivo, lo que garantiza el uso a largo plazo del instrumento y funciona junto con el sistema de rodamientos importado interno para garantizar la precisi\u00f3n de la medici\u00f3n de la direcci\u00f3n del viento.<\/p>","protected":false},"excerpt":{"rendered":"<p>El sensor de direcci\u00f3n del viento ES-W300 se utiliza para medir el valor de la direcci\u00f3n del viento y convertirlo en se\u00f1al el\u00e9ctrica, que puede transmitirse directamente al equipo de grabaci\u00f3n para su procesamiento.<\/p>","protected":false},"featured_media":5663,"template":"","meta":{"om_disable_all_campaigns":false,"_monsterinsights_skip_tracking":false,"_monsterinsights_sitenote_active":false,"_monsterinsights_sitenote_note":"","_monsterinsights_sitenote_category":0,"site-sidebar-layout":"default","site-content-layout":"","ast-site-content-layout":"default","site-content-style":"default","site-sidebar-style":"default","ast-global-header-display":"","ast-banner-title-visibility":"","ast-main-header-display":"","ast-hfb-above-header-display":"","ast-hfb-below-header-display":"","ast-hfb-mobile-header-display":"","site-post-title":"","ast-breadcrumbs-content":"","ast-featured-img":"","footer-sml-layout":"","ast-disable-related-posts":"","theme-transparent-header-meta":"default","adv-header-id-meta":"","stick-header-meta":"","header-above-stick-meta":"","header-main-stick-meta":"","header-below-stick-meta":"","astra-migrate-meta-layouts":"set","ast-page-background-enabled":"default","ast-page-background-meta":{"desktop":{"background-color":"","background-image":"","background-repeat":"repeat","background-position":"center center","background-size":"auto","background-attachment":"scroll","background-type":"","background-media":"","overlay-type":"","overlay-color":"","overlay-opacity":"","overlay-gradient":""},"tablet":{"background-color":"","background-image":"","background-repeat":"repeat","background-position":"center center","background-size":"auto","background-attachment":"scroll","background-type":"","background-media":"","overlay-type":"","overlay-color":"","overlay-opacity":"","overlay-gradient":""},"mobile":{"background-color":"","background-image":"","background-repeat":"repeat","background-position":"center center","background-size":"auto","background-attachment":"scroll","background-type":"","background-media":"","overlay-type":"","overlay-color":"","overlay-opacity":"","overlay-gradient":""}},"ast-content-background-meta":{"desktop":{"background-color":"var(--ast-global-color-5)","background-image":"","background-repeat":"repeat","background-position":"center center","background-size":"auto","background-attachment":"scroll","background-type":"","background-media":"","overlay-type":"","overlay-color":"","overlay-opacity":"","overlay-gradient":""},"tablet":{"background-color":"var(--ast-global-color-5)","background-image":"","background-repeat":"repeat","background-position":"center center","background-size":"auto","background-attachment":"scroll","background-type":"","background-media":"","overlay-type":"","overlay-color":"","overlay-opacity":"","overlay-gradient":""},"mobile":{"background-color":"var(--ast-global-color-5)","background-image":"","background-repeat":"repeat","background-position":"center center","background-size":"auto","background-attachment":"scroll","background-type":"","background-media":"","overlay-type":"","overlay-color":"","overlay-opacity":"","overlay-gradient":""}},"_joinchat":[]},"product_brand":[],"product_cat":[25,78],"product_tag":[],"class_list":{"0":"post-5154","1":"product","2":"type-product","3":"status-publish","4":"has-post-thumbnail","6":"product_cat-wind-sensor","7":"product_cat-cup-vane-wind-sensor","8":"desktop-align-left","9":"tablet-align-left","10":"mobile-align-left","12":"first","13":"instock","14":"shipping-taxable","15":"purchasable","16":"product-type-simple"},"jetpack_sharing_enabled":true,"_links":{"self":[{"href":"https:\/\/ecosentec.com\/es\/wp-json\/wp\/v2\/product\/5154","targetHints":{"allow":["GET"]}}],"collection":[{"href":"https:\/\/ecosentec.com\/es\/wp-json\/wp\/v2\/product"}],"about":[{"href":"https:\/\/ecosentec.com\/es\/wp-json\/wp\/v2\/types\/product"}],"version-history":[{"count":2,"href":"https:\/\/ecosentec.com\/es\/wp-json\/wp\/v2\/product\/5154\/revisions"}],"predecessor-version":[{"id":5664,"href":"https:\/\/ecosentec.com\/es\/wp-json\/wp\/v2\/product\/5154\/revisions\/5664"}],"wp:featuredmedia":[{"embeddable":true,"href":"https:\/\/ecosentec.com\/es\/wp-json\/wp\/v2\/media\/5663"}],"wp:attachment":[{"href":"https:\/\/ecosentec.com\/es\/wp-json\/wp\/v2\/media?parent=5154"}],"wp:term":[{"taxonomy":"product_brand","embeddable":true,"href":"https:\/\/ecosentec.com\/es\/wp-json\/wp\/v2\/product_brand?post=5154"},{"taxonomy":"product_cat","embeddable":true,"href":"https:\/\/ecosentec.com\/es\/wp-json\/wp\/v2\/product_cat?post=5154"},{"taxonomy":"product_tag","embeddable":true,"href":"https:\/\/ecosentec.com\/es\/wp-json\/wp\/v2\/product_tag?post=5154"}],"curies":[{"name":"wp","href":"https:\/\/api.w.org\/{rel}","templated":true}]}}