{"id":5116,"date":"2025-03-27T08:53:16","date_gmt":"2025-03-27T08:53:16","guid":{"rendered":"https:\/\/ecosentec.com\/?post_type=product&#038;p=5116"},"modified":"2025-03-31T10:33:55","modified_gmt":"2025-03-31T10:33:55","slug":"sensor-laser-de-profundidad-de-nieve","status":"publish","type":"product","link":"https:\/\/ecosentec.com\/es\/producto\/sensor-laser-de-profundidad-de-nieve\/","title":{"rendered":"Sensor l\u00e1ser de profundidad de nieve ES-R226L"},"content":{"rendered":"<p class=\"p1\">El transmisor l\u00e1ser de profundidad de nieve ES-R226L adopta el principio de medici\u00f3n l\u00e1ser por m\u00e9todo de fase y es un instrumento digital de medici\u00f3n de profundidad de nieve. El equipo no se ve afectado f\u00e1cilmente por factores ambientales. Basado en la tecnolog\u00eda universal de medici\u00f3n l\u00e1ser, la compensaci\u00f3n de temperatura se utiliza para mejorar la estabilidad del l\u00e1ser, lo que se caracteriza por una alta precisi\u00f3n de medici\u00f3n y una buena estabilidad. Durante nevadas intensas o incluso ventiscas, se puede mantener una buena continuidad de los datos de observaci\u00f3n. El equipo puede conectarse a nuestras estaciones meteorol\u00f3gicas o seleccionarse para la carga en l\u00ednea. Se pueden cargar datos de nevadas en tiempo real, lo que permite a los observadores monitorear la profundidad de la nieve en tiempo real, proporcionando datos de observaci\u00f3n comparativos para el proyecto de &quot;observaci\u00f3n autom\u00e1tica de la profundidad de la nieve&quot;. Los resultados de la observaci\u00f3n son objetivos y continuos, lo que reduce la carga de trabajo de los observadores y mejora a\u00fan m\u00e1s la calidad y la eficiencia de la observaci\u00f3n.<\/p>","protected":false},"excerpt":{"rendered":"<p>El transmisor l\u00e1ser de profundidad de nieve ES-R226L adopta el principio de medici\u00f3n l\u00e1ser por m\u00e9todo de fase y es un instrumento digital de medici\u00f3n de profundidad de nieve. El equipo no se ve afectado f\u00e1cilmente por factores ambientales. Basado en la tecnolog\u00eda universal de medici\u00f3n l\u00e1ser, se utiliza compensaci\u00f3n de temperatura para asegurar la estabilidad t\u00e9rmica del l\u00e1ser, lo que se caracteriza por una alta precisi\u00f3n de medici\u00f3n y una buena estabilidad. Incluso con fuertes nevadas o ventiscas, se puede mantener una buena continuidad de los datos de observaci\u00f3n.<\/p>","protected":false},"featured_media":5636,"template":"","meta":{"om_disable_all_campaigns":false,"_monsterinsights_skip_tracking":false,"_monsterinsights_sitenote_active":false,"_monsterinsights_sitenote_note":"","_monsterinsights_sitenote_category":0,"site-sidebar-layout":"default","site-content-layout":"","ast-site-content-layout":"default","site-content-style":"default","site-sidebar-style":"default","ast-global-header-display":"","ast-banner-title-visibility":"","ast-main-header-display":"","ast-hfb-above-header-display":"","ast-hfb-below-header-display":"","ast-hfb-mobile-header-display":"","site-post-title":"","ast-breadcrumbs-content":"","ast-featured-img":"","footer-sml-layout":"","ast-disable-related-posts":"","theme-transparent-header-meta":"default","adv-header-id-meta":"","stick-header-meta":"","header-above-stick-meta":"","header-main-stick-meta":"","header-below-stick-meta":"","astra-migrate-meta-layouts":"set","ast-page-background-enabled":"default","ast-page-background-meta":{"desktop":{"background-color":"","background-image":"","background-repeat":"repeat","background-position":"center center","background-size":"auto","background-attachment":"scroll","background-type":"","background-media":"","overlay-type":"","overlay-color":"","overlay-opacity":"","overlay-gradient":""},"tablet":{"background-color":"","background-image":"","background-repeat":"repeat","background-position":"center center","background-size":"auto","background-attachment":"scroll","background-type":"","background-media":"","overlay-type":"","overlay-color":"","overlay-opacity":"","overlay-gradient":""},"mobile":{"background-color":"","background-image":"","background-repeat":"repeat","background-position":"center center","background-size":"auto","background-attachment":"scroll","background-type":"","background-media":"","overlay-type":"","overlay-color":"","overlay-opacity":"","overlay-gradient":""}},"ast-content-background-meta":{"desktop":{"background-color":"var(--ast-global-color-5)","background-image":"","background-repeat":"repeat","background-position":"center center","background-size":"auto","background-attachment":"scroll","background-type":"","background-media":"","overlay-type":"","overlay-color":"","overlay-opacity":"","overlay-gradient":""},"tablet":{"background-color":"var(--ast-global-color-5)","background-image":"","background-repeat":"repeat","background-position":"center center","background-size":"auto","background-attachment":"scroll","background-type":"","background-media":"","overlay-type":"","overlay-color":"","overlay-opacity":"","overlay-gradient":""},"mobile":{"background-color":"var(--ast-global-color-5)","background-image":"","background-repeat":"repeat","background-position":"center center","background-size":"auto","background-attachment":"scroll","background-type":"","background-media":"","overlay-type":"","overlay-color":"","overlay-opacity":"","overlay-gradient":""}},"_joinchat":[]},"product_brand":[],"product_cat":[80,82],"product_tag":[],"class_list":{"0":"post-5116","1":"product","2":"type-product","3":"status-publish","4":"has-post-thumbnail","6":"product_cat-precipitation-snow-visibility-sensor","7":"product_cat-snow-sensor","8":"desktop-align-left","9":"tablet-align-left","10":"mobile-align-left","12":"first","13":"instock","14":"shipping-taxable","15":"purchasable","16":"product-type-simple"},"jetpack_sharing_enabled":true,"_links":{"self":[{"href":"https:\/\/ecosentec.com\/es\/wp-json\/wp\/v2\/product\/5116","targetHints":{"allow":["GET"]}}],"collection":[{"href":"https:\/\/ecosentec.com\/es\/wp-json\/wp\/v2\/product"}],"about":[{"href":"https:\/\/ecosentec.com\/es\/wp-json\/wp\/v2\/types\/product"}],"version-history":[{"count":3,"href":"https:\/\/ecosentec.com\/es\/wp-json\/wp\/v2\/product\/5116\/revisions"}],"predecessor-version":[{"id":5641,"href":"https:\/\/ecosentec.com\/es\/wp-json\/wp\/v2\/product\/5116\/revisions\/5641"}],"wp:featuredmedia":[{"embeddable":true,"href":"https:\/\/ecosentec.com\/es\/wp-json\/wp\/v2\/media\/5636"}],"wp:attachment":[{"href":"https:\/\/ecosentec.com\/es\/wp-json\/wp\/v2\/media?parent=5116"}],"wp:term":[{"taxonomy":"product_brand","embeddable":true,"href":"https:\/\/ecosentec.com\/es\/wp-json\/wp\/v2\/product_brand?post=5116"},{"taxonomy":"product_cat","embeddable":true,"href":"https:\/\/ecosentec.com\/es\/wp-json\/wp\/v2\/product_cat?post=5116"},{"taxonomy":"product_tag","embeddable":true,"href":"https:\/\/ecosentec.com\/es\/wp-json\/wp\/v2\/product_tag?post=5116"}],"curies":[{"name":"wp","href":"https:\/\/api.w.org\/{rel}","templated":true}]}}