{"id":5115,"date":"2025-03-27T08:53:16","date_gmt":"2025-03-27T08:53:16","guid":{"rendered":"https:\/\/ecosentec.com\/?post_type=product&#038;p=5115"},"modified":"2025-03-31T09:57:27","modified_gmt":"2025-03-31T09:57:27","slug":"medidor-de-visibilidad-de-vehiculos-aereos-no-tripulados","status":"publish","type":"product","link":"https:\/\/ecosentec.com\/es\/producto\/medidor-de-visibilidad-de-vehiculos-aereos-no-tripulados\/","title":{"rendered":"Medidor de visibilidad para UAV ES-V226W"},"content":{"rendered":"<p class=\"p1\">El medidor de visibilidad ES-V226W pesa solo 110 gramos y est\u00e1 dise\u00f1ado para monitorear y recopilar datos meteorol\u00f3gicos en el aire para aeronaves no tripuladas o peque\u00f1as aeronaves de inspecci\u00f3n no tripuladas.<\/p>\n<p class=\"p1\">El ES-V226W es compacto y cuenta con potentes funciones antiinterferencias electromagn\u00e9ticas y a prueba de polvo. Puede funcionar con normalidad a una altitud de 4000 metros y a -20 \u00b0C.<\/p>\n<p class=\"p1\">El ES-V226W es un medidor de visibilidad de cuatro s\u00faper con un dise\u00f1o ultramini, resistencia al viento ultrabaja, peso ultraligero y consumo de energ\u00eda ultrabajo. Su consumo de energ\u00eda es de tan solo 0,9 vatios, lo que lo hace ideal para plataformas de UAV peque\u00f1os y sistemas de control de vuelo, as\u00ed como para la monitorizaci\u00f3n ambiental con aeronaves.<\/p>","protected":false},"excerpt":{"rendered":"<p>El medidor de visibilidad ES-V226W pesa solo 110 gramos y est\u00e1 dise\u00f1ado para monitorear y recopilar datos meteorol\u00f3gicos en el aire para aeronaves no tripuladas o peque\u00f1as aeronaves de inspecci\u00f3n no tripuladas.<\/p>","protected":false},"featured_media":5149,"template":"","meta":{"om_disable_all_campaigns":false,"_monsterinsights_skip_tracking":false,"_monsterinsights_sitenote_active":false,"_monsterinsights_sitenote_note":"","_monsterinsights_sitenote_category":0,"site-sidebar-layout":"default","site-content-layout":"default","ast-site-content-layout":"default","site-content-style":"default","site-sidebar-style":"default","ast-global-header-display":"","ast-banner-title-visibility":"","ast-main-header-display":"","ast-hfb-above-header-display":"","ast-hfb-below-header-display":"","ast-hfb-mobile-header-display":"","site-post-title":"","ast-breadcrumbs-content":"","ast-featured-img":"","footer-sml-layout":"","ast-disable-related-posts":"","theme-transparent-header-meta":"default","adv-header-id-meta":"","stick-header-meta":"","header-above-stick-meta":"","header-main-stick-meta":"","header-below-stick-meta":"","astra-migrate-meta-layouts":"set","ast-page-background-enabled":"default","ast-page-background-meta":{"desktop":{"background-color":"","background-image":"","background-repeat":"repeat","background-position":"center center","background-size":"auto","background-attachment":"scroll","background-type":"","background-media":"","overlay-type":"","overlay-color":"","overlay-opacity":"","overlay-gradient":""},"tablet":{"background-color":"","background-image":"","background-repeat":"repeat","background-position":"center center","background-size":"auto","background-attachment":"scroll","background-type":"","background-media":"","overlay-type":"","overlay-color":"","overlay-opacity":"","overlay-gradient":""},"mobile":{"background-color":"","background-image":"","background-repeat":"repeat","background-position":"center center","background-size":"auto","background-attachment":"scroll","background-type":"","background-media":"","overlay-type":"","overlay-color":"","overlay-opacity":"","overlay-gradient":""}},"ast-content-background-meta":{"desktop":{"background-color":"var(--ast-global-color-5)","background-image":"","background-repeat":"repeat","background-position":"center center","background-size":"auto","background-attachment":"scroll","background-type":"","background-media":"","overlay-type":"","overlay-color":"","overlay-opacity":"","overlay-gradient":""},"tablet":{"background-color":"var(--ast-global-color-5)","background-image":"","background-repeat":"repeat","background-position":"center center","background-size":"auto","background-attachment":"scroll","background-type":"","background-media":"","overlay-type":"","overlay-color":"","overlay-opacity":"","overlay-gradient":""},"mobile":{"background-color":"var(--ast-global-color-5)","background-image":"","background-repeat":"repeat","background-position":"center center","background-size":"auto","background-attachment":"scroll","background-type":"","background-media":"","overlay-type":"","overlay-color":"","overlay-opacity":"","overlay-gradient":""}},"_joinchat":[]},"product_brand":[],"product_cat":[80,83],"product_tag":[],"class_list":{"0":"post-5115","1":"product","2":"type-product","3":"status-publish","4":"has-post-thumbnail","6":"product_cat-precipitation-snow-visibility-sensor","7":"product_cat-visibility-sensor","8":"desktop-align-left","9":"tablet-align-left","10":"mobile-align-left","12":"first","13":"instock","14":"shipping-taxable","15":"purchasable","16":"product-type-simple"},"jetpack_sharing_enabled":true,"_links":{"self":[{"href":"https:\/\/ecosentec.com\/es\/wp-json\/wp\/v2\/product\/5115","targetHints":{"allow":["GET"]}}],"collection":[{"href":"https:\/\/ecosentec.com\/es\/wp-json\/wp\/v2\/product"}],"about":[{"href":"https:\/\/ecosentec.com\/es\/wp-json\/wp\/v2\/types\/product"}],"version-history":[{"count":2,"href":"https:\/\/ecosentec.com\/es\/wp-json\/wp\/v2\/product\/5115\/revisions"}],"predecessor-version":[{"id":5538,"href":"https:\/\/ecosentec.com\/es\/wp-json\/wp\/v2\/product\/5115\/revisions\/5538"}],"wp:featuredmedia":[{"embeddable":true,"href":"https:\/\/ecosentec.com\/es\/wp-json\/wp\/v2\/media\/5149"}],"wp:attachment":[{"href":"https:\/\/ecosentec.com\/es\/wp-json\/wp\/v2\/media?parent=5115"}],"wp:term":[{"taxonomy":"product_brand","embeddable":true,"href":"https:\/\/ecosentec.com\/es\/wp-json\/wp\/v2\/product_brand?post=5115"},{"taxonomy":"product_cat","embeddable":true,"href":"https:\/\/ecosentec.com\/es\/wp-json\/wp\/v2\/product_cat?post=5115"},{"taxonomy":"product_tag","embeddable":true,"href":"https:\/\/ecosentec.com\/es\/wp-json\/wp\/v2\/product_tag?post=5115"}],"curies":[{"name":"wp","href":"https:\/\/api.w.org\/{rel}","templated":true}]}}