{"id":5081,"date":"2025-03-27T08:52:23","date_gmt":"2025-03-27T08:52:23","guid":{"rendered":"https:\/\/ecosentec.com\/?post_type=product&#038;p=5081"},"modified":"2025-03-31T08:57:35","modified_gmt":"2025-03-31T08:57:35","slug":"sensor-de-evaporacion","status":"publish","type":"product","link":"https:\/\/ecosentec.com\/es\/producto\/sensor-de-evaporacion\/","title":{"rendered":"Sensor de evaporaci\u00f3n ES-R406"},"content":{"rendered":"<p class=\"p1\">El sensor de evaporaci\u00f3n ES-R406 es un instrumento desarrollado por nuestra empresa para observar la evaporaci\u00f3n superficial del agua. Su estructura de acero inoxidable de doble capa evita errores de evaporaci\u00f3n causados por la luz solar directa y aumenta la precisi\u00f3n de la medici\u00f3n. Fabricado en acero inoxidable 304, su elegante dise\u00f1o y resistencia a la corrosi\u00f3n garantizan una larga vida \u00fatil. El uso de sensores digitales se caracteriza por su alta precisi\u00f3n de medici\u00f3n, amplio rango de medici\u00f3n, alta sensibilidad, ausencia de deriva de temperatura y deriva temporal, y un rendimiento estable a largo plazo.<\/p>\n<p class=\"p1\">El equipo adopta el principio de medici\u00f3n de presi\u00f3n y mide el cambio de peso del l\u00edquido en el plato de evaporaci\u00f3n a trav\u00e9s del principio de pesaje, y luego calcula la altura del nivel del l\u00edquido, para obtener el volumen de evaporaci\u00f3n, la medici\u00f3n es m\u00e1s precisa y los datos son m\u00e1s cient\u00edficos; no se ve afectado por la congelaci\u00f3n del l\u00edquido y supera. Al usar el principio ultras\u00f3nico para medir la altura del nivel del l\u00edquido, existen desventajas como medici\u00f3n inexacta al congelarse, f\u00e1cil da\u00f1o del sensor cuando no hay agua y baja precisi\u00f3n de medici\u00f3n.<\/p>","protected":false},"excerpt":{"rendered":"<p>El sensor de evaporaci\u00f3n ES-R406 es un instrumento desarrollado por nuestra empresa para observar la evaporaci\u00f3n superficial del agua. Su estructura de acero inoxidable de doble capa evita errores de evaporaci\u00f3n causados por la luz solar directa y aumenta la precisi\u00f3n de la medici\u00f3n. Fabricado en acero inoxidable 304, su elegante dise\u00f1o y resistencia a la corrosi\u00f3n garantizan una larga vida \u00fatil. El uso de sensores digitales se caracteriza por su alta precisi\u00f3n de medici\u00f3n, amplio rango de medici\u00f3n, alta sensibilidad, ausencia de deriva de temperatura y deriva temporal, y un rendimiento estable a largo plazo.<\/p>","protected":false},"featured_media":5141,"template":"","meta":{"om_disable_all_campaigns":false,"_monsterinsights_skip_tracking":false,"_monsterinsights_sitenote_active":false,"_monsterinsights_sitenote_note":"","_monsterinsights_sitenote_category":0,"site-sidebar-layout":"default","site-content-layout":"default","ast-site-content-layout":"default","site-content-style":"default","site-sidebar-style":"default","ast-global-header-display":"","ast-banner-title-visibility":"","ast-main-header-display":"","ast-hfb-above-header-display":"","ast-hfb-below-header-display":"","ast-hfb-mobile-header-display":"","site-post-title":"","ast-breadcrumbs-content":"","ast-featured-img":"","footer-sml-layout":"","ast-disable-related-posts":"","theme-transparent-header-meta":"default","adv-header-id-meta":"","stick-header-meta":"","header-above-stick-meta":"","header-main-stick-meta":"","header-below-stick-meta":"","astra-migrate-meta-layouts":"set","ast-page-background-enabled":"default","ast-page-background-meta":{"desktop":{"background-color":"","background-image":"","background-repeat":"repeat","background-position":"center center","background-size":"auto","background-attachment":"scroll","background-type":"","background-media":"","overlay-type":"","overlay-color":"","overlay-opacity":"","overlay-gradient":""},"tablet":{"background-color":"","background-image":"","background-repeat":"repeat","background-position":"center center","background-size":"auto","background-attachment":"scroll","background-type":"","background-media":"","overlay-type":"","overlay-color":"","overlay-opacity":"","overlay-gradient":""},"mobile":{"background-color":"","background-image":"","background-repeat":"repeat","background-position":"center center","background-size":"auto","background-attachment":"scroll","background-type":"","background-media":"","overlay-type":"","overlay-color":"","overlay-opacity":"","overlay-gradient":""}},"ast-content-background-meta":{"desktop":{"background-color":"var(--ast-global-color-5)","background-image":"","background-repeat":"repeat","background-position":"center center","background-size":"auto","background-attachment":"scroll","background-type":"","background-media":"","overlay-type":"","overlay-color":"","overlay-opacity":"","overlay-gradient":""},"tablet":{"background-color":"var(--ast-global-color-5)","background-image":"","background-repeat":"repeat","background-position":"center center","background-size":"auto","background-attachment":"scroll","background-type":"","background-media":"","overlay-type":"","overlay-color":"","overlay-opacity":"","overlay-gradient":""},"mobile":{"background-color":"var(--ast-global-color-5)","background-image":"","background-repeat":"repeat","background-position":"center center","background-size":"auto","background-attachment":"scroll","background-type":"","background-media":"","overlay-type":"","overlay-color":"","overlay-opacity":"","overlay-gradient":""}},"_joinchat":[]},"product_brand":[],"product_cat":[80,81],"product_tag":[],"class_list":{"0":"post-5081","1":"product","2":"type-product","3":"status-publish","4":"has-post-thumbnail","6":"product_cat-precipitation-snow-visibility-sensor","7":"product_cat-rain-gauge","8":"desktop-align-left","9":"tablet-align-left","10":"mobile-align-left","12":"first","13":"instock","14":"shipping-taxable","15":"purchasable","16":"product-type-simple"},"jetpack_sharing_enabled":true,"_links":{"self":[{"href":"https:\/\/ecosentec.com\/es\/wp-json\/wp\/v2\/product\/5081","targetHints":{"allow":["GET"]}}],"collection":[{"href":"https:\/\/ecosentec.com\/es\/wp-json\/wp\/v2\/product"}],"about":[{"href":"https:\/\/ecosentec.com\/es\/wp-json\/wp\/v2\/types\/product"}],"version-history":[{"count":2,"href":"https:\/\/ecosentec.com\/es\/wp-json\/wp\/v2\/product\/5081\/revisions"}],"predecessor-version":[{"id":5564,"href":"https:\/\/ecosentec.com\/es\/wp-json\/wp\/v2\/product\/5081\/revisions\/5564"}],"wp:featuredmedia":[{"embeddable":true,"href":"https:\/\/ecosentec.com\/es\/wp-json\/wp\/v2\/media\/5141"}],"wp:attachment":[{"href":"https:\/\/ecosentec.com\/es\/wp-json\/wp\/v2\/media?parent=5081"}],"wp:term":[{"taxonomy":"product_brand","embeddable":true,"href":"https:\/\/ecosentec.com\/es\/wp-json\/wp\/v2\/product_brand?post=5081"},{"taxonomy":"product_cat","embeddable":true,"href":"https:\/\/ecosentec.com\/es\/wp-json\/wp\/v2\/product_cat?post=5081"},{"taxonomy":"product_tag","embeddable":true,"href":"https:\/\/ecosentec.com\/es\/wp-json\/wp\/v2\/product_tag?post=5081"}],"curies":[{"name":"wp","href":"https:\/\/api.w.org\/{rel}","templated":true}]}}