{"id":5079,"date":"2025-03-27T08:52:22","date_gmt":"2025-03-27T08:52:22","guid":{"rendered":"https:\/\/ecosentec.com\/?post_type=product&#038;p=5079"},"modified":"2025-03-31T08:49:52","modified_gmt":"2025-03-31T08:49:52","slug":"pluviometro-de-cubeta-basculante","status":"publish","type":"product","link":"https:\/\/ecosentec.com\/es\/producto\/pluviometro-de-cubeta-basculante\/","title":{"rendered":"Pluvi\u00f3metro de cubeta basculante de acero inoxidable ES-R400"},"content":{"rendered":"<p class=\"p1\">El pluvi\u00f3metro de cubeta basculante ES-R400, fabricado \u00edntegramente en acero inoxidable, presenta un dise\u00f1o en forma de &quot;U&quot; y est\u00e1 fabricado en acero inoxidable engrosado, lo que le confiere una mayor estabilidad. La placa de soporte niveladora se ha mejorado y engrosado para mayor estabilidad. El interruptor de l\u00e1minas incorpora una estructura integrada y la burbuja de nivel cuenta con una base especial, elegante y generosa. El dep\u00f3sito de salida de agua presenta un dise\u00f1o laber\u00edntico y est\u00e1 elevado para evitar salpicaduras de agua de lluvia al voltear la cubeta. El terminal del interruptor de l\u00e1minas est\u00e1 fijado al soporte de la cubeta; la tuerca de ajuste de precisi\u00f3n presenta un dise\u00f1o de moleteado recto para facilitar el ajuste manual in situ. La entrada de lluvia es profunda por defecto, con un filtro cil\u00edndrico en la parte inferior y un filtro envuelto por defecto.<\/p>","protected":false},"excerpt":{"rendered":"<p>El pluvi\u00f3metro de cubeta basculante ES-R400, fabricado \u00edntegramente en acero inoxidable, tiene un dise\u00f1o en forma de &quot;U&quot; y est\u00e1 fabricado con acero inoxidable engrosado, lo que le otorga una mayor estabilidad. La placa de soporte de nivelaci\u00f3n se ha mejorado y engrosado para mayor estabilidad. El interruptor de l\u00e1minas cuenta con una estructura integrada y la burbuja de nivel cuenta con una base especial, elegante y generosa.<\/p>","protected":false},"featured_media":5137,"template":"","meta":{"om_disable_all_campaigns":false,"_monsterinsights_skip_tracking":false,"_monsterinsights_sitenote_active":false,"_monsterinsights_sitenote_note":"","_monsterinsights_sitenote_category":0,"site-sidebar-layout":"default","site-content-layout":"default","ast-site-content-layout":"default","site-content-style":"default","site-sidebar-style":"default","ast-global-header-display":"","ast-banner-title-visibility":"","ast-main-header-display":"","ast-hfb-above-header-display":"","ast-hfb-below-header-display":"","ast-hfb-mobile-header-display":"","site-post-title":"","ast-breadcrumbs-content":"","ast-featured-img":"","footer-sml-layout":"","ast-disable-related-posts":"","theme-transparent-header-meta":"default","adv-header-id-meta":"","stick-header-meta":"","header-above-stick-meta":"","header-main-stick-meta":"","header-below-stick-meta":"","astra-migrate-meta-layouts":"set","ast-page-background-enabled":"default","ast-page-background-meta":{"desktop":{"background-color":"","background-image":"","background-repeat":"repeat","background-position":"center center","background-size":"auto","background-attachment":"scroll","background-type":"","background-media":"","overlay-type":"","overlay-color":"","overlay-opacity":"","overlay-gradient":""},"tablet":{"background-color":"","background-image":"","background-repeat":"repeat","background-position":"center center","background-size":"auto","background-attachment":"scroll","background-type":"","background-media":"","overlay-type":"","overlay-color":"","overlay-opacity":"","overlay-gradient":""},"mobile":{"background-color":"","background-image":"","background-repeat":"repeat","background-position":"center center","background-size":"auto","background-attachment":"scroll","background-type":"","background-media":"","overlay-type":"","overlay-color":"","overlay-opacity":"","overlay-gradient":""}},"ast-content-background-meta":{"desktop":{"background-color":"var(--ast-global-color-5)","background-image":"","background-repeat":"repeat","background-position":"center center","background-size":"auto","background-attachment":"scroll","background-type":"","background-media":"","overlay-type":"","overlay-color":"","overlay-opacity":"","overlay-gradient":""},"tablet":{"background-color":"var(--ast-global-color-5)","background-image":"","background-repeat":"repeat","background-position":"center center","background-size":"auto","background-attachment":"scroll","background-type":"","background-media":"","overlay-type":"","overlay-color":"","overlay-opacity":"","overlay-gradient":""},"mobile":{"background-color":"var(--ast-global-color-5)","background-image":"","background-repeat":"repeat","background-position":"center center","background-size":"auto","background-attachment":"scroll","background-type":"","background-media":"","overlay-type":"","overlay-color":"","overlay-opacity":"","overlay-gradient":""}},"_joinchat":[]},"product_brand":[],"product_cat":[80,81],"product_tag":[],"class_list":{"0":"post-5079","1":"product","2":"type-product","3":"status-publish","4":"has-post-thumbnail","6":"product_cat-precipitation-snow-visibility-sensor","7":"product_cat-rain-gauge","8":"desktop-align-left","9":"tablet-align-left","10":"mobile-align-left","12":"first","13":"instock","14":"shipping-taxable","15":"purchasable","16":"product-type-simple"},"jetpack_sharing_enabled":true,"_links":{"self":[{"href":"https:\/\/ecosentec.com\/es\/wp-json\/wp\/v2\/product\/5079","targetHints":{"allow":["GET"]}}],"collection":[{"href":"https:\/\/ecosentec.com\/es\/wp-json\/wp\/v2\/product"}],"about":[{"href":"https:\/\/ecosentec.com\/es\/wp-json\/wp\/v2\/types\/product"}],"version-history":[{"count":3,"href":"https:\/\/ecosentec.com\/es\/wp-json\/wp\/v2\/product\/5079\/revisions"}],"predecessor-version":[{"id":5553,"href":"https:\/\/ecosentec.com\/es\/wp-json\/wp\/v2\/product\/5079\/revisions\/5553"}],"wp:featuredmedia":[{"embeddable":true,"href":"https:\/\/ecosentec.com\/es\/wp-json\/wp\/v2\/media\/5137"}],"wp:attachment":[{"href":"https:\/\/ecosentec.com\/es\/wp-json\/wp\/v2\/media?parent=5079"}],"wp:term":[{"taxonomy":"product_brand","embeddable":true,"href":"https:\/\/ecosentec.com\/es\/wp-json\/wp\/v2\/product_brand?post=5079"},{"taxonomy":"product_cat","embeddable":true,"href":"https:\/\/ecosentec.com\/es\/wp-json\/wp\/v2\/product_cat?post=5079"},{"taxonomy":"product_tag","embeddable":true,"href":"https:\/\/ecosentec.com\/es\/wp-json\/wp\/v2\/product_tag?post=5079"}],"curies":[{"name":"wp","href":"https:\/\/api.w.org\/{rel}","templated":true}]}}