{"id":5078,"date":"2025-03-27T08:52:22","date_gmt":"2025-03-27T08:52:22","guid":{"rendered":"https:\/\/ecosentec.com\/?post_type=product&#038;p=5078"},"modified":"2025-03-31T10:02:08","modified_gmt":"2025-03-31T10:02:08","slug":"medidor-de-visibilidad","status":"publish","type":"product","link":"https:\/\/ecosentec.com\/es\/producto\/medidor-de-visibilidad\/","title":{"rendered":"Medidor de visibilidad ES-V226VP"},"content":{"rendered":"<p class=\"p1\">La serie ES-V226VP es un medidor de visibilidad meteorol\u00f3gica profesional.<\/p>\n<p class=\"p1\">Utiliza una carcasa de aluminio fundido, robusta y ligera, y se puede instalar en carreteras. Su dise\u00f1o compacto y port\u00e1til permite su instalaci\u00f3n en veh\u00edculos de alta velocidad.<\/p>\n<p class=\"p1\">Tambi\u00e9n puede fabricarse con un cuerpo de acero inoxidable, ideal para entornos h\u00famedos y de alta salinidad, como barcos, plataformas de perforaci\u00f3n y zonas costeras. Adem\u00e1s, para adaptarse al uso en entornos con gases inflamables de alto riesgo, esta serie tambi\u00e9n incluye medidores de visibilidad a prueba de explosiones.<\/p>\n<p class=\"p1\">El medidor de visibilidad de la serie ES-V226VP puede incorporar un m\u00f3dulo de detecci\u00f3n de fen\u00f3menos meteorol\u00f3gicos, que identifica los tipos de precipitaci\u00f3n y nevada, y distingue entre fen\u00f3menos como llovizna, lluvia ligera, lluvia moderada y lluvia intensa. Tambi\u00e9n se pueden utilizar m\u00f3dulos opcionales para medir la intensidad y la acumulaci\u00f3n de precipitaci\u00f3n y nevada, logrando as\u00ed una especialidad y m\u00faltiples funciones.<\/p>\n<p class=\"p1\">Pueden alimentarse con una fuente de alimentaci\u00f3n de 12-30 V CC. La lente \u00f3ptica del instrumento cuenta con un m\u00f3dulo de control autom\u00e1tico de calentamiento y puede funcionar con normalidad incluso en entornos extremos, como el fr\u00edo extremo.<\/p>","protected":false},"excerpt":{"rendered":"<p class=\"p1\">La serie ES-V226VP es un medidor de visibilidad meteorol\u00f3gica profesional. Su cuerpo de aluminio fundido, robusto y ligero, permite su instalaci\u00f3n en carreteras. Su dise\u00f1o compacto y port\u00e1til permite su instalaci\u00f3n en veh\u00edculos de alta velocidad.<\/p>","protected":false},"featured_media":5135,"template":"","meta":{"om_disable_all_campaigns":false,"_monsterinsights_skip_tracking":false,"_monsterinsights_sitenote_active":false,"_monsterinsights_sitenote_note":"","_monsterinsights_sitenote_category":0,"site-sidebar-layout":"default","site-content-layout":"default","ast-site-content-layout":"default","site-content-style":"default","site-sidebar-style":"default","ast-global-header-display":"","ast-banner-title-visibility":"","ast-main-header-display":"","ast-hfb-above-header-display":"","ast-hfb-below-header-display":"","ast-hfb-mobile-header-display":"","site-post-title":"","ast-breadcrumbs-content":"","ast-featured-img":"","footer-sml-layout":"","ast-disable-related-posts":"","theme-transparent-header-meta":"default","adv-header-id-meta":"","stick-header-meta":"","header-above-stick-meta":"","header-main-stick-meta":"","header-below-stick-meta":"","astra-migrate-meta-layouts":"set","ast-page-background-enabled":"default","ast-page-background-meta":{"desktop":{"background-color":"","background-image":"","background-repeat":"repeat","background-position":"center center","background-size":"auto","background-attachment":"scroll","background-type":"","background-media":"","overlay-type":"","overlay-color":"","overlay-opacity":"","overlay-gradient":""},"tablet":{"background-color":"","background-image":"","background-repeat":"repeat","background-position":"center center","background-size":"auto","background-attachment":"scroll","background-type":"","background-media":"","overlay-type":"","overlay-color":"","overlay-opacity":"","overlay-gradient":""},"mobile":{"background-color":"","background-image":"","background-repeat":"repeat","background-position":"center center","background-size":"auto","background-attachment":"scroll","background-type":"","background-media":"","overlay-type":"","overlay-color":"","overlay-opacity":"","overlay-gradient":""}},"ast-content-background-meta":{"desktop":{"background-color":"var(--ast-global-color-5)","background-image":"","background-repeat":"repeat","background-position":"center center","background-size":"auto","background-attachment":"scroll","background-type":"","background-media":"","overlay-type":"","overlay-color":"","overlay-opacity":"","overlay-gradient":""},"tablet":{"background-color":"var(--ast-global-color-5)","background-image":"","background-repeat":"repeat","background-position":"center center","background-size":"auto","background-attachment":"scroll","background-type":"","background-media":"","overlay-type":"","overlay-color":"","overlay-opacity":"","overlay-gradient":""},"mobile":{"background-color":"var(--ast-global-color-5)","background-image":"","background-repeat":"repeat","background-position":"center center","background-size":"auto","background-attachment":"scroll","background-type":"","background-media":"","overlay-type":"","overlay-color":"","overlay-opacity":"","overlay-gradient":""}},"_joinchat":[]},"product_brand":[],"product_cat":[80,83],"product_tag":[],"class_list":{"0":"post-5078","1":"product","2":"type-product","3":"status-publish","4":"has-post-thumbnail","6":"product_cat-precipitation-snow-visibility-sensor","7":"product_cat-visibility-sensor","8":"desktop-align-left","9":"tablet-align-left","10":"mobile-align-left","12":"first","13":"instock","14":"shipping-taxable","15":"purchasable","16":"product-type-simple"},"jetpack_sharing_enabled":true,"_links":{"self":[{"href":"https:\/\/ecosentec.com\/es\/wp-json\/wp\/v2\/product\/5078","targetHints":{"allow":["GET"]}}],"collection":[{"href":"https:\/\/ecosentec.com\/es\/wp-json\/wp\/v2\/product"}],"about":[{"href":"https:\/\/ecosentec.com\/es\/wp-json\/wp\/v2\/types\/product"}],"version-history":[{"count":5,"href":"https:\/\/ecosentec.com\/es\/wp-json\/wp\/v2\/product\/5078\/revisions"}],"predecessor-version":[{"id":5613,"href":"https:\/\/ecosentec.com\/es\/wp-json\/wp\/v2\/product\/5078\/revisions\/5613"}],"wp:featuredmedia":[{"embeddable":true,"href":"https:\/\/ecosentec.com\/es\/wp-json\/wp\/v2\/media\/5135"}],"wp:attachment":[{"href":"https:\/\/ecosentec.com\/es\/wp-json\/wp\/v2\/media?parent=5078"}],"wp:term":[{"taxonomy":"product_brand","embeddable":true,"href":"https:\/\/ecosentec.com\/es\/wp-json\/wp\/v2\/product_brand?post=5078"},{"taxonomy":"product_cat","embeddable":true,"href":"https:\/\/ecosentec.com\/es\/wp-json\/wp\/v2\/product_cat?post=5078"},{"taxonomy":"product_tag","embeddable":true,"href":"https:\/\/ecosentec.com\/es\/wp-json\/wp\/v2\/product_tag?post=5078"}],"curies":[{"name":"wp","href":"https:\/\/api.w.org\/{rel}","templated":true}]}}