{"id":5076,"date":"2025-03-27T08:52:22","date_gmt":"2025-03-27T08:52:22","guid":{"rendered":"https:\/\/ecosentec.com\/?post_type=product&#038;p=5076"},"modified":"2025-03-31T10:32:30","modified_gmt":"2025-03-31T10:32:30","slug":"sensor-ultrasonico-de-profundidad-de-nieve","status":"publish","type":"product","link":"https:\/\/ecosentec.com\/es\/producto\/sensor-ultrasonico-de-profundidad-de-nieve\/","title":{"rendered":"Sensor ultras\u00f3nico de profundidad de nieve ES-R226U"},"content":{"rendered":"<p class=\"p1\">El sensor ultras\u00f3nico de profundidad de nieve ES-R226U, que aprovecha las ventajas de diversos instrumentos de medici\u00f3n de nivel, es un sensor universal con un dise\u00f1o totalmente digitalizado y humanizado. Ofrece monitoreo de nivel, transmisi\u00f3n de datos y comunicaci\u00f3n hombre-m\u00e1quina perfectos.<\/p>\n<p class=\"p1\">Se caracteriza por su excelente rendimiento antiinterferente; configuraci\u00f3n libre de l\u00edmites superior e inferior, regulaci\u00f3n de salida en l\u00ednea, indicaci\u00f3n in situ, salida anal\u00f3gica, de valor de conmutaci\u00f3n y RS485 opcionales, y f\u00e1cil conexi\u00f3n con la unidad principal. La cubierta, fabricada en pl\u00e1stico de ingenier\u00eda impermeable, es compacta y resistente, con sonda ABS. Por lo tanto, es aplicable en diversos campos de medici\u00f3n y monitorizaci\u00f3n de nivel. En la pr\u00e1ctica, tambi\u00e9n se pueden a\u00f1adir otros m\u00f3dulos, como RS485 y salida de corriente, para una mejor compatibilidad con PLC.<\/p>","protected":false},"excerpt":{"rendered":"<p>El sensor ultras\u00f3nico de profundidad de nieve ES-R226U, que aprovecha las ventajas de diversos instrumentos de medici\u00f3n de nivel, es un sensor universal con un dise\u00f1o totalmente digitalizado y humanizado. Ofrece monitoreo de nivel, transmisi\u00f3n de datos y comunicaci\u00f3n hombre-m\u00e1quina perfectos.<\/p>","protected":false},"featured_media":5639,"template":"","meta":{"om_disable_all_campaigns":false,"_monsterinsights_skip_tracking":false,"_monsterinsights_sitenote_active":false,"_monsterinsights_sitenote_note":"","_monsterinsights_sitenote_category":0,"site-sidebar-layout":"default","site-content-layout":"default","ast-site-content-layout":"default","site-content-style":"default","site-sidebar-style":"default","ast-global-header-display":"","ast-banner-title-visibility":"","ast-main-header-display":"","ast-hfb-above-header-display":"","ast-hfb-below-header-display":"","ast-hfb-mobile-header-display":"","site-post-title":"","ast-breadcrumbs-content":"","ast-featured-img":"","footer-sml-layout":"","ast-disable-related-posts":"","theme-transparent-header-meta":"default","adv-header-id-meta":"","stick-header-meta":"","header-above-stick-meta":"","header-main-stick-meta":"","header-below-stick-meta":"","astra-migrate-meta-layouts":"set","ast-page-background-enabled":"default","ast-page-background-meta":{"desktop":{"background-color":"","background-image":"","background-repeat":"repeat","background-position":"center center","background-size":"auto","background-attachment":"scroll","background-type":"","background-media":"","overlay-type":"","overlay-color":"","overlay-opacity":"","overlay-gradient":""},"tablet":{"background-color":"","background-image":"","background-repeat":"repeat","background-position":"center center","background-size":"auto","background-attachment":"scroll","background-type":"","background-media":"","overlay-type":"","overlay-color":"","overlay-opacity":"","overlay-gradient":""},"mobile":{"background-color":"","background-image":"","background-repeat":"repeat","background-position":"center center","background-size":"auto","background-attachment":"scroll","background-type":"","background-media":"","overlay-type":"","overlay-color":"","overlay-opacity":"","overlay-gradient":""}},"ast-content-background-meta":{"desktop":{"background-color":"var(--ast-global-color-5)","background-image":"","background-repeat":"repeat","background-position":"center center","background-size":"auto","background-attachment":"scroll","background-type":"","background-media":"","overlay-type":"","overlay-color":"","overlay-opacity":"","overlay-gradient":""},"tablet":{"background-color":"var(--ast-global-color-5)","background-image":"","background-repeat":"repeat","background-position":"center center","background-size":"auto","background-attachment":"scroll","background-type":"","background-media":"","overlay-type":"","overlay-color":"","overlay-opacity":"","overlay-gradient":""},"mobile":{"background-color":"var(--ast-global-color-5)","background-image":"","background-repeat":"repeat","background-position":"center center","background-size":"auto","background-attachment":"scroll","background-type":"","background-media":"","overlay-type":"","overlay-color":"","overlay-opacity":"","overlay-gradient":""}},"_joinchat":[]},"product_brand":[],"product_cat":[80,82],"product_tag":[],"class_list":{"0":"post-5076","1":"product","2":"type-product","3":"status-publish","4":"has-post-thumbnail","6":"product_cat-precipitation-snow-visibility-sensor","7":"product_cat-snow-sensor","8":"desktop-align-left","9":"tablet-align-left","10":"mobile-align-left","12":"first","13":"instock","14":"shipping-taxable","15":"purchasable","16":"product-type-simple"},"jetpack_sharing_enabled":true,"_links":{"self":[{"href":"https:\/\/ecosentec.com\/es\/wp-json\/wp\/v2\/product\/5076","targetHints":{"allow":["GET"]}}],"collection":[{"href":"https:\/\/ecosentec.com\/es\/wp-json\/wp\/v2\/product"}],"about":[{"href":"https:\/\/ecosentec.com\/es\/wp-json\/wp\/v2\/types\/product"}],"version-history":[{"count":2,"href":"https:\/\/ecosentec.com\/es\/wp-json\/wp\/v2\/product\/5076\/revisions"}],"predecessor-version":[{"id":5640,"href":"https:\/\/ecosentec.com\/es\/wp-json\/wp\/v2\/product\/5076\/revisions\/5640"}],"wp:featuredmedia":[{"embeddable":true,"href":"https:\/\/ecosentec.com\/es\/wp-json\/wp\/v2\/media\/5639"}],"wp:attachment":[{"href":"https:\/\/ecosentec.com\/es\/wp-json\/wp\/v2\/media?parent=5076"}],"wp:term":[{"taxonomy":"product_brand","embeddable":true,"href":"https:\/\/ecosentec.com\/es\/wp-json\/wp\/v2\/product_brand?post=5076"},{"taxonomy":"product_cat","embeddable":true,"href":"https:\/\/ecosentec.com\/es\/wp-json\/wp\/v2\/product_cat?post=5076"},{"taxonomy":"product_tag","embeddable":true,"href":"https:\/\/ecosentec.com\/es\/wp-json\/wp\/v2\/product_tag?post=5076"}],"curies":[{"name":"wp","href":"https:\/\/api.w.org\/{rel}","templated":true}]}}